{"id":10451,"date":"2020-01-13T16:32:39","date_gmt":"2020-01-13T19:32:39","guid":{"rendered":"https:\/\/rcteam.com.br\/rcshop\/?page_id=10451"},"modified":"2025-05-01T02:41:06","modified_gmt":"2025-05-01T05:41:06","slug":"home","status":"publish","type":"page","link":"https:\/\/rcteam.com.br\/rcshop\/","title":{"rendered":"Home"},"content":{"rendered":"","protected":false},"excerpt":{"rendered":"","protected":false},"author":1,"featured_media":10681,"parent":0,"menu_order":0,"comment_status":"closed","ping_status":"closed","template":"page-home.php","meta":{"_acf_changed":false,"_seopress_robots_primary_cat":"","_seopress_titles_title":"RCSHOP - Modifica\u00e7\u00f5es de Qualidade para Euro Truck Simulator 2","_seopress_titles_desc":"Caminh\u00f5es, Reboques e o Mapa RCBRASIL voc\u00ea encontra aqui. RCSHOP \u00e9 a loja ofical da Equipe RC. H\u00e1 6 anos criando mods de qualidade.","_seopress_robots_index":"","footnotes":""},"class_list":["post-10451","page","type-page","status-publish","has-post-thumbnail","hentry"],"acf":[],"_links":{"self":[{"href":"https:\/\/rcteam.com.br\/rcshop\/wp-json\/wp\/v2\/pages\/10451","targetHints":{"allow":["GET"]}}],"collection":[{"href":"https:\/\/rcteam.com.br\/rcshop\/wp-json\/wp\/v2\/pages"}],"about":[{"href":"https:\/\/rcteam.com.br\/rcshop\/wp-json\/wp\/v2\/types\/page"}],"author":[{"embeddable":true,"href":"https:\/\/rcteam.com.br\/rcshop\/wp-json\/wp\/v2\/users\/1"}],"replies":[{"embeddable":true,"href":"https:\/\/rcteam.com.br\/rcshop\/wp-json\/wp\/v2\/comments?post=10451"}],"version-history":[{"count":10,"href":"https:\/\/rcteam.com.br\/rcshop\/wp-json\/wp\/v2\/pages\/10451\/revisions"}],"predecessor-version":[{"id":22909,"href":"https:\/\/rcteam.com.br\/rcshop\/wp-json\/wp\/v2\/pages\/10451\/revisions\/22909"}],"wp:featuredmedia":[{"embeddable":true,"href":"https:\/\/rcteam.com.br\/rcshop\/wp-json\/wp\/v2\/media\/10681"}],"wp:attachment":[{"href":"https:\/\/rcteam.com.br\/rcshop\/wp-json\/wp\/v2\/media?parent=10451"}],"curies":[{"name":"wp","href":"https:\/\/api.w.org\/{rel}","templated":true}]}}