{"id":22917,"date":"2025-05-01T12:14:54","date_gmt":"2025-05-01T15:14:54","guid":{"rendered":"https:\/\/rcteam.com.br\/rcshop\/?page_id=22917"},"modified":"2025-08-23T10:31:51","modified_gmt":"2025-08-23T13:31:51","slug":"score-rcshop","status":"publish","type":"page","link":"https:\/\/rcteam.com.br\/rcshop\/score-rcshop\/","title":{"rendered":"Score RCSHOP"},"content":{"rendered":"<h2>O que \u00e9 o Score RCSHOP?<\/h2>\n<p>O Score RCSHOP \u00e9 um sistema de descontos personalizados e condicionais, pensado para valorizar quem j\u00e1 apoia os mods do Mapa RC Brasil para ETS 2.<\/p>\n<p>Ele libera descontos autom\u00e1ticos com base em produtos que voc\u00ea j\u00e1 comprou \u2014 recompensando quem investe nos conte\u00fados e incentiva o crescimento do projeto.<\/p>\n<h2>Como Funciona?<\/h2>\n<p class=\"\" data-start=\"506\" data-end=\"723\">Ao comprar determinados produtos, voc\u00ea <strong data-start=\"545\" data-end=\"597\">desbloqueia automaticamente descontos exclusivos<\/strong> em outros mods da loja.<br data-start=\"621\" data-end=\"624\" \/>Esses descontos s\u00e3o vinculados ao seu <strong data-start=\"662\" data-end=\"686\">hist\u00f3rico de compras<\/strong> e s\u00e3o aplicados de forma autom\u00e1tica.<\/p>\n<p class=\"\" data-start=\"725\" data-end=\"800\">Se voc\u00ea estiver logado com o mesmo e-mail utilizado nas compras anteriores:<\/p>\n<ul data-start=\"802\" data-end=\"939\">\n<li class=\"\" data-start=\"802\" data-end=\"856\">\n<p class=\"\" data-start=\"804\" data-end=\"856\">O desconto ser\u00e1 <strong data-start=\"820\" data-end=\"854\">exibido no carrinho de compras;<\/strong><\/p>\n<\/li>\n<li class=\"\" data-start=\"802\" data-end=\"856\">\n<p class=\"\" data-start=\"804\" data-end=\"856\">E tamb\u00e9m <strong data-start=\"868\" data-end=\"914\">aparecer\u00e1 diretamente na lista de produtos<\/strong>, com o pre\u00e7o j\u00e1 reduzido.<\/p>\n<\/li>\n<\/ul>\n<h2>Por que o Score RCSHOP existe?<\/h2>\n<ul>\n<li class=\"\" data-start=\"158\" data-end=\"221\">\n<p class=\"\" data-start=\"160\" data-end=\"221\"><strong data-start=\"160\" data-end=\"219\">Reconhecer e recompensar quem investe em nosso trabalho;<\/strong><\/p>\n<\/li>\n<li class=\"\" data-start=\"222\" data-end=\"299\">\n<p class=\"\" data-start=\"224\" data-end=\"299\">Reduzir os impactos da pirataria com pre\u00e7os justos para quem j\u00e1 \u00e9 cliente;<\/p>\n<\/li>\n<li class=\"\" data-start=\"300\" data-end=\"361\">\n<p class=\"\" data-start=\"302\" data-end=\"361\">Estimular a compra de novos pacotes com <strong data-start=\"342\" data-end=\"359\">economia real;<\/strong><\/p>\n<\/li>\n<li class=\"\" data-start=\"362\" data-end=\"422\">\n<p class=\"\" data-start=\"364\" data-end=\"422\">Ajudar o projeto a crescer de forma cont\u00ednua e sustent\u00e1vel.<\/p>\n<\/li>\n<\/ul>\n<h2>Como aproveitar seus descontos?<\/h2>\n<ol data-start=\"2630\" data-end=\"2813\">\n<li class=\"\" data-start=\"2630\" data-end=\"2693\">\n<p class=\"\" data-start=\"2633\" data-end=\"2693\">Acesse sua conta com o e-mail usado nas compras anteriores;<\/p>\n<\/li>\n<li class=\"\" data-start=\"2694\" data-end=\"2743\">\n<p class=\"\" data-start=\"2697\" data-end=\"2743\">Adicione os produtos normalmente ao carrinho;<\/p>\n<\/li>\n<li class=\"\" data-start=\"2744\" data-end=\"2813\">\n<p class=\"\" data-start=\"2747\" data-end=\"2813\">O sistema verifica seu hist\u00f3rico e aplica os descontos liberados.<\/p>\n<\/li>\n<\/ol>\n<p class=\"\" data-start=\"2747\" data-end=\"2813\">\u2705 Se voc\u00ea tiver direito a um desconto, ele ser\u00e1 <strong data-start=\"2865\" data-end=\"2904\">exibido automaticamente no carrinho<\/strong> e <strong data-start=\"2907\" data-end=\"2931\">na lista de produtos<\/strong>.<\/p>\n<p data-start=\"2747\" data-end=\"2813\">Nos reservamos o direito de alterar a tabela de descontos e pre\u00e7os a qualquer momento e sem aviso pr\u00e9vio.<\/p>\n<p data-start=\"2747\" data-end=\"2813\">A vers\u00e3o dos Scania Scania L 101 + L 110 + L 111 s\u00e3o para compras de licen\u00e7as permanentes.<\/p>\n<h2>Tabela de Descontos Condicionais<\/h2>\n<p>&nbsp;<\/p>\n<p><img loading=\"lazy\" decoding=\"async\" class=\"alignnone size-medium wp-image-23215\" src=\"https:\/\/rcteam.com.br\/rcshop\/wp-content\/uploads\/2025\/08\/score-rcshop-23-08-2025-800x645.png\" alt=\"Tabela Score RCSHOP maio de 2025\" width=\"800\" height=\"645\" srcset=\"https:\/\/rcteam.com.br\/rcshop\/wp-content\/uploads\/2025\/08\/score-rcshop-23-08-2025-800x645.png 800w, https:\/\/rcteam.com.br\/rcshop\/wp-content\/uploads\/2025\/08\/score-rcshop-23-08-2025-768x620.png 768w, https:\/\/rcteam.com.br\/rcshop\/wp-content\/uploads\/2025\/08\/score-rcshop-23-08-2025-600x484.png 600w, https:\/\/rcteam.com.br\/rcshop\/wp-content\/uploads\/2025\/08\/score-rcshop-23-08-2025.png 802w\" sizes=\"auto, (max-width: 800px) 100vw, 800px\" \/><\/p>\n","protected":false},"excerpt":{"rendered":"<p>O que \u00e9 o Score RCSHOP? O Score RCSHOP \u00e9 um sistema de descontos personalizados e condicionais, pensado para valorizar quem j\u00e1 apoia os mods do Mapa RC Brasil para ETS 2. Ele libera descontos autom\u00e1ticos com base em produtos que voc\u00ea j\u00e1 comprou \u2014 recompensando quem investe nos conte\u00fados e incentiva o crescimento do [&hellip;]<\/p>\n","protected":false},"author":1,"featured_media":0,"parent":0,"menu_order":0,"comment_status":"closed","ping_status":"closed","template":"","meta":{"_acf_changed":false,"_seopress_robots_primary_cat":"","_seopress_titles_title":"","_seopress_titles_desc":"","_seopress_robots_index":"","footnotes":""},"class_list":["post-22917","page","type-page","status-publish","hentry"],"acf":[],"_links":{"self":[{"href":"https:\/\/rcteam.com.br\/rcshop\/wp-json\/wp\/v2\/pages\/22917","targetHints":{"allow":["GET"]}}],"collection":[{"href":"https:\/\/rcteam.com.br\/rcshop\/wp-json\/wp\/v2\/pages"}],"about":[{"href":"https:\/\/rcteam.com.br\/rcshop\/wp-json\/wp\/v2\/types\/page"}],"author":[{"embeddable":true,"href":"https:\/\/rcteam.com.br\/rcshop\/wp-json\/wp\/v2\/users\/1"}],"replies":[{"embeddable":true,"href":"https:\/\/rcteam.com.br\/rcshop\/wp-json\/wp\/v2\/comments?post=22917"}],"version-history":[{"count":7,"href":"https:\/\/rcteam.com.br\/rcshop\/wp-json\/wp\/v2\/pages\/22917\/revisions"}],"predecessor-version":[{"id":23216,"href":"https:\/\/rcteam.com.br\/rcshop\/wp-json\/wp\/v2\/pages\/22917\/revisions\/23216"}],"wp:attachment":[{"href":"https:\/\/rcteam.com.br\/rcshop\/wp-json\/wp\/v2\/media?parent=22917"}],"curies":[{"name":"wp","href":"https:\/\/api.w.org\/{rel}","templated":true}]}}