{"id":11766,"date":"2020-05-28T19:23:50","date_gmt":"2020-05-28T22:23:50","guid":{"rendered":"https:\/\/rcteam.com.br\/rcshop\/?post_type=product&#038;p=11766"},"modified":"2025-05-01T11:15:02","modified_gmt":"2025-05-01T14:15:02","slug":"mercedes-benz-ls-1938-ets-2","status":"publish","type":"product","link":"https:\/\/rcteam.com.br\/rcshop\/produto\/mercedes-benz-ls-1938-ets-2\/","title":{"rendered":"Mercedes-Benz LS 1938 | ETS 2"},"content":{"rendered":"<p>Cabine Semi-avan\u00e7ada e com DNA do melhor caminh\u00e3o da montadora dos anos 90, LS 1935. Assim era apresentado ao mercado o LS 1938 em meados de 1998. O primeiro caminh\u00e3o com gerenciamento eletr\u00f4nico da Mercedes-Benz no Brasil.<\/p>\n<p>Equipado com a primeira gera\u00e7\u00e3o de motores OM 457 LA de 380 cavalos e caixa ZF de duplo H de 16 velocidades, com for\u00e7a de sobra no diferencial HL7 para o trabalho nos mais variados terrenos fazem do LS 1938 um excelente caminh\u00e3o para as estradas brasileiras.<\/p>\n<p>A equipe RC que j\u00e1 produz o modelo LS 1634 e 1632 agora tem a honra de levar at\u00e9 voc\u00ea esse belo caminh\u00e3o para o ETS 2.<\/p>\n<h4>Cabine e Interior:<\/h4>\n<table>\n<thead>\n<tr>\n<td>LS 1938 1998\/2001<\/td>\n<td>LS 1938 2002\/2005<\/td>\n<\/tr>\n<\/thead>\n<tbody>\n<tr>\n<td>HSK (Com Vigias)<\/td>\n<td>HSK (Sem Vigias)<\/td>\n<\/tr>\n<\/tbody>\n<\/table>\n<h4>Chassis:<\/h4>\n<table>\n<thead>\n<tr>\n<td>LS 1938 1998\/2001<\/td>\n<td>LS 1938 2002\/2005<\/td>\n<\/tr>\n<\/thead>\n<tbody>\n<tr>\n<td>4&#215;2 (Vers\u00e3o de F\u00e1brica)<\/td>\n<td>4&#215;2 (Vers\u00e3o de F\u00e1brica)<\/td>\n<\/tr>\n<tr>\n<td>6&#215;2 (Terceiro Eixo)<\/td>\n<td>6&#215;2 (Terceiro Eixo)<\/td>\n<\/tr>\n<\/tbody>\n<\/table>\n<h4>Motores:<\/h4>\n<table>\n<thead>\n<tr>\n<td>LS 1938 1998\/2001<\/td>\n<td>LS 1938 2002\/2005<\/td>\n<\/tr>\n<\/thead>\n<tbody>\n<tr>\n<td>Motor OM 457 LA EURO III &#8211; 380 CV &#8211; Eletr\u00f4nico &#8211; CHIP380<\/td>\n<td>Motor OM 457 LA EURO III &#8211; 380 CV &#8211; Eletr\u00f4nico &#8211; CHIP380<\/td>\n<\/tr>\n<tr>\n<td>Motor OM 457 LA EURO III &#8211; 400 CV &#8211; Eletr\u00f4nico &#8211; CHIP400<\/td>\n<td>Motor OM 457 LA EURO III &#8211; 400 CV &#8211; Eletr\u00f4nico &#8211; CHIP400<\/td>\n<\/tr>\n<\/tbody>\n<\/table>\n<h4>Caixa de Marchas:<\/h4>\n<table>\n<thead>\n<tr>\n<td>LS 1938 1998\/2001<\/td>\n<td>LS 1938 2002\/2005<\/td>\n<\/tr>\n<\/thead>\n<tbody>\n<tr>\n<td>ZF 1650 4 + 4 Marchas + Redu\u00e7\u00e3o (16 Veloc.) \/ Dif: 3.83<\/td>\n<td>ZF 1650 4 + 4 Marchas + Redu\u00e7\u00e3o (16 Veloc.) \/ Dif: 3.43<\/td>\n<\/tr>\n<tr>\n<td>ZF 1650 4 + 4 Marchas + Redu\u00e7\u00e3o (16 Veloc.) \/ Dif: 4.22 Reduzido<\/td>\n<td>ZF 1650 4 + 4 Marchas + Redu\u00e7\u00e3o (16 Veloc.) \/ Dif: 4.22 Reduzido<\/td>\n<\/tr>\n<tr>\n<td>ZF 1650 4 + 4 Marchas + Redu\u00e7\u00e3o (16 Veloc.) \/ Dif: 4.75 Super Reduzido<\/td>\n<td>ZF 1650 4 + 4 Marchas + Redu\u00e7\u00e3o (16 Veloc.) \/ Dif: 4.75 Super Reduzido<\/td>\n<\/tr>\n<\/tbody>\n<\/table>\n<table>\n<thead>\n<tr>\n<td style=\"text-align: left;\">Intera\u00e7\u00e3o com o jogo<\/td>\n<\/tr>\n<\/thead>\n<tbody>\n<tr>\n<td>\n<ul>\n<li style=\"text-align: left;\">Compat\u00edvel com a DLC&#8217;s de acess\u00f3rios da SCS (N\u00e3o inclusa);<\/li>\n<li style=\"text-align: left;\">Customiza\u00e7\u00e3o de pinturas no gerenciador;<\/li>\n<li style=\"text-align: left;\">Diversas Skins de empresas reais<\/li>\n<li style=\"text-align: left;\">5 slots de template skin.<\/li>\n<\/ul>\n<\/td>\n<\/tr>\n<\/tbody>\n<\/table>\n<table>\n<thead>\n<tr>\n<td style=\"text-align: left;\">Acess\u00f3rios e Customiz\u00e1veis: Na Cabine<\/td>\n<\/tr>\n<\/thead>\n<tbody>\n<tr>\n<td>\n<ul>\n<li style=\"text-align: left;\">4 Varia\u00e7\u00f5es de para-choques (Pint\u00e1vel\/Cinza)(Modelo 1634\/1938 com opcional de bigodinho)<\/li>\n<li>1 Varia\u00e7\u00e3o de para-choques Original pint\u00e1vel<\/li>\n<li style=\"text-align: left;\">2 Varia\u00e7\u00f5es de far\u00f3is de milha (Alto\/Baixo)<\/li>\n<li style=\"text-align: left;\">4 varia\u00e7\u00f5es de grade frontal (Nova\/antiga) (Pint\u00e1vel\/Cinza)<\/li>\n<li style=\"text-align: left;\">3 Varia\u00e7\u00f5es de defletor do cap\u00f4<\/li>\n<li style=\"text-align: left;\">4 Varia\u00e7\u00f5es de para-sol (Com\/Sem logo) (Pint\u00e1vel\/Cinza)<\/li>\n<li style=\"text-align: left;\">3 Slots de Foguinho no para-sol (2 op\u00e7\u00f5es de posi\u00e7\u00e3o)<\/li>\n<li style=\"text-align: left;\">1 Slots de letreiro edit\u00e1vel no para-sol (2 posi\u00e7\u00f5es)<\/li>\n<li style=\"text-align: left;\">2 Varia\u00e7\u00f5es de rodoar (4&#215;2 e 6&#215;2) (aberto e fechado)<\/li>\n<li style=\"text-align: left;\">4 Slots de antenas realistas (2 frontais\/2 traseiras)<\/li>\n<li style=\"text-align: left;\">1 Adesivo de vidro edit\u00e1vel<\/li>\n<li style=\"text-align: left;\">2 Modelos de retrovisor (originais e paralelos)<\/li>\n<li style=\"text-align: left;\">2 Slots do boneco da Michelin no retrovisor<\/li>\n<li style=\"text-align: left;\">2 Varia\u00e7\u00f5es de climatizador (Com e sem escada)<\/li>\n<li style=\"text-align: left;\">3 Varia\u00e7\u00f5es de defletor de cabine<\/li>\n<\/ul>\n<\/td>\n<\/tr>\n<\/tbody>\n<\/table>\n<table>\n<thead>\n<tr>\n<td style=\"text-align: left;\">Acess\u00f3rios e Customiz\u00e1veis: No Interior<\/td>\n<\/tr>\n<\/thead>\n<tbody>\n<tr>\n<td style=\"text-align: left;\">\n<ul>\n<li>1 Slot de r\u00e1dio PX no interior<\/li>\n<li>2 Varia\u00e7\u00f5es de cortinas<\/li>\n<li>5 Varia\u00e7\u00f5es de luz de cabine<\/li>\n<li>1 Slot de CD Player no painel<\/li>\n<li>2 Varia\u00e7\u00f5es de cama<\/li>\n<li>2 Varia\u00e7\u00f5es de painel de comando (Com e sem medidos de rodoar)<\/li>\n<\/ul>\n<\/td>\n<\/tr>\n<\/tbody>\n<\/table>\n<table>\n<thead>\n<tr>\n<td style=\"text-align: left;\">Acess\u00f3rios e Customiz\u00e1veis: No Chassis<\/td>\n<\/tr>\n<\/thead>\n<tbody>\n<tr>\n<td style=\"text-align: left;\">\n<ul>\n<li>4 Varia\u00e7\u00f5es de escapamento (Original e diretos cromados)<\/li>\n<li>2 Varia\u00e7\u00f5es de tanques (Pl\u00e1stico originais e Inox)<\/li>\n<li>2 Varia\u00e7\u00f5es de para-lamas traseiros (originais e pint\u00e1veis)<\/li>\n<li>1 Jogo Rodas + cubos originais MB (Incluindo cubo HL7)<\/li>\n<li>14 Varia\u00e7\u00f5es de lameiros traseiros (originais, pintados e edit\u00e1vel)<\/li>\n<li>2 op\u00e7\u00f5es de suporte de mangueiras (Original\/Com tanque hidr\u00e1ulico)<\/li>\n<\/ul>\n<\/td>\n<\/tr>\n<\/tbody>\n<\/table>\n<table>\n<thead>\n<tr>\n<td style=\"text-align: left;\">Compatibilidade<\/td>\n<\/tr>\n<\/thead>\n<tbody>\n<tr>\n<td style=\"text-align: left;\">\n<ul>\n<li>Concession\u00e1ria Mercedes-Benz<\/li>\n<\/ul>\n<\/td>\n<\/tr>\n<\/tbody>\n<tfoot>\n<tr>\n<td>Alguns mods podem mudar as defini\u00e7\u00f5es padr\u00f5es das concession\u00e1rias do jogo sem aviso pr\u00e9vio e pode fazer com que o mod aqui oferecido deixe de funcionar corretamente, tal condi\u00e7\u00e3o n\u00e3o \u00e9\u00a0 de responsabilidade da RCTEAM, ao comprar o mod voc\u00ea concorda com essa condi\u00e7\u00e3o.<\/td>\n<\/tr>\n<tr style=\"background-color: rgba(255,84,85,1.00);\">\n<td>N\u00e3o daremos suporte a conflitos com outros mods de terceiros ou que afetem a estrutura base do jogo Euro truck Simulator 2<\/td>\n<\/tr>\n<\/tfoot>\n<\/table>\n<table>\n<thead>\n<tr>\n<td style=\"text-align: left;\">Prazo de Entrega e Forma de Envio<\/td>\n<\/tr>\n<\/thead>\n<tbody>\n<tr>\n<td style=\"text-align: left;\">\n<ul>\n<li>Em at\u00e9 2 dias \u00fateis ap\u00f3s a confirma\u00e7\u00e3o do pagamento pela empresa administradora de pagamento.<\/li>\n<li>Arquivo digital (Compartilhamento via Google Drive)<\/li>\n<\/ul>\n<\/td>\n<\/tr>\n<\/tbody>\n<tfoot>\n<tr>\n<td><em>Uma Conta Gmail \u00e9 obrigat\u00f3ria para o recebimento do mod.<\/em><\/td>\n<\/tr>\n<\/tfoot>\n<\/table>\n<table>\n<thead>\n<tr>\n<td style=\"text-align: left;\">Normas de uso<\/td>\n<\/tr>\n<\/thead>\n<tbody>\n<tr>\n<td style=\"text-align: left;\">\n<ul>\n<li style=\"list-style-type: none;\">\n<ul>\n<li>Venda apenas para uso individual do comprador. \u00c9 vetada a edi\u00e7\u00e3o, compartilhamento, distribui\u00e7\u00e3o, doa\u00e7\u00e3o, troca ou revenda da modifica\u00e7\u00e3o.<\/li>\n<li>N\u00e3o mudaremos dados de e-mails dos compradores ap\u00f3s o envio. Exceto se o mesmo for cancelado pelo Google e n\u00e3o seja mais poss\u00edvel enviar atualiza\u00e7\u00f5es.<\/li>\n<\/ul>\n<\/li>\n<\/ul>\n<\/td>\n<\/tr>\n<\/tbody>\n<\/table>\n","protected":false},"excerpt":{"rendered":"<p>O LS 1938 tr\u00e1s uma experi\u00eancia de condu\u00e7\u00e3o \u00fanica. SInta a evolu\u00e7\u00e3o do primeiro caminh\u00e3o de gerenciamento eletr\u00f4nico da montadora no Brasil.<\/p>\n<p>Com base em cat\u00e1logos e pesquisas buscamos oferecer o m\u00e1ximo de realismo nos modelos, um interior \u00fanico e acess\u00f3rios diversos far\u00e3o voc\u00ea voltar ao final dos anos 90 em suas viagens no ETS 2.<\/p>\n","protected":false},"featured_media":11767,"template":"","meta":{"_acf_changed":false,"_seopress_robots_primary_cat":"none","_seopress_titles_title":"Mercedes-Bens LS 1938 para ETS 2","_seopress_titles_desc":"Uma experi\u00eancia de condu\u00e7\u00e3o diferenciada fazem do LS 1938 um caminh\u00e3o excelente para a sua simula\u00e7\u00e3o no ETS 2","_seopress_robots_index":""},"product_brand":[],"product_cat":[208],"product_tag":[181,93,94,27,89,92,91,22],"class_list":{"0":"post-11766","1":"product","2":"type-product","3":"status-publish","4":"has-post-thumbnail","6":"product_cat-descontinuados","7":"product_tag-181","8":"product_tag-ets2brasil","9":"product_tag-ets2mods","10":"product_tag-euro-truck-simulator-2","11":"product_tag-mercedes-benz","12":"product_tag-mod","13":"product_tag-truck","14":"product_tag-victor-rodrigues","16":"first","17":"outofstock","18":"shipping-taxable","19":"purchasable","20":"product-type-simple"},"acf":[],"_links":{"self":[{"href":"https:\/\/rcteam.com.br\/rcshop\/wp-json\/wp\/v2\/product\/11766","targetHints":{"allow":["GET"]}}],"collection":[{"href":"https:\/\/rcteam.com.br\/rcshop\/wp-json\/wp\/v2\/product"}],"about":[{"href":"https:\/\/rcteam.com.br\/rcshop\/wp-json\/wp\/v2\/types\/product"}],"wp:featuredmedia":[{"embeddable":true,"href":"https:\/\/rcteam.com.br\/rcshop\/wp-json\/wp\/v2\/media\/11767"}],"wp:attachment":[{"href":"https:\/\/rcteam.com.br\/rcshop\/wp-json\/wp\/v2\/media?parent=11766"}],"wp:term":[{"taxonomy":"product_brand","embeddable":true,"href":"https:\/\/rcteam.com.br\/rcshop\/wp-json\/wp\/v2\/product_brand?post=11766"},{"taxonomy":"product_cat","embeddable":true,"href":"https:\/\/rcteam.com.br\/rcshop\/wp-json\/wp\/v2\/product_cat?post=11766"},{"taxonomy":"product_tag","embeddable":true,"href":"https:\/\/rcteam.com.br\/rcshop\/wp-json\/wp\/v2\/product_tag?post=11766"}],"curies":[{"name":"wp","href":"https:\/\/api.w.org\/{rel}","templated":true}]}}