{"id":14655,"date":"2015-03-18T16:50:01","date_gmt":"2015-03-18T19:50:01","guid":{"rendered":"https:\/\/rcteam.com.br\/rcshop\/?post_type=product&#038;p=14655"},"modified":"2026-01-12T21:40:36","modified_gmt":"2026-01-13T00:40:36","slug":"mercedes-benz-atron-1635-serie-especial-ets-2","status":"publish","type":"product","link":"https:\/\/rcteam.com.br\/rcshop\/produto\/mercedes-benz-atron-1635-serie-especial-ets-2\/","title":{"rendered":"Mercedes-Benz Atron 1635 + S\u00e9rie Especial &#8211; ETS 2"},"content":{"rendered":"<p>Este pacote inclui:<\/p>\n<ul>\n<li><a href=\"https:\/\/rcteam.com.br\/rcshop\/produto\/mercedes-benz-ls-1635-atron-ets-2\/\" target=\"_blank\" rel=\"noopener\">Mercedes-Benz Atron 1635<\/a><\/li>\n<li><a href=\"https:\/\/rcteam.com.br\/rcshop\/produto\/pacote-adicional-edicao-especial-para-mercedes-benz-atron-1635-ets-2\/\" target=\"_blank\" rel=\"noopener\">Pacote Adicional: Edi\u00e7\u00e3o Especial para Mercedes-Benz Atron 1635 &#8211; ETS 2<\/a><\/li>\n<\/ul>\n<table>\n<thead>\n<tr>\n<td style=\"text-align: left;\">Compatibilidade<\/td>\n<\/tr>\n<\/thead>\n<tbody>\n<tr>\n<td style=\"text-align: left;\">\n<ul>\n<li>Concession\u00e1ria Mercedes-Benz<\/li>\n<\/ul>\n<\/td>\n<\/tr>\n<\/tbody>\n<tfoot>\n<tr>\n<td>Alguns mods podem mudar as defini\u00e7\u00f5es padr\u00f5es das concession\u00e1rias do jogo sem aviso pr\u00e9vio e pode fazer com que o mod aqui oferecido deixe de funcionar corretamente, tal condi\u00e7\u00e3o n\u00e3o \u00e9\u00a0 de responsabilidade da RCTEAM, ao comprar o mod voc\u00ea concorda com essa condi\u00e7\u00e3o.<\/td>\n<\/tr>\n<tr style=\"background-color: rgba(255,84,85,1.00);\">\n<td>N\u00e3o daremos suporte a conflitos com outros mods de terceiros ou que afetem a estrutura base do jogo Euro truck Simulator 2<\/td>\n<\/tr>\n<\/tfoot>\n<\/table>\n<table>\n<thead>\n<tr>\n<td style=\"text-align: left;\">Prazo de Entrega e Forma de Envio<\/td>\n<\/tr>\n<\/thead>\n<tbody>\n<tr>\n<td style=\"text-align: left;\">\n<ul>\n<li>Prazo de Pr\u00e9-venda (At\u00e9 dia 18\/04\/2021) e Envios a partir do dia 20\/04\/2021.<\/li>\n<li><span style=\"color: #ececec;\">Em at\u00e9 2 dias \u00fateis ap\u00f3s a confirma\u00e7\u00e3o do pagamento pela empresa administradora de pagamento.<\/span><\/li>\n<li>Arquivo digital (Compartilhamento via Google Drive)<\/li>\n<\/ul>\n<\/td>\n<\/tr>\n<\/tbody>\n<tfoot>\n<tr>\n<td><em>Uma Conta Gmail \u00e9 obrigat\u00f3ria para o recebimento do mod.<\/em><\/td>\n<\/tr>\n<\/tfoot>\n<\/table>\n<table>\n<thead>\n<tr>\n<td style=\"text-align: left;\">Normas de uso<\/td>\n<\/tr>\n<\/thead>\n<tbody>\n<tr>\n<td style=\"text-align: left;\">\n<ul>\n<li>A compra ser\u00e1 apenas confirmada para clientes que tem registros de compra do Mercedes-Benz Atron 1635, caso n\u00e3o seja detectada a compra do mod que torna funcional o add-on, a compra ser\u00e1 cancelada e o dinheiro devolvido de acordo com as normas de cada meio de pagamento.<\/li>\n<li>Venda apenas para uso individual do comprador. \u00c9 vetada a edi\u00e7\u00e3o, compartilhamento, distribui\u00e7\u00e3o, doa\u00e7\u00e3o, troca ou revenda da modifica\u00e7\u00e3o.<\/li>\n<li>N\u00e3o mudaremos dados de e-mails dos compradores ap\u00f3s o envio. Exceto se o mesmo for cancelado pelo Google e n\u00e3o seja mais poss\u00edvel enviar atualiza\u00e7\u00f5es.<\/li>\n<\/ul>\n<\/td>\n<\/tr>\n<\/tbody>\n<\/table>\n","protected":false},"excerpt":{"rendered":"<p>Adquira o Mercedes Benz Atron 1635 e tamb\u00e9m os acess\u00f3rios da S\u00e9rie Especial &#8220;O Caminh\u00e3o que Fez Hist\u00f3ria&#8221;.<\/p>\n","protected":false},"featured_media":14658,"template":"","meta":{"_acf_changed":false,"_seopress_robots_primary_cat":"none","_seopress_titles_title":"","_seopress_titles_desc":"","_seopress_robots_index":""},"product_brand":[],"product_cat":[85],"product_tag":[],"class_list":{"0":"post-14655","1":"product","2":"type-product","3":"status-publish","4":"has-post-thumbnail","6":"product_cat-ofertas","8":"first","9":"outofstock","10":"sale","11":"shipping-taxable","12":"purchasable","13":"product-type-simple"},"acf":[],"_links":{"self":[{"href":"https:\/\/rcteam.com.br\/rcshop\/wp-json\/wp\/v2\/product\/14655","targetHints":{"allow":["GET"]}}],"collection":[{"href":"https:\/\/rcteam.com.br\/rcshop\/wp-json\/wp\/v2\/product"}],"about":[{"href":"https:\/\/rcteam.com.br\/rcshop\/wp-json\/wp\/v2\/types\/product"}],"wp:featuredmedia":[{"embeddable":true,"href":"https:\/\/rcteam.com.br\/rcshop\/wp-json\/wp\/v2\/media\/14658"}],"wp:attachment":[{"href":"https:\/\/rcteam.com.br\/rcshop\/wp-json\/wp\/v2\/media?parent=14655"}],"wp:term":[{"taxonomy":"product_brand","embeddable":true,"href":"https:\/\/rcteam.com.br\/rcshop\/wp-json\/wp\/v2\/product_brand?post=14655"},{"taxonomy":"product_cat","embeddable":true,"href":"https:\/\/rcteam.com.br\/rcshop\/wp-json\/wp\/v2\/product_cat?post=14655"},{"taxonomy":"product_tag","embeddable":true,"href":"https:\/\/rcteam.com.br\/rcshop\/wp-json\/wp\/v2\/product_tag?post=14655"}],"curies":[{"name":"wp","href":"https:\/\/api.w.org\/{rel}","templated":true}]}}