{"id":15203,"date":"2021-04-15T18:26:50","date_gmt":"2021-04-15T21:26:50","guid":{"rendered":"https:\/\/rcteam.com.br\/rcshop\/?post_type=product&#038;p=15203"},"modified":"2025-02-21T15:44:41","modified_gmt":"2025-02-21T18:44:41","slug":"basculante-areia-e-brita-linha-r-2017-randon-ets-2","status":"publish","type":"product","link":"https:\/\/rcteam.com.br\/rcshop\/produto\/basculante-areia-e-brita-linha-r-2017-randon-ets-2\/","title":{"rendered":"Basculante Linha R 2017 Randon &#8211; ETS 2"},"content":{"rendered":"<p>A nossa basculante para transporte de Areia e Brita Randon \u00e9 baseada no modelo da linha de montagem da implementadora brasileira a partir de 2017 e para a cria\u00e7\u00e3o buscamos o m\u00e1ximo de conhecimento sobre o modelo produzido e seu uso, para oferecer mais fidelidade em rela\u00e7\u00e3o ao modelo real e o resultado \u00e9 um mod com um acabamento diferenciado e leve.<\/p>\n<table>\n<thead>\n<tr>\n<td style=\"text-align: left;\">Chassis:<\/td>\n<\/tr>\n<\/thead>\n<tbody>\n<tr>\n<td style=\"text-align: left;\">\n<ul>\n<li>3 Eixos LS<\/li>\n<\/ul>\n<\/td>\n<\/tr>\n<\/tbody>\n<\/table>\n<table>\n<thead>\n<tr>\n<td style=\"text-align: left;\">Caixa de Carga<\/td>\n<\/tr>\n<\/thead>\n<tbody>\n<tr>\n<td style=\"text-align: left;\">\n<ul>\n<li>Basculante de 30m3 &#8211; Ideal para transporte de graneis de alta densidade e pouco volume.<\/li>\n<\/ul>\n<\/td>\n<\/tr>\n<\/tbody>\n<\/table>\n<table>\n<thead>\n<tr>\n<td style=\"text-align: left;\">Varia\u00e7\u00f5es de Cores<\/td>\n<\/tr>\n<\/thead>\n<tbody>\n<tr>\n<td style=\"text-align: left;\">\n<ul>\n<li>Cor edit\u00e1vel padr\u00e3o do game;<\/li>\n<li>Template Skin;<\/li>\n<\/ul>\n<\/td>\n<\/tr>\n<\/tbody>\n<\/table>\n<table>\n<thead>\n<tr>\n<td style=\"text-align: left;\">Acess\u00f3rios<\/td>\n<\/tr>\n<\/thead>\n<tbody>\n<tr>\n<td style=\"text-align: left;\">\n<ul>\n<li>Lameiros fixos e animados;<\/li>\n<li>Lameir\u00e3o fixo;<\/li>\n<li>Protetor de para-lamas;<\/li>\n<li>2 Varia\u00e7\u00f5es de rodo-ar;<\/li>\n<li>3 Varia\u00e7\u00f5es de posi\u00e7\u00e3o de Foguinho.<\/li>\n<\/ul>\n<\/td>\n<\/tr>\n<\/tbody>\n<\/table>\n<table>\n<thead>\n<tr>\n<td style=\"text-align: left;\">Intera\u00e7\u00e3o no game<\/td>\n<\/tr>\n<\/thead>\n<tbody>\n<tr>\n<td style=\"text-align: left;\">\n<ul>\n<li>Compr\u00e1vel;<\/li>\n<li>Varia\u00e7\u00f5es de cargas animadas;<\/li>\n<li>Ativo no tr\u00e1fego;<\/li>\n<li>Dispon\u00edvel no Mercado de fretes*<\/li>\n<li>Dispon\u00edvel nas Cargas r\u00e1pidas*<\/li>\n<\/ul>\n<p><em>*\u00a0 <span style=\"color: #3366ff;\">O mod estar\u00e1 dispon\u00edvel no mercado de frete nas cargas que sejam padr\u00f5es do game e em qualquer mapa que ela esteja sendo usada.<\/span><\/em><\/td>\n<\/tr>\n<\/tbody>\n<\/table>\n<table>\n<thead>\n<tr>\n<td style=\"text-align: left;\">Mod compat\u00edvel com os mapas<\/td>\n<\/tr>\n<\/thead>\n<tbody>\n<tr>\n<td style=\"text-align: left;\">\n<ul>\n<li>RCBRASIL (Todas);<\/li>\n<li>Mapa MHA\u00a0(Cargas Originais do jogo);<\/li>\n<li>ProMods\u00a0(Cargas Originais do jogo);<\/li>\n<li>TSM (Cargas Originais do jogo);<\/li>\n<li>Mapa EAA (Cargas Originais do jogo);<\/li>\n<li>Mapa RBR (Cargas Originais do jogo);<\/li>\n<li>Mapa Eldorado (Cargas Originais do jogo);<\/li>\n<\/ul>\n<p>Os implementos s\u00e3o compr\u00e1veis na loja de reboques e est\u00e1 sob a defini\u00e7\u00e3o DUMP do BODY_TYPE compat\u00edvel com qualquer carga listada no mesmo.<\/p>\n<p><em><strong>Observa\u00e7\u00e3o:<\/strong> <span style=\"color: #3366ff;\">Os mapas podem mudar as suas defini\u00e7\u00f5es de cargas sem aviso pr\u00e9vio e fazer com que o mod deixe de funcionar , tal condi\u00e7\u00e3o \u00e9 de responsabilidade dos editores dos mapas e n\u00e3o da RCTEAM, ao comprar o mod voc\u00ea concorda com essa condi\u00e7\u00e3o.<\/span><\/em><\/td>\n<\/tr>\n<\/tbody>\n<\/table>\n<table>\n<thead>\n<tr>\n<td style=\"text-align: left;\">Prazo de Entrega e Forma de Envio<\/td>\n<\/tr>\n<\/thead>\n<tbody>\n<tr>\n<td style=\"text-align: left;\">\n<ul>\n<li>Em at\u00e9 2 dias \u00fateis ap\u00f3s a confirma\u00e7\u00e3o do pagamento pela empresa administradora de pagamento.<\/li>\n<li>Arquivo digital (Compartilhamento via Google Drive)<\/li>\n<\/ul>\n<\/td>\n<\/tr>\n<\/tbody>\n<tfoot>\n<tr>\n<td><em>Uma Conta Gmail \u00e9 obrigat\u00f3ria para o recebimento do mod.<\/em><\/td>\n<\/tr>\n<\/tfoot>\n<\/table>\n<table>\n<thead>\n<tr>\n<td style=\"text-align: left;\">Normas de uso<\/td>\n<\/tr>\n<\/thead>\n<tbody>\n<tr>\n<td style=\"text-align: left;\">\n<ul>\n<li>Venda apenas para uso individual do comprador. \u00c9 vetada a edi\u00e7\u00e3o, compartilhamento, distribui\u00e7\u00e3o, doa\u00e7\u00e3o, troca ou revenda da modifica\u00e7\u00e3o.<\/li>\n<li>N\u00e3o mudaremos dados de e-mails dos compradores ap\u00f3s o envio. Exceto se o mesmo for cancelado pelo Google e n\u00e3o seja mais poss\u00edvel enviar atualiza\u00e7\u00f5es.<\/li>\n<\/ul>\n<\/td>\n<\/tr>\n<\/tbody>\n<\/table>\n\n\t\t<style type=\"text\/css\">\n\t\t\t#gallery-1 {\n\t\t\t\tmargin: auto;\n\t\t\t}\n\t\t\t#gallery-1 .gallery-item {\n\t\t\t\tfloat: left;\n\t\t\t\tmargin-top: 10px;\n\t\t\t\ttext-align: center;\n\t\t\t\twidth: 16%;\n\t\t\t}\n\t\t\t#gallery-1 img {\n\t\t\t\tborder: 2px solid #cfcfcf;\n\t\t\t}\n\t\t\t#gallery-1 .gallery-caption {\n\t\t\t\tmargin-left: 0;\n\t\t\t}\n\t\t\t\/* see gallery_shortcode() in wp-includes\/media.php *\/\n\t\t<\/style>\n\t\t<div id='gallery-1' class='gallery galleryid-15203 gallery-columns-6 gallery-size-thumbnail'><dl class='gallery-item'>\n\t\t\t<dt class='gallery-icon landscape'>\n\t\t\t\t<a href='https:\/\/rcteam.com.br\/rcshop\/?attachment_id=15211'><img loading=\"lazy\" decoding=\"async\" width=\"400\" height=\"400\" src=\"https:\/\/rcteam.com.br\/rcshop\/wp-content\/uploads\/2021\/04\/cacamba-randon-linha-r-areia-brita-ets2-cargas-1-400x400.jpg\" class=\"attachment-thumbnail size-thumbnail\" alt=\"Cargas Basculante Linha R 2017\" srcset=\"https:\/\/rcteam.com.br\/rcshop\/wp-content\/uploads\/2021\/04\/cacamba-randon-linha-r-areia-brita-ets2-cargas-1-400x400.jpg 400w, https:\/\/rcteam.com.br\/rcshop\/wp-content\/uploads\/2021\/04\/cacamba-randon-linha-r-areia-brita-ets2-cargas-1-300x300.jpg 300w, https:\/\/rcteam.com.br\/rcshop\/wp-content\/uploads\/2021\/04\/cacamba-randon-linha-r-areia-brita-ets2-cargas-1-100x100.jpg 100w\" sizes=\"auto, (max-width: 400px) 100vw, 400px\" \/><\/a>\n\t\t\t<\/dt><\/dl><dl class='gallery-item'>\n\t\t\t<dt class='gallery-icon landscape'>\n\t\t\t\t<a href='https:\/\/rcteam.com.br\/rcshop\/?attachment_id=15222'><img loading=\"lazy\" decoding=\"async\" width=\"400\" height=\"400\" src=\"https:\/\/rcteam.com.br\/rcshop\/wp-content\/uploads\/2021\/04\/cacamba-randon-linha-r-areia-brita-ets2-cargas-12-400x400.jpg\" class=\"attachment-thumbnail size-thumbnail\" alt=\"Cargas Basculante Linha R 2017\" srcset=\"https:\/\/rcteam.com.br\/rcshop\/wp-content\/uploads\/2021\/04\/cacamba-randon-linha-r-areia-brita-ets2-cargas-12-400x400.jpg 400w, https:\/\/rcteam.com.br\/rcshop\/wp-content\/uploads\/2021\/04\/cacamba-randon-linha-r-areia-brita-ets2-cargas-12-300x300.jpg 300w, https:\/\/rcteam.com.br\/rcshop\/wp-content\/uploads\/2021\/04\/cacamba-randon-linha-r-areia-brita-ets2-cargas-12-100x100.jpg 100w\" sizes=\"auto, (max-width: 400px) 100vw, 400px\" \/><\/a>\n\t\t\t<\/dt><\/dl><dl class='gallery-item'>\n\t\t\t<dt class='gallery-icon landscape'>\n\t\t\t\t<a href='https:\/\/rcteam.com.br\/rcshop\/?attachment_id=15221'><img loading=\"lazy\" decoding=\"async\" width=\"400\" height=\"400\" src=\"https:\/\/rcteam.com.br\/rcshop\/wp-content\/uploads\/2021\/04\/cacamba-randon-linha-r-areia-brita-ets2-cargas-11-400x400.jpg\" class=\"attachment-thumbnail size-thumbnail\" alt=\"Cargas Basculante Linha R 2017\" srcset=\"https:\/\/rcteam.com.br\/rcshop\/wp-content\/uploads\/2021\/04\/cacamba-randon-linha-r-areia-brita-ets2-cargas-11-400x400.jpg 400w, https:\/\/rcteam.com.br\/rcshop\/wp-content\/uploads\/2021\/04\/cacamba-randon-linha-r-areia-brita-ets2-cargas-11-300x300.jpg 300w, https:\/\/rcteam.com.br\/rcshop\/wp-content\/uploads\/2021\/04\/cacamba-randon-linha-r-areia-brita-ets2-cargas-11-100x100.jpg 100w\" sizes=\"auto, (max-width: 400px) 100vw, 400px\" \/><\/a>\n\t\t\t<\/dt><\/dl><dl class='gallery-item'>\n\t\t\t<dt class='gallery-icon landscape'>\n\t\t\t\t<a href='https:\/\/rcteam.com.br\/rcshop\/?attachment_id=15220'><img loading=\"lazy\" decoding=\"async\" width=\"400\" height=\"400\" src=\"https:\/\/rcteam.com.br\/rcshop\/wp-content\/uploads\/2021\/04\/cacamba-randon-linha-r-areia-brita-ets2-cargas-10-400x400.jpg\" class=\"attachment-thumbnail size-thumbnail\" alt=\"Cargas Basculante Linha R 2017\" srcset=\"https:\/\/rcteam.com.br\/rcshop\/wp-content\/uploads\/2021\/04\/cacamba-randon-linha-r-areia-brita-ets2-cargas-10-400x400.jpg 400w, https:\/\/rcteam.com.br\/rcshop\/wp-content\/uploads\/2021\/04\/cacamba-randon-linha-r-areia-brita-ets2-cargas-10-300x300.jpg 300w, https:\/\/rcteam.com.br\/rcshop\/wp-content\/uploads\/2021\/04\/cacamba-randon-linha-r-areia-brita-ets2-cargas-10-100x100.jpg 100w\" sizes=\"auto, (max-width: 400px) 100vw, 400px\" \/><\/a>\n\t\t\t<\/dt><\/dl><dl class='gallery-item'>\n\t\t\t<dt class='gallery-icon landscape'>\n\t\t\t\t<a href='https:\/\/rcteam.com.br\/rcshop\/?attachment_id=15219'><img loading=\"lazy\" decoding=\"async\" width=\"400\" height=\"400\" src=\"https:\/\/rcteam.com.br\/rcshop\/wp-content\/uploads\/2021\/04\/cacamba-randon-linha-r-areia-brita-ets2-cargas-9-400x400.jpg\" class=\"attachment-thumbnail size-thumbnail\" alt=\"Cargas Basculante Linha R 2017\" srcset=\"https:\/\/rcteam.com.br\/rcshop\/wp-content\/uploads\/2021\/04\/cacamba-randon-linha-r-areia-brita-ets2-cargas-9-400x400.jpg 400w, https:\/\/rcteam.com.br\/rcshop\/wp-content\/uploads\/2021\/04\/cacamba-randon-linha-r-areia-brita-ets2-cargas-9-300x300.jpg 300w, https:\/\/rcteam.com.br\/rcshop\/wp-content\/uploads\/2021\/04\/cacamba-randon-linha-r-areia-brita-ets2-cargas-9-100x100.jpg 100w\" sizes=\"auto, (max-width: 400px) 100vw, 400px\" \/><\/a>\n\t\t\t<\/dt><\/dl><dl class='gallery-item'>\n\t\t\t<dt class='gallery-icon landscape'>\n\t\t\t\t<a href='https:\/\/rcteam.com.br\/rcshop\/?attachment_id=15218'><img loading=\"lazy\" decoding=\"async\" width=\"400\" height=\"400\" src=\"https:\/\/rcteam.com.br\/rcshop\/wp-content\/uploads\/2021\/04\/cacamba-randon-linha-r-areia-brita-ets2-cargas-8-400x400.jpg\" class=\"attachment-thumbnail size-thumbnail\" alt=\"Cargas Basculante Linha R 2017\" srcset=\"https:\/\/rcteam.com.br\/rcshop\/wp-content\/uploads\/2021\/04\/cacamba-randon-linha-r-areia-brita-ets2-cargas-8-400x400.jpg 400w, https:\/\/rcteam.com.br\/rcshop\/wp-content\/uploads\/2021\/04\/cacamba-randon-linha-r-areia-brita-ets2-cargas-8-300x300.jpg 300w, https:\/\/rcteam.com.br\/rcshop\/wp-content\/uploads\/2021\/04\/cacamba-randon-linha-r-areia-brita-ets2-cargas-8-100x100.jpg 100w\" sizes=\"auto, (max-width: 400px) 100vw, 400px\" \/><\/a>\n\t\t\t<\/dt><\/dl><br style=\"clear: both\" \/><dl class='gallery-item'>\n\t\t\t<dt class='gallery-icon landscape'>\n\t\t\t\t<a href='https:\/\/rcteam.com.br\/rcshop\/?attachment_id=15217'><img loading=\"lazy\" decoding=\"async\" width=\"400\" height=\"400\" src=\"https:\/\/rcteam.com.br\/rcshop\/wp-content\/uploads\/2021\/04\/cacamba-randon-linha-r-areia-brita-ets2-cargas-7-400x400.jpg\" class=\"attachment-thumbnail size-thumbnail\" alt=\"Cargas Basculante Linha R 2017\" srcset=\"https:\/\/rcteam.com.br\/rcshop\/wp-content\/uploads\/2021\/04\/cacamba-randon-linha-r-areia-brita-ets2-cargas-7-400x400.jpg 400w, https:\/\/rcteam.com.br\/rcshop\/wp-content\/uploads\/2021\/04\/cacamba-randon-linha-r-areia-brita-ets2-cargas-7-300x300.jpg 300w, https:\/\/rcteam.com.br\/rcshop\/wp-content\/uploads\/2021\/04\/cacamba-randon-linha-r-areia-brita-ets2-cargas-7-100x100.jpg 100w\" sizes=\"auto, (max-width: 400px) 100vw, 400px\" \/><\/a>\n\t\t\t<\/dt><\/dl><dl class='gallery-item'>\n\t\t\t<dt class='gallery-icon landscape'>\n\t\t\t\t<a href='https:\/\/rcteam.com.br\/rcshop\/?attachment_id=15216'><img loading=\"lazy\" decoding=\"async\" width=\"400\" height=\"400\" src=\"https:\/\/rcteam.com.br\/rcshop\/wp-content\/uploads\/2021\/04\/cacamba-randon-linha-r-areia-brita-ets2-cargas-6-400x400.jpg\" class=\"attachment-thumbnail size-thumbnail\" alt=\"Cargas Basculante Linha R 2017\" srcset=\"https:\/\/rcteam.com.br\/rcshop\/wp-content\/uploads\/2021\/04\/cacamba-randon-linha-r-areia-brita-ets2-cargas-6-400x400.jpg 400w, https:\/\/rcteam.com.br\/rcshop\/wp-content\/uploads\/2021\/04\/cacamba-randon-linha-r-areia-brita-ets2-cargas-6-300x300.jpg 300w, https:\/\/rcteam.com.br\/rcshop\/wp-content\/uploads\/2021\/04\/cacamba-randon-linha-r-areia-brita-ets2-cargas-6-100x100.jpg 100w\" sizes=\"auto, (max-width: 400px) 100vw, 400px\" \/><\/a>\n\t\t\t<\/dt><\/dl><dl class='gallery-item'>\n\t\t\t<dt class='gallery-icon landscape'>\n\t\t\t\t<a href='https:\/\/rcteam.com.br\/rcshop\/?attachment_id=15215'><img loading=\"lazy\" decoding=\"async\" width=\"400\" height=\"400\" src=\"https:\/\/rcteam.com.br\/rcshop\/wp-content\/uploads\/2021\/04\/cacamba-randon-linha-r-areia-brita-ets2-cargas-5-400x400.jpg\" class=\"attachment-thumbnail size-thumbnail\" alt=\"Cargas Basculante Linha R 2017\" srcset=\"https:\/\/rcteam.com.br\/rcshop\/wp-content\/uploads\/2021\/04\/cacamba-randon-linha-r-areia-brita-ets2-cargas-5-400x400.jpg 400w, https:\/\/rcteam.com.br\/rcshop\/wp-content\/uploads\/2021\/04\/cacamba-randon-linha-r-areia-brita-ets2-cargas-5-300x300.jpg 300w, https:\/\/rcteam.com.br\/rcshop\/wp-content\/uploads\/2021\/04\/cacamba-randon-linha-r-areia-brita-ets2-cargas-5-100x100.jpg 100w\" sizes=\"auto, (max-width: 400px) 100vw, 400px\" \/><\/a>\n\t\t\t<\/dt><\/dl><dl class='gallery-item'>\n\t\t\t<dt class='gallery-icon landscape'>\n\t\t\t\t<a href='https:\/\/rcteam.com.br\/rcshop\/?attachment_id=15214'><img loading=\"lazy\" decoding=\"async\" width=\"400\" height=\"400\" src=\"https:\/\/rcteam.com.br\/rcshop\/wp-content\/uploads\/2021\/04\/cacamba-randon-linha-r-areia-brita-ets2-cargas-4-400x400.jpg\" class=\"attachment-thumbnail size-thumbnail\" alt=\"Cargas Basculante Linha R 2017\" srcset=\"https:\/\/rcteam.com.br\/rcshop\/wp-content\/uploads\/2021\/04\/cacamba-randon-linha-r-areia-brita-ets2-cargas-4-400x400.jpg 400w, https:\/\/rcteam.com.br\/rcshop\/wp-content\/uploads\/2021\/04\/cacamba-randon-linha-r-areia-brita-ets2-cargas-4-300x300.jpg 300w, https:\/\/rcteam.com.br\/rcshop\/wp-content\/uploads\/2021\/04\/cacamba-randon-linha-r-areia-brita-ets2-cargas-4-100x100.jpg 100w\" sizes=\"auto, (max-width: 400px) 100vw, 400px\" \/><\/a>\n\t\t\t<\/dt><\/dl><dl class='gallery-item'>\n\t\t\t<dt class='gallery-icon landscape'>\n\t\t\t\t<a href='https:\/\/rcteam.com.br\/rcshop\/?attachment_id=15213'><img loading=\"lazy\" decoding=\"async\" width=\"400\" height=\"400\" src=\"https:\/\/rcteam.com.br\/rcshop\/wp-content\/uploads\/2021\/04\/cacamba-randon-linha-r-areia-brita-ets2-cargas-3-400x400.jpg\" class=\"attachment-thumbnail size-thumbnail\" alt=\"Cargas Basculante Linha R 2017\" srcset=\"https:\/\/rcteam.com.br\/rcshop\/wp-content\/uploads\/2021\/04\/cacamba-randon-linha-r-areia-brita-ets2-cargas-3-400x400.jpg 400w, https:\/\/rcteam.com.br\/rcshop\/wp-content\/uploads\/2021\/04\/cacamba-randon-linha-r-areia-brita-ets2-cargas-3-300x300.jpg 300w, https:\/\/rcteam.com.br\/rcshop\/wp-content\/uploads\/2021\/04\/cacamba-randon-linha-r-areia-brita-ets2-cargas-3-100x100.jpg 100w\" sizes=\"auto, (max-width: 400px) 100vw, 400px\" \/><\/a>\n\t\t\t<\/dt><\/dl><dl class='gallery-item'>\n\t\t\t<dt class='gallery-icon landscape'>\n\t\t\t\t<a href='https:\/\/rcteam.com.br\/rcshop\/?attachment_id=15212'><img loading=\"lazy\" decoding=\"async\" width=\"400\" height=\"400\" src=\"https:\/\/rcteam.com.br\/rcshop\/wp-content\/uploads\/2021\/04\/cacamba-randon-linha-r-areia-brita-ets2-cargas-2-400x400.jpg\" class=\"attachment-thumbnail size-thumbnail\" alt=\"Cargas Basculante Linha R 2017\" srcset=\"https:\/\/rcteam.com.br\/rcshop\/wp-content\/uploads\/2021\/04\/cacamba-randon-linha-r-areia-brita-ets2-cargas-2-400x400.jpg 400w, https:\/\/rcteam.com.br\/rcshop\/wp-content\/uploads\/2021\/04\/cacamba-randon-linha-r-areia-brita-ets2-cargas-2-300x300.jpg 300w, https:\/\/rcteam.com.br\/rcshop\/wp-content\/uploads\/2021\/04\/cacamba-randon-linha-r-areia-brita-ets2-cargas-2-100x100.jpg 100w\" sizes=\"auto, (max-width: 400px) 100vw, 400px\" \/><\/a>\n\t\t\t<\/dt><\/dl><br style=\"clear: both\" \/>\n\t\t<\/div>\n\n","protected":false},"excerpt":{"rendered":"<p>Nova basculante para transporte de Areia e Brita Randon modelo 2017 para Euro Truck Simulator 2.<\/p>\n<p>Tenha uma experi\u00eancia diferenciada visitando as obras do mapa RC Brasil e de tantos outros mapas.<\/p>\n","protected":false},"featured_media":15204,"template":"","meta":{"_acf_changed":false,"_seopress_robots_primary_cat":"none","_seopress_titles_title":"Ca\u00e7amba Linha R 2017 Randon - Euro Truck Simulator 2","_seopress_titles_desc":"A linha Furg\u00e3o Carga Seca \u00e9 baseada na linha de montagem da implementadora brasileira entre os anos 2007 e 2010 e est\u00e1 dispon\u00edvel para ETS 2","_seopress_robots_index":""},"product_brand":[],"product_cat":[208],"product_tag":[78,26,67,82,93,94,27,79,92,32,23,25,99,22],"class_list":{"0":"post-15203","1":"product","2":"type-product","3":"status-publish","4":"has-post-thumbnail","6":"product_cat-descontinuados","7":"product_tag-bau","8":"product_tag-carretas","9":"product_tag-ets-2","10":"product_tag-ets2","11":"product_tag-ets2brasil","12":"product_tag-ets2mods","13":"product_tag-euro-truck-simulator-2","14":"product_tag-furgao","15":"product_tag-mod","16":"product_tag-pack-de-reboques","17":"product_tag-pack-reboques","18":"product_tag-randon","19":"product_tag-rcteam","20":"product_tag-victor-rodrigues","22":"first","23":"outofstock","24":"sale","25":"shipping-taxable","26":"purchasable","27":"product-type-simple"},"acf":[],"_links":{"self":[{"href":"https:\/\/rcteam.com.br\/rcshop\/wp-json\/wp\/v2\/product\/15203","targetHints":{"allow":["GET"]}}],"collection":[{"href":"https:\/\/rcteam.com.br\/rcshop\/wp-json\/wp\/v2\/product"}],"about":[{"href":"https:\/\/rcteam.com.br\/rcshop\/wp-json\/wp\/v2\/types\/product"}],"wp:featuredmedia":[{"embeddable":true,"href":"https:\/\/rcteam.com.br\/rcshop\/wp-json\/wp\/v2\/media\/15204"}],"wp:attachment":[{"href":"https:\/\/rcteam.com.br\/rcshop\/wp-json\/wp\/v2\/media?parent=15203"}],"wp:term":[{"taxonomy":"product_brand","embeddable":true,"href":"https:\/\/rcteam.com.br\/rcshop\/wp-json\/wp\/v2\/product_brand?post=15203"},{"taxonomy":"product_cat","embeddable":true,"href":"https:\/\/rcteam.com.br\/rcshop\/wp-json\/wp\/v2\/product_cat?post=15203"},{"taxonomy":"product_tag","embeddable":true,"href":"https:\/\/rcteam.com.br\/rcshop\/wp-json\/wp\/v2\/product_tag?post=15203"}],"curies":[{"name":"wp","href":"https:\/\/api.w.org\/{rel}","templated":true}]}}