{"id":16690,"date":"2021-11-15T22:48:33","date_gmt":"2021-11-16T01:48:33","guid":{"rendered":"https:\/\/rcteam.com.br\/rcshop\/?post_type=product&#038;p=16690"},"modified":"2025-05-01T11:15:40","modified_gmt":"2025-05-01T14:15:40","slug":"mercedes-benz-l-2638-e-ls-2638-ets-2","status":"publish","type":"product","link":"https:\/\/rcteam.com.br\/rcshop\/produto\/mercedes-benz-l-2638-e-ls-2638-ets-2\/","title":{"rendered":"Mercedes-Benz L 2638 e LS 2638 | ETS 2"},"content":{"rendered":"<p>Em meados de 1998 a linha HSK recebia o desafio de substituir a linha HPN e com ela veio o lan\u00e7amento do LS 2638 um caminh\u00e3o eletr\u00f4nico de 380cv e trem de for\u00e7a refor\u00e7ado para uso em condi\u00e7\u00f5es adversas e servi\u00e7os dedicados. Em pouco tempo, recebeu a alcunha de \u201cPai do Mato\u201d por ser um caminh\u00e3o extremamente robusto, potente e por n\u00e3o sucumbir aos trechos acidentados do transporte de madeira e plantas de minera\u00e7\u00e3o.<\/p>\n<p>Este \u00e9 um caminh\u00e3o muito esperado pela comunidade do ETS 2 e agora a RCSHOP tem a honra de iniciar a suas vendas. Acredite, as estradas ruins n\u00e3o ser\u00e3o mais um problema.<\/p>\n<h4>Cabine e Interior:<\/h4>\n<table>\n<thead>\n<tr>\n<td>L\/LS 2638 1998\/2001<\/td>\n<td>L\/LS 2638 2002\/2005<\/td>\n<\/tr>\n<\/thead>\n<tbody>\n<tr>\n<td>\u00a0HSK Leito (Com Vigias) Teto baixo<\/td>\n<td>\u00a0HSK Leito (Sem Vigias) Teto baixo<\/td>\n<\/tr>\n<tr>\n<td>\u00a0HSK Leito (Com Vigias) Teto Alto<\/td>\n<td>\u00a0HSK Leito (Sem Vigias) Teto Alto<\/td>\n<\/tr>\n<tr>\n<td>HSK Daycab (Com Vigias)<\/td>\n<td>HSK Daycab (Com Vigias)<\/td>\n<\/tr>\n<\/tbody>\n<\/table>\n<h4>Chassis:<\/h4>\n<table>\n<thead>\n<tr>\n<td>L\/LS 2638 1998\/2001<\/td>\n<td>\u00a0L\/LS 2638 2002\/2005<\/td>\n<\/tr>\n<\/thead>\n<tbody>\n<tr>\n<td>6&#215;4 (LS &#8211; Cavalo Mec\u00e2nico)<\/td>\n<td>6&#215;4 (LS -Cavalo Mec\u00e2nico)<\/td>\n<\/tr>\n<tr>\n<td>6&#215;4 (L &#8211; Plataforma &#8211; Curto)<\/td>\n<td>6&#215;4 (L -Plataforma &#8211; Curto)<\/td>\n<\/tr>\n<tr>\n<td>6&#215;4 (L -Plataforma &#8211; Longo)<\/td>\n<td>6&#215;4 (L -Plataforma &#8211; Longo)<\/td>\n<\/tr>\n<\/tbody>\n<\/table>\n<h4>Motores:<\/h4>\n<table>\n<thead>\n<tr>\n<td>L\/LS 2638 1998\/2001<\/td>\n<td>\u00a0L\/LS 2638 2002\/2005<\/td>\n<\/tr>\n<\/thead>\n<tbody>\n<tr>\n<td>Motor OM 457 LA EURO III &#8211; 380 CV &#8211; Eletr\u00f4nico &#8211; CHIP380<\/td>\n<td>Motor OM 457 LA EURO III &#8211; 380 CV &#8211; Eletr\u00f4nico &#8211; CHIP380<\/td>\n<\/tr>\n<tr>\n<td>Motor OM 457 LA EURO III &#8211; 400 CV &#8211; Eletr\u00f4nico &#8211; CHIP400<\/td>\n<td>Motor OM 457 LA EURO III &#8211; 400 CV &#8211; Eletr\u00f4nico &#8211; CHIP400<\/td>\n<\/tr>\n<tr>\n<td>Motor OM 457 LA EURO III &#8211; 430 CV &#8211; Eletr\u00f4nico &#8211; CHIP430<\/td>\n<td>Motor OM 457 LA EURO III &#8211; 430 CV &#8211; Eletr\u00f4nico &#8211; CHIP430<\/td>\n<\/tr>\n<\/tbody>\n<\/table>\n<h4>Caixa de Marchas:<\/h4>\n<table>\n<thead>\n<tr>\n<td>L\/LS 2638 1998\/2001<\/td>\n<td>\u00a0L\/LS 2638 2002\/2005<\/td>\n<\/tr>\n<\/thead>\n<tbody>\n<tr>\n<td>ZF 1650 4 + 4 Marchas + Redu\u00e7\u00e3o (16 Veloc.) \/ Dif: 3.83<\/td>\n<td>ZF 1650 4 + 4 Marchas + Redu\u00e7\u00e3o (16 Veloc.) \/ Dif: 3.43<\/td>\n<\/tr>\n<tr>\n<td>ZF 1650 4 + 4 Marchas + Redu\u00e7\u00e3o (16 Veloc.) \/ Dif: 4.22 Reduzido<\/td>\n<td>ZF 1650 4 + 4 Marchas + Redu\u00e7\u00e3o (16 Veloc.) \/ Dif: 4.22 Reduzido<\/td>\n<\/tr>\n<tr>\n<td>ZF 1650 4 + 4 Marchas + Redu\u00e7\u00e3o (16 Veloc.) \/ Dif: 4.75 Super Reduzido<\/td>\n<td>ZF 1650 4 + 4 Marchas + Redu\u00e7\u00e3o (16 Veloc.) \/ Dif: 4.75 Super Reduzido<\/td>\n<\/tr>\n<\/tbody>\n<\/table>\n<table>\n<thead>\n<tr>\n<td style=\"text-align: left;\">Intera\u00e7\u00e3o com o jogo<\/td>\n<\/tr>\n<\/thead>\n<tbody>\n<tr>\n<td>\n<ul>\n<li style=\"text-align: left;\">Compat\u00edvel com a DLC&#8217;s de acess\u00f3rios da SCS (N\u00e3o inclusa);<\/li>\n<li style=\"text-align: left;\">Customiza\u00e7\u00e3o de pinturas no gerenciador;<\/li>\n<li style=\"text-align: left;\">Diversas Skins de empresas reais<\/li>\n<li style=\"text-align: left;\">5 slots de template skin.<\/li>\n<\/ul>\n<\/td>\n<\/tr>\n<\/tbody>\n<\/table>\n<table>\n<thead>\n<tr>\n<td style=\"text-align: left;\">Acess\u00f3rios e Customiz\u00e1veis: Na cabine<\/td>\n<\/tr>\n<\/thead>\n<tbody>\n<tr>\n<td>\n<ul>\n<li style=\"text-align: left;\">6 Varia\u00e7\u00f5es de para-choques (On Road e Off Road)(Modelo 1634 e 1938 com opcional de bigodinho inclusos)<\/li>\n<li style=\"text-align: left;\">2 Varia\u00e7\u00f5es de far\u00f3is de milha (Alto\/Baixo)<\/li>\n<li style=\"text-align: left;\">2 varia\u00e7\u00f5es de grade frontal (Pint\u00e1vel\/Cinza)<\/li>\n<li style=\"text-align: left;\">6 varia\u00e7\u00f5es da logo de grade frontal<\/li>\n<li style=\"text-align: left;\">3 Varia\u00e7\u00f5es de defletor do cap\u00f4<\/li>\n<li style=\"text-align: left;\">4 Varia\u00e7\u00f5es de para-sol (Com\/Sem logo) (Pint\u00e1vel\/Cinza)<\/li>\n<li style=\"text-align: left;\">3 Slots de Foguinho no para-sol (2 op\u00e7\u00f5es de posi\u00e7\u00e3o)<\/li>\n<li style=\"text-align: left;\">5 Slots de Foguinho na escada (2 op\u00e7\u00f5es de posi\u00e7\u00e3o)<\/li>\n<li style=\"text-align: left;\">1 Slots de porta chinelo (na escada) (2 op\u00e7\u00f5es de posi\u00e7\u00e3o)<\/li>\n<li style=\"text-align: left;\">1 Slots de letreiro edit\u00e1vel no para-sol (3 posi\u00e7\u00f5es)<\/li>\n<li style=\"text-align: left;\">4 Slots de antenas realistas (2 frontais\/2 traseiras)<\/li>\n<li style=\"text-align: left;\">1 Adesivo de vidro edit\u00e1vel<\/li>\n<li style=\"text-align: left;\">2 Modelos de retrovisor (originais e paralelos)<\/li>\n<li style=\"text-align: left;\">2 Slots do boneco da Michelin no retrovisor<\/li>\n<li style=\"text-align: left;\">3 Varia\u00e7\u00f5es de climatizador (Com e sem escada)<\/li>\n<li style=\"text-align: left;\">4 Varia\u00e7\u00f5es de defletor de cabine (Apenas na vers\u00e3o Leito)<\/li>\n<li style=\"text-align: left;\">Placas de ADR e R\u00f3tulos da ONU (MOPP)<\/li>\n<li style=\"text-align: left;\">2 Slots de buzina a ar (4 tamanhos)<\/li>\n<li style=\"text-align: left;\">2 Varia\u00e7\u00f5es de balizas (Grande e pequena)<\/li>\n<li style=\"text-align: left;\">1 Slot de rastreador<\/li>\n<li style=\"text-align: left;\">1 Slot de refletor na traseira da cabine<\/li>\n<li style=\"text-align: left;\">1 Slot de adesivo da Tara<\/li>\n<\/ul>\n<\/td>\n<\/tr>\n<\/tbody>\n<\/table>\n<table>\n<thead>\n<tr>\n<td style=\"text-align: left;\">Acess\u00f3rios e Customiz\u00e1veis: No Interior<\/td>\n<\/tr>\n<\/thead>\n<tbody>\n<tr>\n<td style=\"text-align: left;\">\n<ul>\n<li>1 Slot de r\u00e1dio PX no interior<\/li>\n<li>2 Varia\u00e7\u00f5es de cortinas<\/li>\n<li>5 Varia\u00e7\u00f5es de luz de cabine<\/li>\n<li>1 Slot de CD Player no painel<\/li>\n<li>2 Varia\u00e7\u00f5es de cama<\/li>\n<li>2 Varia\u00e7\u00f5es de painel de comando (Com e sem medidor de rodoar)<\/li>\n<li>2 Varia\u00e7\u00f5es de volante original (grande e pequeno)<\/li>\n<\/ul>\n<\/td>\n<\/tr>\n<\/tbody>\n<\/table>\n<table>\n<thead>\n<tr>\n<td style=\"text-align: left;\">Acess\u00f3rios e Customiz\u00e1veis: No Chassis<\/td>\n<\/tr>\n<\/thead>\n<tbody>\n<tr>\n<td style=\"text-align: left;\">\n<ul>\n<li>1 Slot para Tanque Hidr\u00e1ulico (Ca\u00e7ambas)<\/li>\n<li>1 Slot para Compressor (Cebol\u00e3o)<\/li>\n<li>1 Slot para tanque auxiliar (12 varia\u00e7\u00f5es)<\/li>\n<li>3 Varia\u00e7\u00f5es de posi\u00e7\u00e3o da lanterna traseira<\/li>\n<li>4 Varia\u00e7\u00f5es de escapamento (Original e diretos cromados)<\/li>\n<li>19 Varia\u00e7\u00f5es de tanques (Pl\u00e1stico originais e Inox)<\/li>\n<li>1 Slot para lameir\u00e3o (13 varia\u00e7\u00f5es)<\/li>\n<li>2 Jogos Rodas + cubos originais MB (Incluindo cubo HL7)<\/li>\n<li>2 Jogos calotas Bepo (3 e 5 pontas)<\/li>\n<li>14 Varia\u00e7\u00f5es de lameiros traseiros (originais, pintados e edit\u00e1vel)<\/li>\n<li style=\"text-align: left;\">5 Varia\u00e7\u00f5es de para-lamas (Cavalo Mec\u00e2nico)<\/li>\n<li style=\"text-align: left;\">4 Varia\u00e7\u00f5es de rodoar (Com e Sem na dianteira) (aberto e fechado)<\/li>\n<li style=\"text-align: left;\">Carroceria Florestal com (3 cargas de madeira)<\/li>\n<li style=\"text-align: left;\">Carroceria Ca\u00e7amba Basculante para minera\u00e7\u00e3o<\/li>\n<\/ul>\n<\/td>\n<\/tr>\n<\/tbody>\n<\/table>\n<table>\n<thead>\n<tr>\n<td style=\"text-align: left;\">Compatibilidade<\/td>\n<\/tr>\n<\/thead>\n<tbody>\n<tr>\n<td style=\"text-align: left;\">\n<ul>\n<li>Concession\u00e1ria Mercedes-Benz<\/li>\n<\/ul>\n<\/td>\n<\/tr>\n<\/tbody>\n<tfoot>\n<tr>\n<td>Alguns mods podem mudar as defini\u00e7\u00f5es padr\u00f5es das concession\u00e1rias do jogo sem aviso pr\u00e9vio e pode fazer com que o mod aqui oferecido deixe de funcionar corretamente, tal condi\u00e7\u00e3o n\u00e3o \u00e9\u00a0 de responsabilidade da RCTEAM, ao comprar o mod voc\u00ea concorda com essa condi\u00e7\u00e3o.<\/td>\n<\/tr>\n<tr style=\"background-color: rgba(255,84,85,1.00);\">\n<td>N\u00e3o daremos suporte a conflitos com outros mods de terceiros ou que afetem a estrutura base do jogo Euro truck Simulator 2<\/td>\n<\/tr>\n<\/tfoot>\n<\/table>\n<table>\n<thead>\n<tr>\n<td style=\"text-align: left;\">Prazo de Entrega e Forma de Envio<\/td>\n<\/tr>\n<\/thead>\n<tbody>\n<tr>\n<td style=\"text-align: left;\">\n<ul>\n<li>Em at\u00e9 2 dias \u00fateis ap\u00f3s a confirma\u00e7\u00e3o do pagamento pela empresa administradora de pagamento.<\/li>\n<li>Arquivo digital (Compartilhamento via Google Drive)<\/li>\n<\/ul>\n<\/td>\n<\/tr>\n<\/tbody>\n<tfoot>\n<tr>\n<td><em>Uma Conta Gmail \u00e9 obrigat\u00f3ria para o recebimento do mod.<\/em><\/td>\n<\/tr>\n<\/tfoot>\n<\/table>\n<table>\n<thead>\n<tr>\n<td style=\"text-align: left;\">Normas de uso<\/td>\n<\/tr>\n<\/thead>\n<tbody>\n<tr>\n<td style=\"text-align: left;\">\n<ul>\n<li>Venda apenas para uso individual do comprador. \u00c9 vetada a edi\u00e7\u00e3o, compartilhamento, distribui\u00e7\u00e3o, doa\u00e7\u00e3o, troca ou revenda da modifica\u00e7\u00e3o.<\/li>\n<li>N\u00e3o mudaremos dados de e-mails dos compradores ap\u00f3s o envio. Exceto se o mesmo for cancelado pelo Google e n\u00e3o seja mais poss\u00edvel enviar atualiza\u00e7\u00f5es.<\/li>\n<\/ul>\n<\/td>\n<\/tr>\n<\/tbody>\n<\/table>\n","protected":false},"excerpt":{"rendered":"<p>Mercedes-Benz L 2638 e LS 2638, o pai do mato, o extra pesado e fora de estrada que mudar\u00e1 o seu conceito de buracos nas estradas do ETS 2.<\/p>\n","protected":false},"featured_media":16694,"template":"","meta":{"_acf_changed":false,"_seopress_robots_primary_cat":"none","_seopress_titles_title":"Mercedes-Benz L 2638 e LS 2638 - ETS 2 - RCSHOP","_seopress_titles_desc":"Linha de fora de estrada da Mercedes-Benz para ETS 2. Baixe agora! O mod mais esperado de 2021 no comunidade do ETS 2.","_seopress_robots_index":""},"product_brand":[],"product_cat":[208],"product_tag":[67,82,93,94,177,178,92,99,124,91],"class_list":{"0":"post-16690","1":"product","2":"type-product","3":"status-publish","4":"has-post-thumbnail","6":"product_cat-descontinuados","7":"product_tag-ets-2","8":"product_tag-ets2","9":"product_tag-ets2brasil","10":"product_tag-ets2mods","11":"product_tag-l-2638","12":"product_tag-ls-2638","13":"product_tag-mod","14":"product_tag-rcteam","15":"product_tag-siebel3d","16":"product_tag-truck","18":"first","19":"outofstock","20":"shipping-taxable","21":"purchasable","22":"product-type-simple"},"acf":[],"_links":{"self":[{"href":"https:\/\/rcteam.com.br\/rcshop\/wp-json\/wp\/v2\/product\/16690","targetHints":{"allow":["GET"]}}],"collection":[{"href":"https:\/\/rcteam.com.br\/rcshop\/wp-json\/wp\/v2\/product"}],"about":[{"href":"https:\/\/rcteam.com.br\/rcshop\/wp-json\/wp\/v2\/types\/product"}],"wp:featuredmedia":[{"embeddable":true,"href":"https:\/\/rcteam.com.br\/rcshop\/wp-json\/wp\/v2\/media\/16694"}],"wp:attachment":[{"href":"https:\/\/rcteam.com.br\/rcshop\/wp-json\/wp\/v2\/media?parent=16690"}],"wp:term":[{"taxonomy":"product_brand","embeddable":true,"href":"https:\/\/rcteam.com.br\/rcshop\/wp-json\/wp\/v2\/product_brand?post=16690"},{"taxonomy":"product_cat","embeddable":true,"href":"https:\/\/rcteam.com.br\/rcshop\/wp-json\/wp\/v2\/product_cat?post=16690"},{"taxonomy":"product_tag","embeddable":true,"href":"https:\/\/rcteam.com.br\/rcshop\/wp-json\/wp\/v2\/product_tag?post=16690"}],"curies":[{"name":"wp","href":"https:\/\/api.w.org\/{rel}","templated":true}]}}