{"id":18116,"date":"2022-06-09T20:41:36","date_gmt":"2022-06-09T23:41:36","guid":{"rendered":"https:\/\/rcteam.com.br\/rcshop\/?post_type=product&#038;p=18116"},"modified":"2025-05-01T11:12:45","modified_gmt":"2025-05-01T14:12:45","slug":"julieta-schiffer-ets-2","status":"publish","type":"product","link":"https:\/\/rcteam.com.br\/rcshop\/produto\/julieta-schiffer-ets-2\/","title":{"rendered":"Julietas Schiffer &#8211; ETS 2"},"content":{"rendered":"<p>As julietas Schiffer s\u00e3o implementos muito conhecidos no manejo da madeira de mata virgem ou de reflorestamento. Um implemento robusto e que agora chega a grade de produtos da RCSHOP.<\/p>\n<p>Um mod muito bem feito, leve e<a href=\"https:\/\/rcteam.com.br\/rcshop\/produto\/mercedes-benz-l-2638-e-ls-2638-ets-2\/\"> <strong>compat\u00edvel com nosso MB L\/LS 2638 e toda linha MB e Volvo RCSHOP<\/strong><\/a>. Confira abaixo os detalhes da modifica\u00e7\u00e3o:<\/p>\n<table>\n<thead>\n<tr>\n<td style=\"text-align: left;\">Chassis &#8211; Engate em caminh\u00f5es do tipo plataforma<\/td>\n<\/tr>\n<\/thead>\n<tbody>\n<tr>\n<td style=\"text-align: left;\">\n<ul>\n<li>2 Eixos com dolly de rala;<\/li>\n<li>3 Eixos com dolly de rala;<\/li>\n<li>4 Eixos com dolly de rala;<\/li>\n<li>Treminh\u00e3o 4 Eixos do dolly de rala.<\/li>\n<\/ul>\n<\/td>\n<\/tr>\n<\/tbody>\n<\/table>\n<table>\n<thead>\n<tr>\n<td style=\"text-align: left;\">Caixa de Carga<\/td>\n<\/tr>\n<\/thead>\n<tbody>\n<tr>\n<td style=\"text-align: left;\">\n<ul>\n<li>Fueiros Florestais (Padr\u00e3o Gaiola)<\/li>\n<\/ul>\n<\/td>\n<\/tr>\n<\/tbody>\n<\/table>\n<table>\n<thead>\n<tr>\n<td style=\"text-align: left;\">Intera\u00e7\u00e3o de carregamento nas empresas do game<\/td>\n<\/tr>\n<\/thead>\n<tbody>\n<tr>\n<td style=\"text-align: left;\">\n<ul>\n<li>Carga de Toras;<\/li>\n<li>Carga de Pinos;<\/li>\n<li>Carga de madeira Serrada;<\/li>\n<\/ul>\n<\/td>\n<\/tr>\n<\/tbody>\n<\/table>\n<table>\n<thead>\n<tr>\n<td style=\"text-align: left;\">Acess\u00f3rios<\/td>\n<\/tr>\n<\/thead>\n<tbody>\n<tr>\n<td style=\"text-align: left;\">\n<ul>\n<li>Rodo-ar;<\/li>\n<li>Protetores laterais;<\/li>\n<li>Rodas duplas e Pneus;<\/li>\n<li>Calotas 3 e 5 Pontas;<\/li>\n<li>Pintura edit\u00e1vel padr\u00e3o SCS;<\/li>\n<li>Skins Padr\u00f5es do tipo do implemento.<\/li>\n<\/ul>\n<\/td>\n<\/tr>\n<\/tbody>\n<\/table>\n<table>\n<thead>\n<tr>\n<td style=\"text-align: left;\">Mod compat\u00edvel com os mapas<\/td>\n<\/tr>\n<\/thead>\n<tbody>\n<tr>\n<td style=\"text-align: left;\">\n<ul>\n<li>Mapas originais do jogo (Todas as Cargas FLORESTAIS);<\/li>\n<li>Mapa RC BRASIL (Todas as Cargas FLORESTAIS);<\/li>\n<li>Outros mapas brasileiros compat\u00edveis com as cargas FLORESTAIS do jogo;<\/li>\n<\/ul>\n<p>Os implementos s\u00e3o compr\u00e1veis na loja de reboques e est\u00e1 sob a defini\u00e7\u00e3o de LOG que faz com que os modelos estejam aptos a carregar todas as cargas de madeira do jogo em diversos mapas. Para saber que ir\u00e1 funcionar no mapa desejado, basta verificar se o FLORESTAL original do game funciona no mapa que quer usar.<\/p>\n<p><em><strong>Observa\u00e7\u00e3o:<\/strong> <span style=\"color: #3366ff;\">Os mapas podem mudar as suas defini\u00e7\u00f5es de cargas sem aviso pr\u00e9vio e fazer com que o pack deixe de funcionar , tal condi\u00e7\u00e3o \u00e9 de responsabilidade dos editores dos mapas e n\u00e3o da RCTEAM, ao comprar o mod voc\u00ea concorda com essa condi\u00e7\u00e3o.<\/span><\/em><\/td>\n<\/tr>\n<\/tbody>\n<\/table>\n<table>\n<thead>\n<tr>\n<td style=\"text-align: left;\">Prazo de Entrega e Forma de Envio<\/td>\n<\/tr>\n<\/thead>\n<tbody>\n<tr>\n<td style=\"text-align: left;\">\n<ul>\n<li>Em at\u00e9 2 dias \u00fateis ap\u00f3s a confirma\u00e7\u00e3o do pagamento pela empresa administradora de pagamento.<\/li>\n<li>Arquivo digital (Compartilhamento via Google Drive)<\/li>\n<\/ul>\n<\/td>\n<\/tr>\n<\/tbody>\n<tfoot>\n<tr>\n<td><em>Uma Conta Gmail \u00e9 obrigat\u00f3ria para o recebimento do mod.<\/em><\/td>\n<\/tr>\n<\/tfoot>\n<\/table>\n<table>\n<thead>\n<tr>\n<td style=\"text-align: left;\">Normas de uso<\/td>\n<\/tr>\n<\/thead>\n<tbody>\n<tr>\n<td style=\"text-align: left;\">\n<ul>\n<li>Venda apenas para uso individual do comprador. \u00c9 vetada a edi\u00e7\u00e3o, compartilhamento, distribui\u00e7\u00e3o, doa\u00e7\u00e3o, troca ou revenda da modifica\u00e7\u00e3o.<\/li>\n<li>N\u00e3o mudaremos dados de e-mails dos compradores ap\u00f3s o envio. Exceto se o mesmo for cancelado pelo Google e n\u00e3o seja mais poss\u00edvel enviar atualiza\u00e7\u00f5es.<\/li>\n<\/ul>\n<\/td>\n<\/tr>\n<\/tbody>\n<\/table>\n<p>&nbsp;<\/p>\n","protected":false},"excerpt":{"rendered":"<p>As julietas Schiffer s\u00e3o implementos muito conhecidos no manejo da madeira de mata virgem ou de reflorestamento. Um implemento robusto e que agora chega a grade de produtos da RCSHOP.<\/p>\n<p>Um mod muito bem feito, leve e compat\u00edvel com nossos caminh\u00f5es r\u00edgidos.<\/p>\n","protected":false},"featured_media":18118,"template":"","meta":{"_acf_changed":false,"_seopress_robots_primary_cat":"none","_seopress_titles_title":"Julieta Florestal Schiffer - Euro Truck Simulator 2 - RCSHOP","_seopress_titles_desc":"Conhe\u00e7a as julietas Florestais Schiffer para Euro Truck Simulator 2. Mod leve, robusto e perfeito para os maiores desafios no seu simulator.","_seopress_robots_index":""},"product_brand":[],"product_cat":[208],"product_tag":[],"class_list":{"0":"post-18116","1":"product","2":"type-product","3":"status-publish","4":"has-post-thumbnail","6":"product_cat-descontinuados","8":"first","9":"outofstock","10":"shipping-taxable","11":"purchasable","12":"product-type-simple"},"acf":[],"_links":{"self":[{"href":"https:\/\/rcteam.com.br\/rcshop\/wp-json\/wp\/v2\/product\/18116","targetHints":{"allow":["GET"]}}],"collection":[{"href":"https:\/\/rcteam.com.br\/rcshop\/wp-json\/wp\/v2\/product"}],"about":[{"href":"https:\/\/rcteam.com.br\/rcshop\/wp-json\/wp\/v2\/types\/product"}],"wp:featuredmedia":[{"embeddable":true,"href":"https:\/\/rcteam.com.br\/rcshop\/wp-json\/wp\/v2\/media\/18118"}],"wp:attachment":[{"href":"https:\/\/rcteam.com.br\/rcshop\/wp-json\/wp\/v2\/media?parent=18116"}],"wp:term":[{"taxonomy":"product_brand","embeddable":true,"href":"https:\/\/rcteam.com.br\/rcshop\/wp-json\/wp\/v2\/product_brand?post=18116"},{"taxonomy":"product_cat","embeddable":true,"href":"https:\/\/rcteam.com.br\/rcshop\/wp-json\/wp\/v2\/product_cat?post=18116"},{"taxonomy":"product_tag","embeddable":true,"href":"https:\/\/rcteam.com.br\/rcshop\/wp-json\/wp\/v2\/product_tag?post=18116"}],"curies":[{"name":"wp","href":"https:\/\/api.w.org\/{rel}","templated":true}]}}