{"id":19010,"date":"2022-10-27T21:26:09","date_gmt":"2022-10-28T00:26:09","guid":{"rendered":"https:\/\/rcteam.com.br\/rcshop\/?post_type=product&#038;p=19010"},"modified":"2026-02-21T11:16:31","modified_gmt":"2026-02-21T14:16:31","slug":"scania-l-101-l-110-l-111-ets-2","status":"publish","type":"product","link":"https:\/\/rcteam.com.br\/rcshop\/produto\/scania-l-101-l-110-l-111-ets-2\/","title":{"rendered":"Scania L 101 + L 110 + L 111 &#8211; ETS 2"},"content":{"rendered":"<p>Scania L 101, L 110 e L 111 para Euro Truck Simulator 2.<\/p>\n<h4>Cabine e Interior:<\/h4>\n<table>\n<thead>\n<tr>\n<td>L 101<\/td>\n<td>L 110<\/td>\n<td>L111<\/td>\n<\/tr>\n<\/thead>\n<tbody>\n<tr>\n<td>Cabine Normal (Daycab)<\/td>\n<td>Cabine Normal (Daycab) &#8230;\/1975<\/td>\n<td>Cabine Normal (Daycab) 1976\/&#8230;<\/td>\n<\/tr>\n<tr>\n<td>&#8211;<\/td>\n<td>Cabine Leito &#8230;\/1975<\/td>\n<td>Cabine Leito 1976\/&#8230;<\/td>\n<\/tr>\n<tr>\n<td>&#8211;<\/td>\n<td>Cabine Normal (Daycab) 1976<\/td>\n<td>&#8211;<\/td>\n<\/tr>\n<tr>\n<td>&#8211;<\/td>\n<td>Cabine Leito 1976<\/td>\n<td>&#8211;<\/td>\n<\/tr>\n<\/tbody>\n<\/table>\n<h4>Chassis:<\/h4>\n<table>\n<thead>\n<tr>\n<td>L 101<\/td>\n<td>L 110<\/td>\n<td>L 111<\/td>\n<\/tr>\n<\/thead>\n<tbody>\n<tr>\n<td>4&#215;2 (Vers\u00e3o de F\u00e1brica)<\/td>\n<td>4&#215;2 (Vers\u00e3o de F\u00e1brica)<\/td>\n<td>4&#215;2 (Vers\u00e3o de F\u00e1brica)<\/td>\n<\/tr>\n<tr>\n<td>&#8211;<\/td>\n<td>&#8211;<\/td>\n<td>&#8211;<\/td>\n<\/tr>\n<\/tbody>\n<\/table>\n<h4>Motores:<\/h4>\n<table>\n<thead>\n<tr>\n<td>L 101<\/td>\n<td>L 110<\/td>\n<td>L 111<\/td>\n<\/tr>\n<\/thead>\n<tbody>\n<tr>\n<td>Motor Scania D 11 L 03 &#8211; 203 CV &#8211; Aspirado (Ma\u00e7arico)<\/td>\n<td>Motor Scania D 11 L 01 &#8211; 202 CV &#8211; Aspirado (Ma\u00e7arico)<\/td>\n<td>Motor Scania D 11 L 03 &#8211; 203 CV &#8211; Aspirado (Ma\u00e7arico)<\/td>\n<\/tr>\n<tr>\n<td>&#8211;<\/td>\n<td>Motor Scania DS 11 L 01 &#8211; 275 CV &#8211; Super (Turbinado)<\/td>\n<td>Motor Scania DS 11 L 05 &#8211; 296 CV &#8211; Super (Turbinado)<\/td>\n<\/tr>\n<tr>\n<td>&#8211;<\/td>\n<td>&#8211;<\/td>\n<td><\/td>\n<\/tr>\n<\/tbody>\n<\/table>\n<h4>Caixa de Marchas:<\/h4>\n<p>&nbsp;<\/p>\n<table>\n<thead>\n<tr>\n<td>L 101<\/td>\n<td>L 110<\/td>\n<td>L 111<\/td>\n<\/tr>\n<\/thead>\n<tbody>\n<tr>\n<td>G 760 5 Marchas (5 Veloc.) \/ Dif: 4.38<\/td>\n<td>G 760 5 Marchas (5 Veloc.) \/ Dif: 4.38<\/td>\n<td>\u00a0G 860 5 + 5 Marchas (10 Veloc.) \/ Dif: 4.78<\/td>\n<\/tr>\n<tr>\n<td>G 760 5 Marchas (5 Veloc.) \/ Dif: 5.67 &#8211; Reduzido<\/td>\n<td>G 760 5 Marchas (5 Veloc.) \/ Dif: 5.67 &#8211; Reduzido<\/td>\n<td>G 860 5 + 5 Marchas (10 Veloc.) \/ Dif: 5.67 &#8211; Reduzido<\/td>\n<\/tr>\n<tr>\n<td>&#8211;<\/td>\n<td>G 860 5 + 5 Marchas (10 Veloc.) \/ Dif: 4.78<\/td>\n<td><\/td>\n<\/tr>\n<tr>\n<td>&#8211;<\/td>\n<td>G 860 5 + 5 Marchas (10 Veloc.) \/ Dif: 5.67 &#8211; Reduzido<\/td>\n<td><\/td>\n<\/tr>\n<\/tbody>\n<\/table>\n<table>\n<thead>\n<tr>\n<td style=\"text-align: left;\">Intera\u00e7\u00e3o com o jogo<\/td>\n<\/tr>\n<\/thead>\n<tbody>\n<tr>\n<td>\n<ul>\n<li style=\"text-align: left;\">Compat\u00edvel com a DLC&#8217;s de acess\u00f3rios da SCS (N\u00e3o inclusa);<\/li>\n<li style=\"text-align: left;\">Customiza\u00e7\u00e3o de pinturas no gerenciador;<\/li>\n<li style=\"text-align: left;\">5 slots de template skin.<\/li>\n<\/ul>\n<\/td>\n<\/tr>\n<\/tbody>\n<\/table>\n<table>\n<thead>\n<tr>\n<td style=\"text-align: left;\">Acess\u00f3rios e Customiz\u00e1veis: Na Cabine<\/td>\n<\/tr>\n<\/thead>\n<tbody>\n<tr>\n<td>\n<ul>\n<li>Atualizando<\/li>\n<\/ul>\n<\/td>\n<\/tr>\n<\/tbody>\n<\/table>\n<table>\n<thead>\n<tr>\n<td style=\"text-align: left;\">Acess\u00f3rios e Customiz\u00e1veis: No Interior<\/td>\n<\/tr>\n<\/thead>\n<tbody>\n<tr>\n<td style=\"text-align: left;\">\n<ul>\n<li>Atualizando<\/li>\n<\/ul>\n<\/td>\n<\/tr>\n<\/tbody>\n<\/table>\n<table>\n<thead>\n<tr>\n<td style=\"text-align: left;\">Acess\u00f3rios e Customiz\u00e1veis: No Chassis<\/td>\n<\/tr>\n<\/thead>\n<tbody>\n<tr>\n<td style=\"text-align: left;\">\n<ul>\n<li><span style=\"font-family: inherit; font-size: inherit;\">Atualizando<\/span><\/li>\n<\/ul>\n<\/td>\n<\/tr>\n<\/tbody>\n<\/table>\n<table>\n<thead>\n<tr>\n<td style=\"text-align: left;\">Compatibilidade<\/td>\n<\/tr>\n<\/thead>\n<tbody>\n<tr>\n<td style=\"text-align: left;\">\n<ul>\n<li>Concession\u00e1ria Scania<\/li>\n<\/ul>\n<\/td>\n<\/tr>\n<\/tbody>\n<tfoot>\n<tr>\n<td>Alguns mods podem mudar as defini\u00e7\u00f5es padr\u00f5es das concession\u00e1rias do jogo sem aviso pr\u00e9vio e pode fazer com que o mod aqui oferecido deixe de funcionar corretamente, tal condi\u00e7\u00e3o n\u00e3o \u00e9\u00a0 de responsabilidade da RCTEAM, ao comprar o mod voc\u00ea concorda com essa condi\u00e7\u00e3o.<\/td>\n<\/tr>\n<tr style=\"background-color: rgba(255,84,85,1.00);\">\n<td>N\u00e3o daremos suporte a conflitos com outros mods de terceiros ou que afetem a estrutura base do jogo Euro truck Simulator 2<\/td>\n<\/tr>\n<\/tfoot>\n<\/table>\n<table>\n<thead>\n<tr>\n<td style=\"text-align: left;\">Prazo de Entrega e Forma de Envio<\/td>\n<\/tr>\n<\/thead>\n<tbody>\n<tr>\n<td style=\"text-align: left;\">\n<ul>\n<li>Em at\u00e9 2 dias \u00fateis ap\u00f3s a confirma\u00e7\u00e3o do pagamento pela empresa administradora de pagamento<\/li>\n<li>Arquivo digital (Compartilhamento via Google Drive)<\/li>\n<\/ul>\n<\/td>\n<\/tr>\n<\/tbody>\n<tfoot>\n<tr>\n<td><em>Uma Conta Gmail \u00e9 obrigat\u00f3ria para o recebimento do mod.<\/em><\/td>\n<\/tr>\n<\/tfoot>\n<\/table>\n<table>\n<thead>\n<tr>\n<td style=\"text-align: left;\">Normas de uso<\/td>\n<\/tr>\n<\/thead>\n<tbody>\n<tr>\n<td style=\"text-align: left;\">\n<ul>\n<li>Venda apenas para uso individual do comprador. \u00c9 vetada a edi\u00e7\u00e3o, compartilhamento, distribui\u00e7\u00e3o, doa\u00e7\u00e3o, troca ou revenda da modifica\u00e7\u00e3o.<\/li>\n<li>N\u00e3o mudaremos dados de e-mails dos compradores ap\u00f3s o envio. Exceto se o mesmo for cancelado pelo Google e n\u00e3o seja mais poss\u00edvel enviar atualiza\u00e7\u00f5es.<\/li>\n<\/ul>\n<\/td>\n<\/tr>\n<\/tbody>\n<\/table>\n","protected":false},"excerpt":{"rendered":"<p>Scania L 101, L 110 e L 111 para Euro Truck Simulator 2.<\/p>\n","protected":false},"featured_media":19013,"template":"","meta":{"_acf_changed":false,"_seopress_robots_primary_cat":"none","_seopress_titles_title":"Scania L 110 1975 e L 111 Super para ETS 2","_seopress_titles_desc":"Caminh\u00f5es cl\u00e1ssicos da Scania no Brasil, agora para Euro Trucck Simulator 2","_seopress_robots_index":""},"product_brand":[],"product_cat":[208],"product_tag":[],"class_list":{"0":"post-19010","1":"product","2":"type-product","3":"status-publish","4":"has-post-thumbnail","6":"product_cat-descontinuados","8":"first","9":"outofstock","10":"shipping-taxable","11":"purchasable","12":"product-type-simple"},"acf":[],"_links":{"self":[{"href":"https:\/\/rcteam.com.br\/rcshop\/wp-json\/wp\/v2\/product\/19010","targetHints":{"allow":["GET"]}}],"collection":[{"href":"https:\/\/rcteam.com.br\/rcshop\/wp-json\/wp\/v2\/product"}],"about":[{"href":"https:\/\/rcteam.com.br\/rcshop\/wp-json\/wp\/v2\/types\/product"}],"wp:featuredmedia":[{"embeddable":true,"href":"https:\/\/rcteam.com.br\/rcshop\/wp-json\/wp\/v2\/media\/19013"}],"wp:attachment":[{"href":"https:\/\/rcteam.com.br\/rcshop\/wp-json\/wp\/v2\/media?parent=19010"}],"wp:term":[{"taxonomy":"product_brand","embeddable":true,"href":"https:\/\/rcteam.com.br\/rcshop\/wp-json\/wp\/v2\/product_brand?post=19010"},{"taxonomy":"product_cat","embeddable":true,"href":"https:\/\/rcteam.com.br\/rcshop\/wp-json\/wp\/v2\/product_cat?post=19010"},{"taxonomy":"product_tag","embeddable":true,"href":"https:\/\/rcteam.com.br\/rcshop\/wp-json\/wp\/v2\/product_tag?post=19010"}],"curies":[{"name":"wp","href":"https:\/\/api.w.org\/{rel}","templated":true}]}}