{"id":2012,"date":"2017-10-08T22:59:37","date_gmt":"2017-10-09T01:59:37","guid":{"rendered":"https:\/\/rcteam.com.br\/rcshop\/?post_type=product&#038;p=2012"},"modified":"2025-12-01T23:50:02","modified_gmt":"2025-12-02T02:50:02","slug":"graneleira-2010-guerra-euro-truck-simulator-2","status":"publish","type":"product","link":"https:\/\/rcteam.com.br\/rcshop\/produto\/graneleira-2010-guerra-euro-truck-simulator-2\/","title":{"rendered":"Graneleira 2010 Guerra &#8211; Euro Truck Simulator 2"},"content":{"rendered":"<p>Em 2009 a Guerra Implementos lan\u00e7ou na FENATRAN a sua nova linha de graneleiras com a tecnologia TECNO 10, muito mais leve adequada as necessidades do que viria pela frente no transporte nacional.<\/p>\n<p>O nosso mod \u00e9 um \u00f3tima representa\u00e7\u00e3o do modelo e desde 2016 vem sendo atualizado e em 2019 tornou-se o modelo mais fiel do ETS 2, recebendo uma nova modelagem e varia\u00e7\u00f5es de tampas e cargas, al\u00e9m do tr\u00e1fego com as mais variadas possibilidades.<\/p>\n<table>\n<thead>\n<tr>\n<td style=\"text-align: left;\">Chassis<\/td>\n<\/tr>\n<\/thead>\n<tbody>\n<tr>\n<td style=\"text-align: left;\">\n<ul>\n<li style=\"text-align: left;\">3 Eixos para Caminh\u00f5es 4&#215;2<\/li>\n<li style=\"text-align: left;\">3 Eixos para Caminh\u00f5es 6&#215;2\/6&#215;4<\/li>\n<li style=\"text-align: left;\">3 Eixos (1 + 2) com eixo direcional para Caminh\u00f5es 4&#215;2<\/li>\n<li style=\"text-align: left;\">3 Eixos (1 + 2) com eixo direcional para Caminh\u00f5es 6&#215;2\/6&#215;4<\/li>\n<li style=\"text-align: left;\">4 Eixos (1 + 3) com eixo direcional para Caminh\u00f5es 6&#215;2\/6&#215;4\/8&#215;2\/8&#215;4<\/li>\n<\/ul>\n<\/td>\n<\/tr>\n<\/tbody>\n<\/table>\n<table>\n<thead>\n<tr>\n<td>Caixa de Carga<\/td>\n<\/tr>\n<\/thead>\n<tbody>\n<tr>\n<td>\n<ul>\n<li style=\"text-align: left;\">Sem Tampas<\/li>\n<li style=\"text-align: left;\">Graneleira 4 Tampas de 80 cm<\/li>\n<li style=\"text-align: left;\">Graneleira 4 Tampas de 180 cm (80 + 100)<\/li>\n<li style=\"text-align: left;\">Graneleira 4 Tampas de 180 cm (80 + 100) Desmontadas<\/li>\n<li style=\"text-align: left;\">Suporte para Container (lock)<\/li>\n<\/ul>\n<\/td>\n<\/tr>\n<\/tbody>\n<\/table>\n<table>\n<thead>\n<tr>\n<td style=\"text-align: left;\">Integra\u00e7\u00e3o de carregamento nas empresas do game<\/td>\n<\/tr>\n<\/thead>\n<tbody>\n<tr>\n<td style=\"text-align: left;\">\n<ul>\n<li>Cargas animadas;<\/li>\n<\/ul>\n<\/td>\n<\/tr>\n<\/tbody>\n<\/table>\n<table>\n<thead>\n<tr>\n<td style=\"text-align: left;\">Acess\u00f3rios<\/td>\n<\/tr>\n<\/thead>\n<tbody>\n<tr>\n<td style=\"text-align: left;\">\n<ul>\n<li>Arcos;<\/li>\n<li>Lonas;<\/li>\n<li>Protetores laterais;<\/li>\n<li>Estepes;<\/li>\n<li>Emblemas Guerra da \u00e9poca;<\/li>\n<li>Lameiros e Lameir\u00f5es;<\/li>\n<li>Foguinhos;<\/li>\n<li>Caixa de Cozinha;<\/li>\n<li>Caixa de Ferramentas;<\/li>\n<li>Corote;<\/li>\n<li>Rodas \u00e0 disco e Pneus;<\/li>\n<li>Rodo-ar;<\/li>\n<li>Calotas 3 e 5 Pontas.<\/li>\n<\/ul>\n<\/td>\n<\/tr>\n<\/tbody>\n<\/table>\n<table>\n<thead>\n<tr>\n<td style=\"text-align: left;\">Mod compat\u00edvel com os mapas<\/td>\n<\/tr>\n<\/thead>\n<tbody>\n<tr>\n<td style=\"text-align: left;\">\n<ul>\n<li>Mapas originais do jogo (Todas as Cargas);<\/li>\n<li>Mapa RC BRASIL (Todas as Cargas);<\/li>\n<li>Outros mapas brasileiros compat\u00edveis com as cargas do jogo;<\/li>\n<\/ul>\n<p>Os implementos s\u00e3o compr\u00e1veis na loja de reboques e est\u00e1 sob a defini\u00e7\u00e3o de CURTAINSIDER que faz com que os modelos estejam aptos a mais de 200 cargas em diversos mapas. Para saber que ir\u00e1 funcionar no mapa desejado, basta verificar se o SIDER original do game funciona no mapa que quer usar.<\/p>\n<p><em><strong>Observa\u00e7\u00e3o:<\/strong> <span style=\"color: #3366ff;\"><span style=\"color: #3366ff;\">O mod cont\u00e9m anima\u00e7\u00e3o de carregamento com diversas cargas abertas, as defini\u00e7\u00f5es s\u00e3o funcionais nas cargas originais do jogo, em mapas compat\u00edveis com as cargas da produtora do game e tamb\u00e9m do mapa RC Brasil. Ao comprar o mod, voc\u00ea concorda com essa condi\u00e7\u00e3o.<\/span><\/span><\/em><\/td>\n<\/tr>\n<\/tbody>\n<\/table>\n<table>\n<thead>\n<tr>\n<td style=\"text-align: left;\">Prazo de Entrega e Forma de Envio<\/td>\n<\/tr>\n<\/thead>\n<tbody>\n<tr>\n<td style=\"text-align: left;\">\n<ul>\n<li>Em at\u00e9 2 dias \u00fateis ap\u00f3s a confirma\u00e7\u00e3o do pagamento pela empresa administradora de pagamento.<\/li>\n<li>Arquivo digital (Compartilhamento via Google Drive)<\/li>\n<\/ul>\n<\/td>\n<\/tr>\n<\/tbody>\n<tfoot>\n<tr>\n<td><em>Uma Conta Gmail \u00e9 obrigat\u00f3ria para o recebimento do mod.<\/em><\/td>\n<\/tr>\n<\/tfoot>\n<\/table>\n<table>\n<thead>\n<tr>\n<td style=\"text-align: left;\">Normas de uso<\/td>\n<\/tr>\n<\/thead>\n<tbody>\n<tr>\n<td style=\"text-align: left;\">\n<ul>\n<li>Contato e Suporte apenas com o t\u00edtular da conta, conforme a Lei Geral de Prote\u00e7\u00e3o de Dados (LGPD).<\/li>\n<li>Venda apenas para uso individual do comprador. \u00c9 vetada a edi\u00e7\u00e3o, compartilhamento, distribui\u00e7\u00e3o, doa\u00e7\u00e3o, troca ou revenda da modifica\u00e7\u00e3o.<\/li>\n<li>N\u00e3o mudaremos dados de e-mails dos compradores ap\u00f3s o envio. Exceto se o mesmo for cancelado pelo Google e n\u00e3o seja mais poss\u00edvel enviar atualiza\u00e7\u00f5es.<\/li>\n<\/ul>\n<\/td>\n<\/tr>\n<\/tbody>\n<\/table>\n\n\t\t<style type=\"text\/css\">\n\t\t\t#gallery-1 {\n\t\t\t\tmargin: auto;\n\t\t\t}\n\t\t\t#gallery-1 .gallery-item {\n\t\t\t\tfloat: left;\n\t\t\t\tmargin-top: 10px;\n\t\t\t\ttext-align: center;\n\t\t\t\twidth: 20%;\n\t\t\t}\n\t\t\t#gallery-1 img {\n\t\t\t\tborder: 2px solid #cfcfcf;\n\t\t\t}\n\t\t\t#gallery-1 .gallery-caption {\n\t\t\t\tmargin-left: 0;\n\t\t\t}\n\t\t\t\/* see gallery_shortcode() in wp-includes\/media.php *\/\n\t\t<\/style>\n\t\t<div id='gallery-1' class='gallery galleryid-2012 gallery-columns-5 gallery-size-thumbnail'><dl class='gallery-item'>\n\t\t\t<dt class='gallery-icon landscape'>\n\t\t\t\t<a href='https:\/\/rcteam.com.br\/rcshop\/?attachment_id=17462'><img loading=\"lazy\" decoding=\"async\" width=\"400\" height=\"400\" src=\"https:\/\/rcteam.com.br\/rcshop\/wp-content\/uploads\/2017\/10\/body-004-400x400.png\" class=\"attachment-thumbnail size-thumbnail\" alt=\"Graneleira Guerra 2010\" srcset=\"https:\/\/rcteam.com.br\/rcshop\/wp-content\/uploads\/2017\/10\/body-004-400x400.png 400w, https:\/\/rcteam.com.br\/rcshop\/wp-content\/uploads\/2017\/10\/body-004-300x300.png 300w, https:\/\/rcteam.com.br\/rcshop\/wp-content\/uploads\/2017\/10\/body-004-100x100.png 100w\" sizes=\"auto, (max-width: 400px) 100vw, 400px\" \/><\/a>\n\t\t\t<\/dt><\/dl><dl class='gallery-item'>\n\t\t\t<dt class='gallery-icon landscape'>\n\t\t\t\t<a href='https:\/\/rcteam.com.br\/rcshop\/?attachment_id=17461'><img loading=\"lazy\" decoding=\"async\" width=\"400\" height=\"400\" src=\"https:\/\/rcteam.com.br\/rcshop\/wp-content\/uploads\/2017\/10\/body-003-400x400.png\" class=\"attachment-thumbnail size-thumbnail\" alt=\"Graneleira Guerra 2010\" srcset=\"https:\/\/rcteam.com.br\/rcshop\/wp-content\/uploads\/2017\/10\/body-003-400x400.png 400w, https:\/\/rcteam.com.br\/rcshop\/wp-content\/uploads\/2017\/10\/body-003-300x300.png 300w, https:\/\/rcteam.com.br\/rcshop\/wp-content\/uploads\/2017\/10\/body-003-100x100.png 100w\" sizes=\"auto, (max-width: 400px) 100vw, 400px\" \/><\/a>\n\t\t\t<\/dt><\/dl><dl class='gallery-item'>\n\t\t\t<dt class='gallery-icon landscape'>\n\t\t\t\t<a href='https:\/\/rcteam.com.br\/rcshop\/?attachment_id=17460'><img loading=\"lazy\" decoding=\"async\" width=\"400\" height=\"400\" src=\"https:\/\/rcteam.com.br\/rcshop\/wp-content\/uploads\/2017\/10\/body-002-400x400.png\" class=\"attachment-thumbnail size-thumbnail\" alt=\"Graneleira Guerra 2010\" srcset=\"https:\/\/rcteam.com.br\/rcshop\/wp-content\/uploads\/2017\/10\/body-002-400x400.png 400w, https:\/\/rcteam.com.br\/rcshop\/wp-content\/uploads\/2017\/10\/body-002-300x300.png 300w, https:\/\/rcteam.com.br\/rcshop\/wp-content\/uploads\/2017\/10\/body-002-100x100.png 100w\" sizes=\"auto, (max-width: 400px) 100vw, 400px\" \/><\/a>\n\t\t\t<\/dt><\/dl><dl class='gallery-item'>\n\t\t\t<dt class='gallery-icon landscape'>\n\t\t\t\t<a href='https:\/\/rcteam.com.br\/rcshop\/?attachment_id=17459'><img loading=\"lazy\" decoding=\"async\" width=\"400\" height=\"400\" src=\"https:\/\/rcteam.com.br\/rcshop\/wp-content\/uploads\/2017\/10\/body-001-400x400.png\" class=\"attachment-thumbnail size-thumbnail\" alt=\"Graneleira Guerra 2010\" srcset=\"https:\/\/rcteam.com.br\/rcshop\/wp-content\/uploads\/2017\/10\/body-001-400x400.png 400w, https:\/\/rcteam.com.br\/rcshop\/wp-content\/uploads\/2017\/10\/body-001-300x300.png 300w, https:\/\/rcteam.com.br\/rcshop\/wp-content\/uploads\/2017\/10\/body-001-100x100.png 100w\" sizes=\"auto, (max-width: 400px) 100vw, 400px\" \/><\/a>\n\t\t\t<\/dt><\/dl><dl class='gallery-item'>\n\t\t\t<dt class='gallery-icon landscape'>\n\t\t\t\t<a href='https:\/\/rcteam.com.br\/rcshop\/?attachment_id=17458'><img loading=\"lazy\" decoding=\"async\" width=\"400\" height=\"400\" src=\"https:\/\/rcteam.com.br\/rcshop\/wp-content\/uploads\/2017\/10\/body-007-400x400.png\" class=\"attachment-thumbnail size-thumbnail\" alt=\"Graneleira Guerra 2010\" srcset=\"https:\/\/rcteam.com.br\/rcshop\/wp-content\/uploads\/2017\/10\/body-007-400x400.png 400w, https:\/\/rcteam.com.br\/rcshop\/wp-content\/uploads\/2017\/10\/body-007-300x300.png 300w, https:\/\/rcteam.com.br\/rcshop\/wp-content\/uploads\/2017\/10\/body-007-100x100.png 100w\" sizes=\"auto, (max-width: 400px) 100vw, 400px\" \/><\/a>\n\t\t\t<\/dt><\/dl><br style=\"clear: both\" \/><dl class='gallery-item'>\n\t\t\t<dt class='gallery-icon landscape'>\n\t\t\t\t<a href='https:\/\/rcteam.com.br\/rcshop\/?attachment_id=17457'><img loading=\"lazy\" decoding=\"async\" width=\"400\" height=\"400\" src=\"https:\/\/rcteam.com.br\/rcshop\/wp-content\/uploads\/2017\/10\/body-006-400x400.png\" class=\"attachment-thumbnail size-thumbnail\" alt=\"Graneleira Guerra 2010\" srcset=\"https:\/\/rcteam.com.br\/rcshop\/wp-content\/uploads\/2017\/10\/body-006-400x400.png 400w, https:\/\/rcteam.com.br\/rcshop\/wp-content\/uploads\/2017\/10\/body-006-300x300.png 300w, https:\/\/rcteam.com.br\/rcshop\/wp-content\/uploads\/2017\/10\/body-006-100x100.png 100w\" sizes=\"auto, (max-width: 400px) 100vw, 400px\" \/><\/a>\n\t\t\t<\/dt><\/dl><dl class='gallery-item'>\n\t\t\t<dt class='gallery-icon landscape'>\n\t\t\t\t<a href='https:\/\/rcteam.com.br\/rcshop\/?attachment_id=17456'><img loading=\"lazy\" decoding=\"async\" width=\"400\" height=\"400\" src=\"https:\/\/rcteam.com.br\/rcshop\/wp-content\/uploads\/2017\/10\/body-005-400x400.png\" class=\"attachment-thumbnail size-thumbnail\" alt=\"Graneleira Guerra 2010\" srcset=\"https:\/\/rcteam.com.br\/rcshop\/wp-content\/uploads\/2017\/10\/body-005-400x400.png 400w, https:\/\/rcteam.com.br\/rcshop\/wp-content\/uploads\/2017\/10\/body-005-300x300.png 300w, https:\/\/rcteam.com.br\/rcshop\/wp-content\/uploads\/2017\/10\/body-005-100x100.png 100w\" sizes=\"auto, (max-width: 400px) 100vw, 400px\" \/><\/a>\n\t\t\t<\/dt><\/dl>\n\t\t\t<br style='clear: both' \/>\n\t\t<\/div>\n\n","protected":false},"excerpt":{"rendered":"<p>Em 2009 a Guerra Implementos lan\u00e7ou na FENATRAN a sua nova linha de graneleiras com a tecnologia TECNO 10, muito mais leve adequada as necessidades do que viria pela frente no transporte nacional.<\/p>\n<p>O nosso mod \u00e9 um \u00f3tima representa\u00e7\u00e3o do modelo e desde 2016 vem sendo atualizado e em 2019 tornou-se o modelo mais fiel do ETS 2, recebendo uma nova modelagem e varia\u00e7\u00f5es de tampas e cargas, al\u00e9m do tr\u00e1fego com as mais variadas possibilidades.<\/p>\n","protected":false},"featured_media":20947,"template":"","meta":{"_acf_changed":false,"_seopress_robots_primary_cat":"none","_seopress_titles_title":"Graneleira 2010 Guerra Tecno 10 - ETS 2","_seopress_titles_desc":"Super pack de graneleiras Guerra 2010 para Euro truck Simulator 2. Containers, Bebidas, Lonada e Carga Seca.","_seopress_robots_index":""},"product_brand":[],"product_cat":[208],"product_tag":[26,27,33,24,32,23,22],"class_list":{"0":"post-2012","1":"product","2":"type-product","3":"status-publish","4":"has-post-thumbnail","6":"product_cat-descontinuados","7":"product_tag-carretas","8":"product_tag-euro-truck-simulator-2","9":"product_tag-graneleiras","10":"product_tag-guerra","11":"product_tag-pack-de-reboques","12":"product_tag-pack-reboques","13":"product_tag-victor-rodrigues","15":"first","16":"outofstock","17":"shipping-taxable","18":"purchasable","19":"product-type-simple"},"acf":[],"_links":{"self":[{"href":"https:\/\/rcteam.com.br\/rcshop\/wp-json\/wp\/v2\/product\/2012","targetHints":{"allow":["GET"]}}],"collection":[{"href":"https:\/\/rcteam.com.br\/rcshop\/wp-json\/wp\/v2\/product"}],"about":[{"href":"https:\/\/rcteam.com.br\/rcshop\/wp-json\/wp\/v2\/types\/product"}],"wp:featuredmedia":[{"embeddable":true,"href":"https:\/\/rcteam.com.br\/rcshop\/wp-json\/wp\/v2\/media\/20947"}],"wp:attachment":[{"href":"https:\/\/rcteam.com.br\/rcshop\/wp-json\/wp\/v2\/media?parent=2012"}],"wp:term":[{"taxonomy":"product_brand","embeddable":true,"href":"https:\/\/rcteam.com.br\/rcshop\/wp-json\/wp\/v2\/product_brand?post=2012"},{"taxonomy":"product_cat","embeddable":true,"href":"https:\/\/rcteam.com.br\/rcshop\/wp-json\/wp\/v2\/product_cat?post=2012"},{"taxonomy":"product_tag","embeddable":true,"href":"https:\/\/rcteam.com.br\/rcshop\/wp-json\/wp\/v2\/product_tag?post=2012"}],"curies":[{"name":"wp","href":"https:\/\/api.w.org\/{rel}","templated":true}]}}