{"id":21880,"date":"2024-07-02T00:23:32","date_gmt":"2024-07-02T03:23:32","guid":{"rendered":"https:\/\/rcteam.com.br\/rcshop\/?post_type=product&#038;p=21880"},"modified":"2025-12-01T23:51:02","modified_gmt":"2025-12-02T02:51:02","slug":"pack-de-caminhoes-mercedes-benz-vol-1-extras-euro-truck-simulator-2","status":"publish","type":"product","link":"https:\/\/rcteam.com.br\/rcshop\/produto\/pack-de-caminhoes-mercedes-benz-vol-1-extras-euro-truck-simulator-2\/","title":{"rendered":"Pack de Caminh\u00f5es Mercedes-Benz Vol. 1 + Extras | ETS 2"},"content":{"rendered":"<p><iframe loading=\"lazy\" title=\"Pack Mercedes-Benz HSK Vol. 1:  Conhe\u00e7a o LS 1634 S\u00e9rie Brasil\" width=\"500\" height=\"281\" src=\"https:\/\/www.youtube.com\/embed\/bbM4J4jKYLg?feature=oembed\" frameborder=\"0\" allow=\"accelerometer; autoplay; clipboard-write; encrypted-media; gyroscope; picture-in-picture; web-share\" referrerpolicy=\"strict-origin-when-cross-origin\" allowfullscreen><\/iframe><\/p>\n<p><iframe loading=\"lazy\" title=\"Pack Mercedes-Benz HSK Vol. 1:  Conhe\u00e7a o LS 1938\" width=\"500\" height=\"281\" src=\"https:\/\/www.youtube.com\/embed\/nUzuMLqDMYI?feature=oembed\" frameborder=\"0\" allow=\"accelerometer; autoplay; clipboard-write; encrypted-media; gyroscope; picture-in-picture; web-share\" referrerpolicy=\"strict-origin-when-cross-origin\" allowfullscreen><\/iframe><\/p>\n<p><iframe loading=\"lazy\" title=\"Pack Mercedes-Benz HSK Vol. 1:  Conhe\u00e7a o L 2638 - O pai do mato\" width=\"500\" height=\"281\" src=\"https:\/\/www.youtube.com\/embed\/5bqdaddne2c?feature=oembed\" frameborder=\"0\" allow=\"accelerometer; autoplay; clipboard-write; encrypted-media; gyroscope; picture-in-picture; web-share\" referrerpolicy=\"strict-origin-when-cross-origin\" allowfullscreen><\/iframe><\/p>\n<p>Reviva a era de ouro dos caminh\u00f5es Mercedes-Benz com o Pack de Caminh\u00f5es Mercedes-Benz para Euro Truck Simulator 2! Este pacote inclui os ic\u00f4nicos modelos LS 1632, LS 1634, LS 1938, LS 2638 e o robusto Atron 1635, recriados com fidelidade e riqueza de detalhes.<\/p>\n<p><strong>1635 S\u00e9rie Especial:<\/strong><\/p>\n<p>A S\u00e9rie Especial do Atron 1635 &#8220;O caminh\u00e3o que fez hist\u00f3ria&#8221; foi recriada com fidelidade para o Euro Truck Simulator 2, permitindo que os jogadores revivam o legado deste \u00edcone das estradas. Com aten\u00e7\u00e3o aos m\u00ednimos detalhes, trazemos para o jogo todo o charme e a robustez que fizeram do Atron 1635 um s\u00edmbolo de for\u00e7a e tradi\u00e7\u00e3o no transporte de cargas. Personaliza\u00e7\u00f5es exclusivas e uma experi\u00eancia realista garantem que este cl\u00e1ssico continue fazendo hist\u00f3ria, agora no mundo virtual.<\/p>\n<p><strong>Volvo FM 2015 e Julietas Florestais Schiffer 2022 (Extras):<\/strong><\/p>\n<p>Como extras, o pack traz o moderno <strong>Volvo FM 2015<\/strong>, ideal para opera\u00e7\u00f5es vers\u00e1teis, e as <strong>Julietas Florestais Schiffer 2022<\/strong>, perfeitas para o transporte pesado no setor madeireiro. Esses adicionais oferecem ainda mais op\u00e7\u00f5es para personalizar e diversificar sua frota.<\/p>\n<p><strong>Modo R\u00edgidos:<\/strong><\/p>\n<p>Todos os caminh\u00f5es possuem engate articulado do tipo &#8220;boca de lobo&#8221; e se ajustar\u00e3o perfeitamente as Julietas Florestais Schiffer 2022.<\/p>\n<table>\n<thead>\n<tr>\n<td style=\"text-align: left;\">O pacote cont\u00e9m<\/td>\n<\/tr>\n<\/thead>\n<tbody>\n<tr>\n<td>\n<ul>\n<li style=\"text-align: left;\">Mercedes-Benz L\/LS 1632;<\/li>\n<li style=\"text-align: left;\">Mercedes-Benz L\/LS 1634;<\/li>\n<li style=\"text-align: left;\">Mercedes-Benz L\/LS 1938;<\/li>\n<li style=\"text-align: left;\">Mercedes-Benz L\/LS 2638;<\/li>\n<li style=\"text-align: left;\">Mercedes-Benz Atron 1635;<\/li>\n<li style=\"text-align: left;\">Mercedes-Benz Atron 1635 S\u00e9rie Especial;<\/li>\n<li style=\"text-align: left;\">Volvo FM 2015 para ETS 2;<\/li>\n<li style=\"text-align: left;\">Julietas Florestais Schiffer 2022.<\/li>\n<\/ul>\n<\/td>\n<\/tr>\n<\/tbody>\n<\/table>\n<table>\n<thead>\n<tr>\n<td style=\"text-align: left;\">Prazo de Entrega e Forma de Envio<\/td>\n<\/tr>\n<\/thead>\n<tbody>\n<tr>\n<td style=\"text-align: left;\">\n<ul>\n<li>Em at\u00e9 2 dias \u00fateis ap\u00f3s a confirma\u00e7\u00e3o do pagamento pela empresa administradora de pagamento.<\/li>\n<li>Arquivo digital (Compartilhamento via Google Drive)<\/li>\n<\/ul>\n<\/td>\n<\/tr>\n<\/tbody>\n<tfoot>\n<tr>\n<td><em>Uma Conta Gmail \u00e9 obrigat\u00f3ria para o recebimento do mod.<\/em><\/td>\n<\/tr>\n<\/tfoot>\n<\/table>\n<table>\n<thead>\n<tr>\n<td style=\"text-align: left;\">Normas de uso<\/td>\n<\/tr>\n<\/thead>\n<tbody>\n<tr>\n<td style=\"text-align: left;\">\n<ul>\n<li>Nos reservamos o direito de n\u00e3o vender para compradores com hist\u00f3rico negativo na comunidade, com dados divergentes ou que moram fora do Brasil.<\/li>\n<li>Venda apenas para uso individual do comprador. \u00c9 vetada a edi\u00e7\u00e3o, compartilhamento, distribui\u00e7\u00e3o, doa\u00e7\u00e3o, troca ou revenda da modifica\u00e7\u00e3o.<\/li>\n<li>N\u00e3o mudaremos dados de e-mails dos compradores ap\u00f3s o envio. Exceto se o mesmo for cancelado pelo Google e n\u00e3o seja mais poss\u00edvel enviar atualiza\u00e7\u00f5es.<\/li>\n<\/ul>\n<\/td>\n<\/tr>\n<\/tbody>\n<\/table>\n","protected":false},"excerpt":{"rendered":"<p>Reviva a era de ouro dos caminh\u00f5es Mercedes-Benz com o Pack de Caminh\u00f5es Mercedes-Benz para Euro Truck Simulator 2!<\/p>\n<p>Este pacote inclui os ic\u00f4nicos modelos LS 1632, LS 1634, LS 1938, LS 2638 e o robusto Atron 1635, recriados com fidelidade e riqueza de detalhes. Al\u00e9m de contar com Extras de muita qualidade: Volvo FM 2015 e as Julietas Florestais Schiffer 2022.<\/p>\n","protected":false},"featured_media":22407,"template":"","meta":{"_acf_changed":false,"_seopress_robots_primary_cat":"none","_seopress_titles_title":"Pack de Caminh\u00f5es Mercedes-Benz Vol. 1 + Extras \u2013 ETS 2","_seopress_titles_desc":"Adquira todos os caminh\u00f5es da RCSHOP para Euro Truck Simulator 2 com pre\u00e7o especial, otimizado para o multiplayer e com um brinde especial.","_seopress_robots_index":""},"product_brand":[],"product_cat":[86],"product_tag":[],"class_list":{"0":"post-21880","1":"product","2":"type-product","3":"status-publish","4":"has-post-thumbnail","6":"product_cat-caminhoes","8":"first","9":"instock","10":"featured","11":"shipping-taxable","12":"purchasable","13":"product-type-simple"},"acf":[],"_links":{"self":[{"href":"https:\/\/rcteam.com.br\/rcshop\/wp-json\/wp\/v2\/product\/21880","targetHints":{"allow":["GET"]}}],"collection":[{"href":"https:\/\/rcteam.com.br\/rcshop\/wp-json\/wp\/v2\/product"}],"about":[{"href":"https:\/\/rcteam.com.br\/rcshop\/wp-json\/wp\/v2\/types\/product"}],"wp:featuredmedia":[{"embeddable":true,"href":"https:\/\/rcteam.com.br\/rcshop\/wp-json\/wp\/v2\/media\/22407"}],"wp:attachment":[{"href":"https:\/\/rcteam.com.br\/rcshop\/wp-json\/wp\/v2\/media?parent=21880"}],"wp:term":[{"taxonomy":"product_brand","embeddable":true,"href":"https:\/\/rcteam.com.br\/rcshop\/wp-json\/wp\/v2\/product_brand?post=21880"},{"taxonomy":"product_cat","embeddable":true,"href":"https:\/\/rcteam.com.br\/rcshop\/wp-json\/wp\/v2\/product_cat?post=21880"},{"taxonomy":"product_tag","embeddable":true,"href":"https:\/\/rcteam.com.br\/rcshop\/wp-json\/wp\/v2\/product_tag?post=21880"}],"curies":[{"name":"wp","href":"https:\/\/api.w.org\/{rel}","templated":true}]}}