{"id":21894,"date":"2024-07-02T21:53:37","date_gmt":"2024-07-03T00:53:37","guid":{"rendered":"https:\/\/rcteam.com.br\/rcshop\/?post_type=product&#038;p=21894"},"modified":"2025-12-14T01:41:13","modified_gmt":"2025-12-14T04:41:13","slug":"pack-de-reboques-randon-vol-1-euro-truck-simulator-2","status":"publish","type":"product","link":"https:\/\/rcteam.com.br\/rcshop\/produto\/pack-de-reboques-randon-vol-1-euro-truck-simulator-2\/","title":{"rendered":"Pack de Reboques Randon Vol. 1 | ETS 2"},"content":{"rendered":"<p><iframe loading=\"lazy\" title=\"RCSHOP ETS 2: Pack de Reboques Randon - Volume 1\" width=\"500\" height=\"281\" src=\"https:\/\/www.youtube.com\/embed\/oJ4JKm0Y6PI?feature=oembed\" frameborder=\"0\" allow=\"accelerometer; autoplay; clipboard-write; encrypted-media; gyroscope; picture-in-picture; web-share\" referrerpolicy=\"strict-origin-when-cross-origin\" allowfullscreen><\/iframe><\/p>\n<p>D\u00ea um upgrade nas suas entregas no Euro Truck Simulator 2 com o <strong>Pack de Reboques Randon Volume 1<\/strong>!<\/p>\n<p>Este pacote foi desenvolvido para oferecer uma experi\u00eancia aut\u00eantica e personalizada, trazendo tr\u00eas modelos ic\u00f4nicos da marca Randon, amplamente reconhecida pela qualidade e desempenho no transporte rodovi\u00e1rio.<\/p>\n<table>\n<thead>\n<tr>\n<td style=\"text-align: left;\">O pacote cont\u00e9m:<\/td>\n<\/tr>\n<\/thead>\n<tbody>\n<tr>\n<td>\n<ul>\n<li style=\"text-align: left;\">Ba\u00fa Furg\u00e3o Carga Seca Randon;<\/li>\n<li style=\"text-align: left;\">Ba\u00fa Frigor\u00edfico Randon;<\/li>\n<li style=\"text-align: left;\">Basculante Areia e Brita Randon 2017.<\/li>\n<\/ul>\n<\/td>\n<\/tr>\n<\/tbody>\n<\/table>\n<table>\n<thead>\n<tr>\n<td style=\"text-align: left;\">Ba\u00fa Furg\u00e3o Carga Seca Randon:<\/td>\n<\/tr>\n<\/thead>\n<tbody>\n<tr>\n<td style=\"text-align: left;\">\n<ul>\n<li>2 Eixos 22 Paletes (Vanderl\u00e9ia);<\/li>\n<li>3 Eixos 22 Paletes (Deslizante Recolhido);<\/li>\n<li>3 Eixos 26 Paletes;<\/li>\n<li>3 Eixos 28 Paletes;<\/li>\n<li>9 Eixos 48 Paletes (Bitrenz\u00e3o)<\/li>\n<\/ul>\n<\/td>\n<\/tr>\n<\/tbody>\n<\/table>\n<table>\n<thead>\n<tr>\n<td style=\"text-align: left;\">Ba\u00fa Frigor\u00edfico Randon:<\/td>\n<\/tr>\n<\/thead>\n<tbody>\n<tr>\n<td style=\"text-align: left;\">\n<ul>\n<li>2 Eixos 22 Paletes (Vanderl\u00e9ia);<\/li>\n<li>3 Eixos 22 Paletes (Deslizante Recolhido);<\/li>\n<li>3 Eixos 26 Paletes;<\/li>\n<li>3 Eixos 28 Paletes;<\/li>\n<li>9 Eixos 48 Paletes (Bitrenz\u00e3o)<\/li>\n<\/ul>\n<\/td>\n<\/tr>\n<\/tbody>\n<\/table>\n<table>\n<thead>\n<tr>\n<td style=\"text-align: left;\">Basculante Randon:<\/td>\n<\/tr>\n<\/thead>\n<tbody>\n<tr>\n<td style=\"text-align: left;\">\n<ul>\n<li>3 Eixos (Ca\u00e7amba Areia e Brita);<\/li>\n<\/ul>\n<\/td>\n<\/tr>\n<\/tbody>\n<\/table>\n<table>\n<thead>\n<tr>\n<td style=\"text-align: left;\">Prazo de Entrega e Forma de Envio<\/td>\n<\/tr>\n<\/thead>\n<tbody>\n<tr>\n<td style=\"text-align: left;\">\n<ul>\n<li>Em at\u00e9 2 dias \u00fateis ap\u00f3s a confirma\u00e7\u00e3o do pagamento pela empresa administradora de pagamento.<\/li>\n<li>Arquivo digital (Compartilhamento via Google Drive)<\/li>\n<\/ul>\n<\/td>\n<\/tr>\n<\/tbody>\n<tfoot>\n<tr>\n<td><em>Uma Conta Gmail \u00e9 obrigat\u00f3ria para o recebimento do mod.<\/em><\/td>\n<\/tr>\n<\/tfoot>\n<\/table>\n<table>\n<thead>\n<tr>\n<td style=\"text-align: left;\">Normas de uso<\/td>\n<\/tr>\n<\/thead>\n<tbody>\n<tr>\n<td style=\"text-align: left;\">\n<ul>\n<li>Nos reservamos o direito de n\u00e3o vender para compradores com hist\u00f3rico negativo na comunidade, com dados divergentes ou que moram fora do Brasil.<\/li>\n<li>Venda apenas para uso individual do comprador. \u00c9 vetada a edi\u00e7\u00e3o, compartilhamento, distribui\u00e7\u00e3o, doa\u00e7\u00e3o, troca ou revenda da modifica\u00e7\u00e3o.<\/li>\n<li>N\u00e3o mudaremos dados de e-mails dos compradores ap\u00f3s o envio. Exceto se o mesmo for cancelado pelo Google e n\u00e3o seja mais poss\u00edvel enviar atualiza\u00e7\u00f5es.<\/li>\n<\/ul>\n<\/td>\n<\/tr>\n<\/tbody>\n<\/table>\n","protected":false},"excerpt":{"rendered":"<p>D\u00ea um upgrade nas suas entregas no Euro Truck Simulator 2 com o <strong>Pack de Reboques Randon Volume 1<\/strong>!<\/p>\n<p>Este pacote foi desenvolvido para oferecer uma experi\u00eancia aut\u00eantica e personalizada, trazendo tr\u00eas modelos ic\u00f4nicos da marca Randon, amplamente reconhecida pela qualidade e desempenho no transporte rodovi\u00e1rio.<\/p>\n","protected":false},"featured_media":22353,"template":"","meta":{"_acf_changed":false,"_seopress_robots_primary_cat":"none","_seopress_titles_title":"Pacote de Reboques Randon - Euro Truck Simulator 2","_seopress_titles_desc":"Adquira a linha completa de semirreboques Randon da RCSHOP para Euro Truck Simulator 2 com pre\u00e7o especial e otimizado para o multiplayer","_seopress_robots_index":""},"product_brand":[],"product_cat":[85,29],"product_tag":[],"class_list":{"0":"post-21894","1":"product","2":"type-product","3":"status-publish","4":"has-post-thumbnail","6":"product_cat-ofertas","7":"product_cat-reboques","9":"first","10":"instock","11":"sale","12":"featured","13":"shipping-taxable","14":"purchasable","15":"product-type-simple"},"acf":[],"_links":{"self":[{"href":"https:\/\/rcteam.com.br\/rcshop\/wp-json\/wp\/v2\/product\/21894","targetHints":{"allow":["GET"]}}],"collection":[{"href":"https:\/\/rcteam.com.br\/rcshop\/wp-json\/wp\/v2\/product"}],"about":[{"href":"https:\/\/rcteam.com.br\/rcshop\/wp-json\/wp\/v2\/types\/product"}],"wp:featuredmedia":[{"embeddable":true,"href":"https:\/\/rcteam.com.br\/rcshop\/wp-json\/wp\/v2\/media\/22353"}],"wp:attachment":[{"href":"https:\/\/rcteam.com.br\/rcshop\/wp-json\/wp\/v2\/media?parent=21894"}],"wp:term":[{"taxonomy":"product_brand","embeddable":true,"href":"https:\/\/rcteam.com.br\/rcshop\/wp-json\/wp\/v2\/product_brand?post=21894"},{"taxonomy":"product_cat","embeddable":true,"href":"https:\/\/rcteam.com.br\/rcshop\/wp-json\/wp\/v2\/product_cat?post=21894"},{"taxonomy":"product_tag","embeddable":true,"href":"https:\/\/rcteam.com.br\/rcshop\/wp-json\/wp\/v2\/product_tag?post=21894"}],"curies":[{"name":"wp","href":"https:\/\/api.w.org\/{rel}","templated":true}]}}