{"id":22614,"date":"2025-02-25T19:12:08","date_gmt":"2025-02-25T22:12:08","guid":{"rendered":"https:\/\/rcteam.com.br\/rcshop\/?post_type=product&#038;p=22614"},"modified":"2026-04-10T05:17:19","modified_gmt":"2026-04-10T08:17:19","slug":"pack-de-caminhoes-scania-vol-1-fiat-190h-euro-truck-simulator-2","status":"publish","type":"product","link":"https:\/\/rcteam.com.br\/rcshop\/produto\/pack-de-caminhoes-scania-vol-1-fiat-190h-euro-truck-simulator-2\/","title":{"rendered":"Pack de Caminh\u00f5es Scania Vol. 1 + Fiat 190H | ETS 2"},"content":{"rendered":"<p><iframe loading=\"lazy\" title=\"Pack Cl\u00e1ssicos Vol. 1:  Conhe\u00e7a o Scania 112 1981 Brasil\" width=\"500\" height=\"281\" src=\"https:\/\/www.youtube.com\/embed\/l1dBc3-KTds?feature=oembed\" frameborder=\"0\" allow=\"accelerometer; autoplay; clipboard-write; encrypted-media; gyroscope; picture-in-picture; web-share\" referrerpolicy=\"strict-origin-when-cross-origin\" allowfullscreen><\/iframe><\/p>\n<p data-start=\"36\" data-end=\"171\"><strong data-start=\"0\" data-end=\"65\" data-is-only-node=\"\">Reviva a era de ouro dos caminh\u00f5es no Euro Truck Simulator 2!<\/strong><\/p>\n<p data-start=\"173\" data-end=\"466\">Este pacote inclui o lend\u00e1rio <strong data-start=\"150\" data-end=\"199\">Scania Jacar\u00e9 (S\u00e9rie L), Scania 2 Torpedo (112 e 142 a A partir de 1981) e o Fiat Diesel 190H<\/strong>, recriados com fidelidade e riqueza de detalhes. Sinta a pot\u00eancia dessas m\u00e1quinas lend\u00e1rias e transforme sua experi\u00eancia no ETS 2 com caminh\u00f5es hist\u00f3ricos que marcaram gera\u00e7\u00f5es! Confira a lista completa de caminh\u00e3o abaixo:<\/p>\n<p data-start=\"173\" data-end=\"466\"><strong>Scania S\u00e9rie 2 Torpedo (A partir de 1981):<\/strong><\/p>\n<ul>\n<li>Scania T112 M 4&#215;2 1981;<\/li>\n<li>Scania T112 H 6&#215;2 1981;<\/li>\n<li>Scania T112 E 6&#215;4 1981;<\/li>\n<\/ul>\n<ul>\n<li>Scania T142 M 4&#215;2 1981;<\/li>\n<li>Scania T142 H 6&#215;2 1981;<\/li>\n<li>Scania T142 E 6&#215;4 1981;<\/li>\n<\/ul>\n\n\t\t<style type=\"text\/css\">\n\t\t\t#gallery-1 {\n\t\t\t\tmargin: auto;\n\t\t\t}\n\t\t\t#gallery-1 .gallery-item {\n\t\t\t\tfloat: left;\n\t\t\t\tmargin-top: 10px;\n\t\t\t\ttext-align: center;\n\t\t\t\twidth: 33%;\n\t\t\t}\n\t\t\t#gallery-1 img {\n\t\t\t\tborder: 2px solid #cfcfcf;\n\t\t\t}\n\t\t\t#gallery-1 .gallery-caption {\n\t\t\t\tmargin-left: 0;\n\t\t\t}\n\t\t\t\/* see gallery_shortcode() in wp-includes\/media.php *\/\n\t\t<\/style>\n\t\t<div id='gallery-1' class='gallery galleryid-22614 gallery-columns-3 gallery-size-thumbnail'><dl class='gallery-item'>\n\t\t\t<dt class='gallery-icon landscape'>\n\t\t\t\t<a href='https:\/\/rcteam.com.br\/rcshop\/?attachment_id=22615'><img loading=\"lazy\" decoding=\"async\" width=\"400\" height=\"400\" src=\"https:\/\/rcteam.com.br\/rcshop\/wp-content\/uploads\/2025\/02\/RCSHOP-ETS2-PACK-SCANIA-VOLUME-1-T112M-4X2-400x400.jpg\" class=\"attachment-thumbnail size-thumbnail\" alt=\"Scania T112 M 1981 4x2 - Euro Truck Simulator 2\" srcset=\"https:\/\/rcteam.com.br\/rcshop\/wp-content\/uploads\/2025\/02\/RCSHOP-ETS2-PACK-SCANIA-VOLUME-1-T112M-4X2-400x400.jpg 400w, https:\/\/rcteam.com.br\/rcshop\/wp-content\/uploads\/2025\/02\/RCSHOP-ETS2-PACK-SCANIA-VOLUME-1-T112M-4X2-800x800.jpg 800w, https:\/\/rcteam.com.br\/rcshop\/wp-content\/uploads\/2025\/02\/RCSHOP-ETS2-PACK-SCANIA-VOLUME-1-T112M-4X2-768x768.jpg 768w, https:\/\/rcteam.com.br\/rcshop\/wp-content\/uploads\/2025\/02\/RCSHOP-ETS2-PACK-SCANIA-VOLUME-1-T112M-4X2-300x300.jpg 300w, https:\/\/rcteam.com.br\/rcshop\/wp-content\/uploads\/2025\/02\/RCSHOP-ETS2-PACK-SCANIA-VOLUME-1-T112M-4X2-600x600.jpg 600w, https:\/\/rcteam.com.br\/rcshop\/wp-content\/uploads\/2025\/02\/RCSHOP-ETS2-PACK-SCANIA-VOLUME-1-T112M-4X2-100x100.jpg 100w, https:\/\/rcteam.com.br\/rcshop\/wp-content\/uploads\/2025\/02\/RCSHOP-ETS2-PACK-SCANIA-VOLUME-1-T112M-4X2.jpg 1024w\" sizes=\"auto, (max-width: 400px) 100vw, 400px\" \/><\/a>\n\t\t\t<\/dt><\/dl><dl class='gallery-item'>\n\t\t\t<dt class='gallery-icon landscape'>\n\t\t\t\t<a href='https:\/\/rcteam.com.br\/rcshop\/?attachment_id=22626'><img loading=\"lazy\" decoding=\"async\" width=\"400\" height=\"400\" src=\"https:\/\/rcteam.com.br\/rcshop\/wp-content\/uploads\/2025\/02\/RCSHOP-ETS2-PACK-SCANIA-VOLUME-1-T112H-4X2-400x400.jpg\" class=\"attachment-thumbnail size-thumbnail\" alt=\"Scania T112 H 1981 4x2 - Euro Truck Simulator 2\" srcset=\"https:\/\/rcteam.com.br\/rcshop\/wp-content\/uploads\/2025\/02\/RCSHOP-ETS2-PACK-SCANIA-VOLUME-1-T112H-4X2-400x400.jpg 400w, https:\/\/rcteam.com.br\/rcshop\/wp-content\/uploads\/2025\/02\/RCSHOP-ETS2-PACK-SCANIA-VOLUME-1-T112H-4X2-800x800.jpg 800w, https:\/\/rcteam.com.br\/rcshop\/wp-content\/uploads\/2025\/02\/RCSHOP-ETS2-PACK-SCANIA-VOLUME-1-T112H-4X2-768x768.jpg 768w, https:\/\/rcteam.com.br\/rcshop\/wp-content\/uploads\/2025\/02\/RCSHOP-ETS2-PACK-SCANIA-VOLUME-1-T112H-4X2-300x300.jpg 300w, https:\/\/rcteam.com.br\/rcshop\/wp-content\/uploads\/2025\/02\/RCSHOP-ETS2-PACK-SCANIA-VOLUME-1-T112H-4X2-600x600.jpg 600w, https:\/\/rcteam.com.br\/rcshop\/wp-content\/uploads\/2025\/02\/RCSHOP-ETS2-PACK-SCANIA-VOLUME-1-T112H-4X2-100x100.jpg 100w, https:\/\/rcteam.com.br\/rcshop\/wp-content\/uploads\/2025\/02\/RCSHOP-ETS2-PACK-SCANIA-VOLUME-1-T112H-4X2.jpg 1024w\" sizes=\"auto, (max-width: 400px) 100vw, 400px\" \/><\/a>\n\t\t\t<\/dt><\/dl><dl class='gallery-item'>\n\t\t\t<dt class='gallery-icon landscape'>\n\t\t\t\t<a href='https:\/\/rcteam.com.br\/rcshop\/?attachment_id=22625'><img loading=\"lazy\" decoding=\"async\" width=\"400\" height=\"400\" src=\"https:\/\/rcteam.com.br\/rcshop\/wp-content\/uploads\/2025\/02\/RCSHOP-ETS2-PACK-SCANIA-VOLUME-1-T112E-6X4-400x400.jpg\" class=\"attachment-thumbnail size-thumbnail\" alt=\"Scania T142 E 1982 6x4 - Euro Truck Simulator 2\" srcset=\"https:\/\/rcteam.com.br\/rcshop\/wp-content\/uploads\/2025\/02\/RCSHOP-ETS2-PACK-SCANIA-VOLUME-1-T112E-6X4-400x400.jpg 400w, https:\/\/rcteam.com.br\/rcshop\/wp-content\/uploads\/2025\/02\/RCSHOP-ETS2-PACK-SCANIA-VOLUME-1-T112E-6X4-800x800.jpg 800w, https:\/\/rcteam.com.br\/rcshop\/wp-content\/uploads\/2025\/02\/RCSHOP-ETS2-PACK-SCANIA-VOLUME-1-T112E-6X4-768x768.jpg 768w, https:\/\/rcteam.com.br\/rcshop\/wp-content\/uploads\/2025\/02\/RCSHOP-ETS2-PACK-SCANIA-VOLUME-1-T112E-6X4-300x300.jpg 300w, https:\/\/rcteam.com.br\/rcshop\/wp-content\/uploads\/2025\/02\/RCSHOP-ETS2-PACK-SCANIA-VOLUME-1-T112E-6X4-600x600.jpg 600w, https:\/\/rcteam.com.br\/rcshop\/wp-content\/uploads\/2025\/02\/RCSHOP-ETS2-PACK-SCANIA-VOLUME-1-T112E-6X4-100x100.jpg 100w, https:\/\/rcteam.com.br\/rcshop\/wp-content\/uploads\/2025\/02\/RCSHOP-ETS2-PACK-SCANIA-VOLUME-1-T112E-6X4.jpg 1024w\" sizes=\"auto, (max-width: 400px) 100vw, 400px\" \/><\/a>\n\t\t\t<\/dt><\/dl><br style=\"clear: both\" \/>\n\t\t<\/div>\n\n<p><strong>Scania S\u00e9rie L &#8211; Jacar\u00e9:<\/strong><\/p>\n<ul>\n<li>Scania L110 4&#215;2 1974;<\/li>\n<li>Scania LS110 6&#215;2 1974;<\/li>\n<li>Scania LT110 6&#215;4 1974;<\/li>\n<\/ul>\n<ul>\n<li>Scania L110 4&#215;2 1975;<\/li>\n<li>Scania LS110 6&#215;2 1975;<\/li>\n<li>Scania LT110 6&#215;4 1975;<\/li>\n<\/ul>\n<ul>\n<li>Scania L101 4&#215;2 1977;<\/li>\n<li>Scania L111 4&#215;2 1977;<\/li>\n<li>Scania LS111 6&#215;2 1977;<\/li>\n<li>Scania LT111 6&#215;4 1977;<\/li>\n<\/ul>\n\n\t\t<style type=\"text\/css\">\n\t\t\t#gallery-2 {\n\t\t\t\tmargin: auto;\n\t\t\t}\n\t\t\t#gallery-2 .gallery-item {\n\t\t\t\tfloat: left;\n\t\t\t\tmargin-top: 10px;\n\t\t\t\ttext-align: center;\n\t\t\t\twidth: 33%;\n\t\t\t}\n\t\t\t#gallery-2 img {\n\t\t\t\tborder: 2px solid #cfcfcf;\n\t\t\t}\n\t\t\t#gallery-2 .gallery-caption {\n\t\t\t\tmargin-left: 0;\n\t\t\t}\n\t\t\t\/* see gallery_shortcode() in wp-includes\/media.php *\/\n\t\t<\/style>\n\t\t<div id='gallery-2' class='gallery galleryid-22614 gallery-columns-3 gallery-size-thumbnail'><dl class='gallery-item'>\n\t\t\t<dt class='gallery-icon landscape'>\n\t\t\t\t<a href='https:\/\/rcteam.com.br\/rcshop\/?attachment_id=22618'><img loading=\"lazy\" decoding=\"async\" width=\"400\" height=\"400\" src=\"https:\/\/rcteam.com.br\/rcshop\/wp-content\/uploads\/2025\/02\/RCSHOP-ETS2-PACK-SCANIA-VOLUME-1-L111-4X2-400x400.jpg\" class=\"attachment-thumbnail size-thumbnail\" alt=\"Scania L111 Super 1981 4x2 - Euro Truck Simulator 2\" srcset=\"https:\/\/rcteam.com.br\/rcshop\/wp-content\/uploads\/2025\/02\/RCSHOP-ETS2-PACK-SCANIA-VOLUME-1-L111-4X2-400x400.jpg 400w, https:\/\/rcteam.com.br\/rcshop\/wp-content\/uploads\/2025\/02\/RCSHOP-ETS2-PACK-SCANIA-VOLUME-1-L111-4X2-800x800.jpg 800w, https:\/\/rcteam.com.br\/rcshop\/wp-content\/uploads\/2025\/02\/RCSHOP-ETS2-PACK-SCANIA-VOLUME-1-L111-4X2-768x768.jpg 768w, https:\/\/rcteam.com.br\/rcshop\/wp-content\/uploads\/2025\/02\/RCSHOP-ETS2-PACK-SCANIA-VOLUME-1-L111-4X2-300x300.jpg 300w, https:\/\/rcteam.com.br\/rcshop\/wp-content\/uploads\/2025\/02\/RCSHOP-ETS2-PACK-SCANIA-VOLUME-1-L111-4X2-600x600.jpg 600w, https:\/\/rcteam.com.br\/rcshop\/wp-content\/uploads\/2025\/02\/RCSHOP-ETS2-PACK-SCANIA-VOLUME-1-L111-4X2-100x100.jpg 100w, https:\/\/rcteam.com.br\/rcshop\/wp-content\/uploads\/2025\/02\/RCSHOP-ETS2-PACK-SCANIA-VOLUME-1-L111-4X2.jpg 1024w\" sizes=\"auto, (max-width: 400px) 100vw, 400px\" \/><\/a>\n\t\t\t<\/dt><\/dl><dl class='gallery-item'>\n\t\t\t<dt class='gallery-icon landscape'>\n\t\t\t\t<a href='https:\/\/rcteam.com.br\/rcshop\/?attachment_id=22619'><img loading=\"lazy\" decoding=\"async\" width=\"400\" height=\"400\" src=\"https:\/\/rcteam.com.br\/rcshop\/wp-content\/uploads\/2025\/02\/RCSHOP-ETS2-PACK-SCANIA-VOLUME-1-L111-6X2-400x400.jpg\" class=\"attachment-thumbnail size-thumbnail\" alt=\"Scania LS111 Super 1977 6x2 - Euro Truck Simulator 2\" srcset=\"https:\/\/rcteam.com.br\/rcshop\/wp-content\/uploads\/2025\/02\/RCSHOP-ETS2-PACK-SCANIA-VOLUME-1-L111-6X2-400x400.jpg 400w, https:\/\/rcteam.com.br\/rcshop\/wp-content\/uploads\/2025\/02\/RCSHOP-ETS2-PACK-SCANIA-VOLUME-1-L111-6X2-800x800.jpg 800w, https:\/\/rcteam.com.br\/rcshop\/wp-content\/uploads\/2025\/02\/RCSHOP-ETS2-PACK-SCANIA-VOLUME-1-L111-6X2-768x768.jpg 768w, https:\/\/rcteam.com.br\/rcshop\/wp-content\/uploads\/2025\/02\/RCSHOP-ETS2-PACK-SCANIA-VOLUME-1-L111-6X2-300x300.jpg 300w, https:\/\/rcteam.com.br\/rcshop\/wp-content\/uploads\/2025\/02\/RCSHOP-ETS2-PACK-SCANIA-VOLUME-1-L111-6X2-600x600.jpg 600w, https:\/\/rcteam.com.br\/rcshop\/wp-content\/uploads\/2025\/02\/RCSHOP-ETS2-PACK-SCANIA-VOLUME-1-L111-6X2-100x100.jpg 100w, https:\/\/rcteam.com.br\/rcshop\/wp-content\/uploads\/2025\/02\/RCSHOP-ETS2-PACK-SCANIA-VOLUME-1-L111-6X2.jpg 1024w\" sizes=\"auto, (max-width: 400px) 100vw, 400px\" \/><\/a>\n\t\t\t<\/dt><\/dl><dl class='gallery-item'>\n\t\t\t<dt class='gallery-icon landscape'>\n\t\t\t\t<a href='https:\/\/rcteam.com.br\/rcshop\/?attachment_id=22620'><img loading=\"lazy\" decoding=\"async\" width=\"400\" height=\"400\" src=\"https:\/\/rcteam.com.br\/rcshop\/wp-content\/uploads\/2025\/02\/RCSHOP-ETS2-PACK-SCANIA-VOLUME-1-L111-6X4-400x400.jpg\" class=\"attachment-thumbnail size-thumbnail\" alt=\"Scania LT111 1977 6x4 - Euro Truck Simulator 2\" srcset=\"https:\/\/rcteam.com.br\/rcshop\/wp-content\/uploads\/2025\/02\/RCSHOP-ETS2-PACK-SCANIA-VOLUME-1-L111-6X4-400x400.jpg 400w, https:\/\/rcteam.com.br\/rcshop\/wp-content\/uploads\/2025\/02\/RCSHOP-ETS2-PACK-SCANIA-VOLUME-1-L111-6X4-800x800.jpg 800w, https:\/\/rcteam.com.br\/rcshop\/wp-content\/uploads\/2025\/02\/RCSHOP-ETS2-PACK-SCANIA-VOLUME-1-L111-6X4-768x768.jpg 768w, https:\/\/rcteam.com.br\/rcshop\/wp-content\/uploads\/2025\/02\/RCSHOP-ETS2-PACK-SCANIA-VOLUME-1-L111-6X4-300x300.jpg 300w, https:\/\/rcteam.com.br\/rcshop\/wp-content\/uploads\/2025\/02\/RCSHOP-ETS2-PACK-SCANIA-VOLUME-1-L111-6X4-600x600.jpg 600w, https:\/\/rcteam.com.br\/rcshop\/wp-content\/uploads\/2025\/02\/RCSHOP-ETS2-PACK-SCANIA-VOLUME-1-L111-6X4-100x100.jpg 100w, https:\/\/rcteam.com.br\/rcshop\/wp-content\/uploads\/2025\/02\/RCSHOP-ETS2-PACK-SCANIA-VOLUME-1-L111-6X4.jpg 1024w\" sizes=\"auto, (max-width: 400px) 100vw, 400px\" \/><\/a>\n\t\t\t<\/dt><\/dl><br style=\"clear: both\" \/>\n\t\t<\/div>\n\n<p>&nbsp;<\/p>\n<p><strong>Fiat Diesel 190H:<\/strong><\/p>\n<ul>\n<li style=\"text-align: left;\">Fiat Diesel 190H 4&#215;2 1980;<\/li>\n<li>Fiat Diesel 190H Turbo 4&#215;2 1980;<\/li>\n<li>Fiat Diesel 190H Turbo 6&#215;2 1980<\/li>\n<\/ul>\n\n\t\t<style type=\"text\/css\">\n\t\t\t#gallery-3 {\n\t\t\t\tmargin: auto;\n\t\t\t}\n\t\t\t#gallery-3 .gallery-item {\n\t\t\t\tfloat: left;\n\t\t\t\tmargin-top: 10px;\n\t\t\t\ttext-align: center;\n\t\t\t\twidth: 33%;\n\t\t\t}\n\t\t\t#gallery-3 img {\n\t\t\t\tborder: 2px solid #cfcfcf;\n\t\t\t}\n\t\t\t#gallery-3 .gallery-caption {\n\t\t\t\tmargin-left: 0;\n\t\t\t}\n\t\t\t\/* see gallery_shortcode() in wp-includes\/media.php *\/\n\t\t<\/style>\n\t\t<div id='gallery-3' class='gallery galleryid-22614 gallery-columns-3 gallery-size-thumbnail'><dl class='gallery-item'>\n\t\t\t<dt class='gallery-icon landscape'>\n\t\t\t\t<a href='https:\/\/rcteam.com.br\/rcshop\/?attachment_id=22622'><img loading=\"lazy\" decoding=\"async\" width=\"400\" height=\"400\" src=\"https:\/\/rcteam.com.br\/rcshop\/wp-content\/uploads\/2025\/02\/RCSHOP-ETS2-PACK-SCANIA-VOLUME-1-FIAT-DIESEL-190H-TURBO-4X2-400x400.jpg\" class=\"attachment-thumbnail size-thumbnail\" alt=\"FIAT DIESEL 190H 1985 4x2 - Euro Truck Simulator 2\" srcset=\"https:\/\/rcteam.com.br\/rcshop\/wp-content\/uploads\/2025\/02\/RCSHOP-ETS2-PACK-SCANIA-VOLUME-1-FIAT-DIESEL-190H-TURBO-4X2-400x400.jpg 400w, https:\/\/rcteam.com.br\/rcshop\/wp-content\/uploads\/2025\/02\/RCSHOP-ETS2-PACK-SCANIA-VOLUME-1-FIAT-DIESEL-190H-TURBO-4X2-800x800.jpg 800w, https:\/\/rcteam.com.br\/rcshop\/wp-content\/uploads\/2025\/02\/RCSHOP-ETS2-PACK-SCANIA-VOLUME-1-FIAT-DIESEL-190H-TURBO-4X2-768x768.jpg 768w, https:\/\/rcteam.com.br\/rcshop\/wp-content\/uploads\/2025\/02\/RCSHOP-ETS2-PACK-SCANIA-VOLUME-1-FIAT-DIESEL-190H-TURBO-4X2-300x300.jpg 300w, https:\/\/rcteam.com.br\/rcshop\/wp-content\/uploads\/2025\/02\/RCSHOP-ETS2-PACK-SCANIA-VOLUME-1-FIAT-DIESEL-190H-TURBO-4X2-600x600.jpg 600w, https:\/\/rcteam.com.br\/rcshop\/wp-content\/uploads\/2025\/02\/RCSHOP-ETS2-PACK-SCANIA-VOLUME-1-FIAT-DIESEL-190H-TURBO-4X2-100x100.jpg 100w, https:\/\/rcteam.com.br\/rcshop\/wp-content\/uploads\/2025\/02\/RCSHOP-ETS2-PACK-SCANIA-VOLUME-1-FIAT-DIESEL-190H-TURBO-4X2.jpg 1024w\" sizes=\"auto, (max-width: 400px) 100vw, 400px\" \/><\/a>\n\t\t\t<\/dt><\/dl><dl class='gallery-item'>\n\t\t\t<dt class='gallery-icon landscape'>\n\t\t\t\t<a href='https:\/\/rcteam.com.br\/rcshop\/?attachment_id=22623'><img loading=\"lazy\" decoding=\"async\" width=\"400\" height=\"400\" src=\"https:\/\/rcteam.com.br\/rcshop\/wp-content\/uploads\/2025\/02\/RCSHOP-ETS2-PACK-SCANIA-VOLUME-1-FIAT-DIESEL-190H-TURBO-6X2-400x400.jpg\" class=\"attachment-thumbnail size-thumbnail\" alt=\"FIAT DIESEL 190H 1985 6x2 - Euro Truck Simulator 2\" srcset=\"https:\/\/rcteam.com.br\/rcshop\/wp-content\/uploads\/2025\/02\/RCSHOP-ETS2-PACK-SCANIA-VOLUME-1-FIAT-DIESEL-190H-TURBO-6X2-400x400.jpg 400w, https:\/\/rcteam.com.br\/rcshop\/wp-content\/uploads\/2025\/02\/RCSHOP-ETS2-PACK-SCANIA-VOLUME-1-FIAT-DIESEL-190H-TURBO-6X2-800x800.jpg 800w, https:\/\/rcteam.com.br\/rcshop\/wp-content\/uploads\/2025\/02\/RCSHOP-ETS2-PACK-SCANIA-VOLUME-1-FIAT-DIESEL-190H-TURBO-6X2-768x768.jpg 768w, https:\/\/rcteam.com.br\/rcshop\/wp-content\/uploads\/2025\/02\/RCSHOP-ETS2-PACK-SCANIA-VOLUME-1-FIAT-DIESEL-190H-TURBO-6X2-300x300.jpg 300w, https:\/\/rcteam.com.br\/rcshop\/wp-content\/uploads\/2025\/02\/RCSHOP-ETS2-PACK-SCANIA-VOLUME-1-FIAT-DIESEL-190H-TURBO-6X2-600x600.jpg 600w, https:\/\/rcteam.com.br\/rcshop\/wp-content\/uploads\/2025\/02\/RCSHOP-ETS2-PACK-SCANIA-VOLUME-1-FIAT-DIESEL-190H-TURBO-6X2-100x100.jpg 100w, https:\/\/rcteam.com.br\/rcshop\/wp-content\/uploads\/2025\/02\/RCSHOP-ETS2-PACK-SCANIA-VOLUME-1-FIAT-DIESEL-190H-TURBO-6X2.jpg 1024w\" sizes=\"auto, (max-width: 400px) 100vw, 400px\" \/><\/a>\n\t\t\t<\/dt><\/dl>\n\t\t\t<br style='clear: both' \/>\n\t\t<\/div>\n\n<table>\n<thead>\n<tr>\n<td style=\"text-align: left;\">Prazo de Entrega e Forma de Envio<\/td>\n<\/tr>\n<\/thead>\n<tbody>\n<tr>\n<td style=\"text-align: left;\">\n<ul>\n<li>Em at\u00e9 2 dias \u00fateis ap\u00f3s a confirma\u00e7\u00e3o do pagamento pela empresa administradora de pagamento.<\/li>\n<li>Arquivo digital (Compartilhamento via Google Drive)<\/li>\n<\/ul>\n<\/td>\n<\/tr>\n<\/tbody>\n<tfoot>\n<tr>\n<td><em>Uma Conta Gmail \u00e9 obrigat\u00f3ria para o recebimento do mod.<\/em><\/td>\n<\/tr>\n<\/tfoot>\n<\/table>\n<table>\n<thead>\n<tr>\n<td style=\"text-align: left;\">Normas de uso<\/td>\n<\/tr>\n<\/thead>\n<tbody>\n<tr>\n<td style=\"text-align: left;\">\n<ul>\n<li>Nos reservamos o direito de n\u00e3o vender para compradores com hist\u00f3rico negativo na comunidade, com dados divergentes ou que moram fora do Brasil.<\/li>\n<li>Venda apenas para uso individual do comprador. \u00c9 vetada a edi\u00e7\u00e3o, compartilhamento, distribui\u00e7\u00e3o, doa\u00e7\u00e3o, troca ou revenda da modifica\u00e7\u00e3o.<\/li>\n<li>N\u00e3o mudaremos dados de e-mails dos compradores ap\u00f3s o envio. Exceto se o mesmo for cancelado pelo Google e n\u00e3o seja mais poss\u00edvel enviar atualiza\u00e7\u00f5es.<\/li>\n<\/ul>\n<\/td>\n<\/tr>\n<\/tbody>\n<\/table>\n","protected":false},"excerpt":{"rendered":"<p data-start=\"36\" data-end=\"171\"><strong data-start=\"0\" data-end=\"65\" data-is-only-node=\"\">Reviva a era de ouro dos caminh\u00f5es no Euro Truck Simulator 2!<\/strong><\/p>\n<p data-start=\"173\" data-end=\"466\">Este pacote inclui o lend\u00e1rio <strong data-start=\"150\" data-end=\"199\">Scania Jacar\u00e9 (S\u00e9rie L), Scania 2 Torpedo (112 e 142 a A partir de 1981) e o Fiat Diesel 190H<\/strong>, recriados com fidelidade e riqueza de detalhes. Sinta a pot\u00eancia dessas m\u00e1quinas lend\u00e1rias e transforme sua experi\u00eancia no ETS 2 com caminh\u00f5es hist\u00f3ricos que marcaram gera\u00e7\u00f5es!<\/p>\n","protected":false},"featured_media":22615,"template":"","meta":{"_acf_changed":false,"_seopress_robots_primary_cat":"none","_seopress_titles_title":"Pack de Caminh\u00f5es Scania Vol. 1 + Fiat 190H \u2013 ETS 2","_seopress_titles_desc":"Adquira o primeiro volume da cole\u00e7\u00e3o de caminh\u00f5es Cl\u00e1ssicos para Euro Truck Simulator 2. Hist\u00f3ria , realismo e simula\u00e7\u00e3o andam juntos no ETS 2","_seopress_robots_index":""},"product_brand":[],"product_cat":[86],"product_tag":[],"class_list":{"0":"post-22614","1":"product","2":"type-product","3":"status-publish","4":"has-post-thumbnail","6":"product_cat-caminhoes","8":"first","9":"instock","10":"featured","11":"sold-individually","12":"shipping-taxable","13":"purchasable","14":"product-type-simple"},"acf":[],"_links":{"self":[{"href":"https:\/\/rcteam.com.br\/rcshop\/wp-json\/wp\/v2\/product\/22614","targetHints":{"allow":["GET"]}}],"collection":[{"href":"https:\/\/rcteam.com.br\/rcshop\/wp-json\/wp\/v2\/product"}],"about":[{"href":"https:\/\/rcteam.com.br\/rcshop\/wp-json\/wp\/v2\/types\/product"}],"wp:featuredmedia":[{"embeddable":true,"href":"https:\/\/rcteam.com.br\/rcshop\/wp-json\/wp\/v2\/media\/22615"}],"wp:attachment":[{"href":"https:\/\/rcteam.com.br\/rcshop\/wp-json\/wp\/v2\/media?parent=22614"}],"wp:term":[{"taxonomy":"product_brand","embeddable":true,"href":"https:\/\/rcteam.com.br\/rcshop\/wp-json\/wp\/v2\/product_brand?post=22614"},{"taxonomy":"product_cat","embeddable":true,"href":"https:\/\/rcteam.com.br\/rcshop\/wp-json\/wp\/v2\/product_cat?post=22614"},{"taxonomy":"product_tag","embeddable":true,"href":"https:\/\/rcteam.com.br\/rcshop\/wp-json\/wp\/v2\/product_tag?post=22614"}],"curies":[{"name":"wp","href":"https:\/\/api.w.org\/{rel}","templated":true}]}}