{"id":2841,"date":"2015-01-04T09:43:40","date_gmt":"2015-01-04T11:43:40","guid":{"rendered":"https:\/\/rcteam.com.br\/rcshop\/?post_type=product&#038;p=2841"},"modified":"2022-06-02T00:26:06","modified_gmt":"2022-06-02T03:26:06","slug":"pacote-adicional-rcbrasil-pack-de-bitrens-7-eixos-bau-furgao-guerra","status":"publish","type":"product","link":"https:\/\/rcteam.com.br\/rcshop\/produto\/pacote-adicional-rcbrasil-pack-de-bitrens-7-eixos-bau-furgao-guerra\/","title":{"rendered":"PACOTE ADICIONAL RCBRASIL &#8211; Pack de Bitrens 7 Eixos Ba\u00fa Furg\u00e3o Guerra"},"content":{"rendered":"<p>Tipo de Modelagem:<\/p>\n<ul>\n<li>Lowpoly<\/li>\n<\/ul>\n<p>Varia\u00e7\u00f5es:<\/p>\n<ul>\n<li>Bitrem 7 Eixos Ba\u00fa Furg\u00e3o.<\/li>\n<\/ul>\n<p><em><strong>\u00a0 \u00a0 \u00a0Observa\u00e7\u00e3o:<\/strong> <span style=\"color: #3366ff;\">Os bitrens s\u00f3 estar\u00e3o acess\u00edveis para quem joga no mapa RCBRASIL e nas suas devidas cargas de refer\u00eancia, tal condi\u00e7\u00e3o n\u00e3o ser\u00e1 mudada, pois se trata de um pacote adicional para o mapa.\u00a0<\/span><\/em><\/p>\n<p>Mod compat\u00edvel com os mapas:<\/p>\n<ul>\n<li>RCBRASIL (Desde a vers\u00e3o 1.1).<\/li>\n<\/ul>\n<p><em><strong>Observa\u00e7\u00e3o:<\/strong> <span style=\"color: #3366ff;\">O mapas pode mudar as suas defini\u00e7\u00f5es de cargas sem aviso pr\u00e9vio e fazer com que o pack deixe de funcionar momentaneamente, ao comprar o mod voc\u00ea concorda com essa condi\u00e7\u00e3o.<\/span><\/em><\/p>\n<p>Adicionais ao mod:<\/p>\n<ul>\n<li>Pneus e rodas 2.95\/80R22,5 com rodas disco polidas.<\/li>\n<\/ul>\n<p>Varia\u00e7\u00f5es de Cores\/Skin:<\/p>\n<ul>\n<li>16 Skins (Atualizado em 04\/01\/2018)<\/li>\n<li>Template Skins (Ainda n\u00e3o est\u00e1 pronto)<\/li>\n<\/ul>\n<p>Entrega:<\/p>\n<ul>\n<li>In\u00edcio das entregas prevista para 07\/01\/2018.<\/li>\n<li>Em at\u00e9 2 dias \u00fateis ap\u00f3s a confirma\u00e7\u00e3o do pagamento pelo PagSeguro.<\/li>\n<\/ul>\n<p>Envio:<\/p>\n<ul>\n<li>Arquivo digital (Compartilhamento via Google Drive)<\/li>\n<li><em><strong>Observa\u00e7\u00e3o:<\/strong> <span style=\"color: #3366ff;\">Uma Conta Gmail \u00e9 obrigat\u00f3ria para o recebimento do mod.<\/span><\/em><\/li>\n<\/ul>\n<p>Desenvolvedor:<\/p>\n<ul>\n<li>Victor Rodrigues<\/li>\n<\/ul>\n<p>Observa\u00e7\u00f5es Gerais:<\/p>\n<ul>\n<li>Venda apenas para uso no jogo Euro Truck Simulator 2, vetada a edi\u00e7\u00e3o, compartilhamento ou revenda do mod.<\/li>\n<\/ul>\n<p>&nbsp;<\/p>\n","protected":false},"excerpt":{"rendered":"<p>Pacote adicional de bitrens 7 eixos ba\u00fa furg\u00e3o Guerra para o mapa RCBRASIL.<\/p>\n","protected":false},"featured_media":2855,"template":"","meta":{"_acf_changed":false,"_seopress_robots_primary_cat":"none","_seopress_titles_title":"","_seopress_titles_desc":"","_seopress_robots_index":"","_seopress_analysis_target_kw":""},"product_brand":[],"product_cat":[76,29],"product_tag":[78,77,26,27,79,24,81,32,23,80,22],"class_list":{"0":"post-2841","1":"product","2":"type-product","3":"status-publish","4":"has-post-thumbnail","6":"product_cat-pacotes-adicionais","7":"product_cat-reboques","8":"product_tag-bau","9":"product_tag-bitrem","10":"product_tag-carretas","11":"product_tag-euro-truck-simulator-2","12":"product_tag-furgao","13":"product_tag-guerra","14":"product_tag-mapa-rcbrasil","15":"product_tag-pack-de-reboques","16":"product_tag-pack-reboques","17":"product_tag-pacote-adicional","18":"product_tag-victor-rodrigues","20":"first","21":"outofstock","22":"virtual","23":"purchasable","24":"product-type-simple"},"acf":[],"_links":{"self":[{"href":"https:\/\/rcteam.com.br\/rcshop\/wp-json\/wp\/v2\/product\/2841","targetHints":{"allow":["GET"]}}],"collection":[{"href":"https:\/\/rcteam.com.br\/rcshop\/wp-json\/wp\/v2\/product"}],"about":[{"href":"https:\/\/rcteam.com.br\/rcshop\/wp-json\/wp\/v2\/types\/product"}],"wp:featuredmedia":[{"embeddable":true,"href":"https:\/\/rcteam.com.br\/rcshop\/wp-json\/wp\/v2\/media\/2855"}],"wp:attachment":[{"href":"https:\/\/rcteam.com.br\/rcshop\/wp-json\/wp\/v2\/media?parent=2841"}],"wp:term":[{"taxonomy":"product_brand","embeddable":true,"href":"https:\/\/rcteam.com.br\/rcshop\/wp-json\/wp\/v2\/product_brand?post=2841"},{"taxonomy":"product_cat","embeddable":true,"href":"https:\/\/rcteam.com.br\/rcshop\/wp-json\/wp\/v2\/product_cat?post=2841"},{"taxonomy":"product_tag","embeddable":true,"href":"https:\/\/rcteam.com.br\/rcshop\/wp-json\/wp\/v2\/product_tag?post=2841"}],"curies":[{"name":"wp","href":"https:\/\/api.w.org\/{rel}","templated":true}]}}