{"id":2995,"date":"2018-01-21T01:56:10","date_gmt":"2018-01-21T03:56:10","guid":{"rendered":"https:\/\/rcteam.com.br\/rcshop\/?post_type=product&#038;p=2995"},"modified":"2025-08-14T18:52:16","modified_gmt":"2025-08-14T21:52:16","slug":"bitrem-7-eixos-graneleiro-2010-guerra-ets-2","status":"publish","type":"product","link":"https:\/\/rcteam.com.br\/rcshop\/produto\/bitrem-7-eixos-graneleiro-2010-guerra-ets-2\/","title":{"rendered":"Bitrem 7 Eixos Granel. Guerra | ETS 2"},"content":{"rendered":"<p>Em 2009 a Guerra Implementos lan\u00e7ou na FENATRAN a sua nova linha de graneleiras com a tecnologia TECNO 10, muito mais leve adequada as necessidades do que viria pela frente no transporte nacional.<\/p>\n<p>O mod \u00e9 uma \u00f3tima representa\u00e7\u00e3o do modelo apresentado pela montadora, com varia\u00e7\u00f5es de tampas, acess\u00f3rios, lonas, al\u00e9m do tr\u00e1fego com as mais variadas possibilidades.<\/p>\n<p><img loading=\"lazy\" decoding=\"async\" class=\"size-full wp-image-20925 aligncenter\" src=\"https:\/\/rcteam.com.br\/rcshop\/wp-content\/uploads\/2018\/01\/OBS-CARGO-TRAILER-ETS2.jpg\" alt=\"Cargas animadas compat\u00edvel com as cargas oficiais do ETS 2\" width=\"768\" height=\"100\" srcset=\"https:\/\/rcteam.com.br\/rcshop\/wp-content\/uploads\/2018\/01\/OBS-CARGO-TRAILER-ETS2.jpg 768w, https:\/\/rcteam.com.br\/rcshop\/wp-content\/uploads\/2018\/01\/OBS-CARGO-TRAILER-ETS2-600x78.jpg 600w\" sizes=\"auto, (max-width: 768px) 100vw, 768px\" \/><\/p>\n<table>\n<thead>\n<tr>\n<td style=\"text-align: left;\">Chassis<\/td>\n<\/tr>\n<\/thead>\n<tbody>\n<tr>\n<td style=\"text-align: left;\">\n<ul>\n<li>Bitrem 2 + 2 Eixos para Caminh\u00f5es 6&#215;2 \/ 6&#215;4<\/li>\n<\/ul>\n<\/td>\n<\/tr>\n<\/tbody>\n<\/table>\n<table>\n<thead>\n<tr>\n<td style=\"text-align: left;\">Caixa de Carga<\/td>\n<\/tr>\n<\/thead>\n<tbody>\n<tr>\n<td style=\"text-align: left;\">\n<ul>\n<li>Graneleira 3+3 Tampas de 80 cm<\/li>\n<li>Graneleira 3+3 Tampas de 100 cm<\/li>\n<li>Graneleira 3+3 Tampas de 160 cm (80 + 80)<\/li>\n<li>Graneleira 3+3 Tampas de 180 cm (80 + 100)<\/li>\n<li>Graneleira 3+3 Tampas de 200 cm (100 + 100)<\/li>\n<li>Graneleira 3+3 Tampas de 240 cm (80 + 80 +80)<\/li>\n<\/ul>\n<\/td>\n<\/tr>\n<\/tbody>\n<\/table>\n<table>\n<thead>\n<tr>\n<td style=\"text-align: left;\">Integra\u00e7\u00e3o de carregamento nas empresas do game<\/td>\n<\/tr>\n<\/thead>\n<tbody>\n<tr>\n<td style=\"text-align: left;\">\n<ul>\n<li>Cargas animadas;<\/li>\n<\/ul>\n<\/td>\n<\/tr>\n<\/tbody>\n<\/table>\n<table>\n<thead>\n<tr>\n<td style=\"text-align: left;\">Varia\u00e7\u00f5es de Cores<\/td>\n<\/tr>\n<\/thead>\n<tbody>\n<tr>\n<td style=\"text-align: left;\">\n<ul>\n<li>Cor edit\u00e1vel padr\u00e3o do game;<\/li>\n<li>V\u00e1rias pinturas predefinidas;<\/li>\n<li>V\u00e1rias pinturas predefinidas sujas<\/li>\n<li>Templates para skins.<\/li>\n<\/ul>\n<\/td>\n<\/tr>\n<\/tbody>\n<\/table>\n<table>\n<thead>\n<tr>\n<td style=\"text-align: left;\">Acess\u00f3rios<\/td>\n<\/tr>\n<\/thead>\n<tbody>\n<tr>\n<td style=\"text-align: left;\">\n<ul>\n<li>Arcos;<\/li>\n<li>Lonas;<\/li>\n<li>Protetores laterais;<\/li>\n<li>Estepes;<\/li>\n<li>Lameiros e Lameir\u00f5es;<\/li>\n<li>Foguinhos;<\/li>\n<li>Caixa de Cozinha;<\/li>\n<li>Caixa de Ferramentas;<\/li>\n<li>Geladeira Elber;<\/li>\n<li>Corote;<\/li>\n<li>Rodas \u00e0 disco e Pneus;<\/li>\n<li>Rodo-ar;<\/li>\n<li>Calotas 3 e 5 Pontas.<\/li>\n<\/ul>\n<\/td>\n<\/tr>\n<\/tbody>\n<\/table>\n<table>\n<thead>\n<tr>\n<td style=\"text-align: left;\">Intera\u00e7\u00e3o no game<\/td>\n<\/tr>\n<\/thead>\n<tbody>\n<tr>\n<td style=\"text-align: left;\">\n<ul>\n<li>Ativo no tr\u00e1fego;<\/li>\n<li>Dispon\u00edvel no Mercado de fretes*<\/li>\n<li>Dispon\u00edvel nas Cargas r\u00e1pidas*<\/li>\n<li>Compr\u00e1vel na Concession\u00e1ria Personalizada Guerra<\/li>\n<\/ul>\n<p><em>*\u00a0 <span style=\"color: #3366ff;\">O mod estar\u00e1 dispon\u00edvel no mercado de frete nas cargas que sejam padr\u00f5es do game e em qualquer mapa que ela esteja sendo usada.<\/span><\/em><\/td>\n<\/tr>\n<\/tbody>\n<\/table>\n<table>\n<thead>\n<tr>\n<td style=\"text-align: left;\">Mod compat\u00edvel com os mapas<\/td>\n<\/tr>\n<\/thead>\n<tbody>\n<tr>\n<td style=\"text-align: left;\">\n<ul>\n<li>Mapas originais do jogo (Todas as Cargas);<\/li>\n<li>Mapa RC BRASIL (Todas as Cargas);<\/li>\n<li>Outros mapas brasileiros compat\u00edveis com as cargas do jogo;<\/li>\n<\/ul>\n<p>Os implementos s\u00e3o compr\u00e1veis na loja de reboques e est\u00e1 sob a defini\u00e7\u00e3o de CURTAINSIDER que faz com que os modelos estejam aptos a mais de 200 cargas em diversos mapas. Para saber que ir\u00e1 funcionar no mapa desejado, basta verificar se o SIDER original do game funciona no mapa que quer usar.<\/p>\n<p><em><strong>Observa\u00e7\u00e3o:<\/strong> <span style=\"color: #3366ff;\">O mod cont\u00e9m anima\u00e7\u00e3o de carregamento com diversas cargas abertas, as defini\u00e7\u00f5es s\u00e3o funcionais nas cargas originais do jogo, em mapas compat\u00edveis com as cargas da produtora do game e tamb\u00e9m do mapa RC Brasil. Ao comprar o mod, voc\u00ea concorda com essa condi\u00e7\u00e3o.<\/span><\/em><\/td>\n<\/tr>\n<\/tbody>\n<\/table>\n<table>\n<thead>\n<tr>\n<td style=\"text-align: left;\">Prazo de Entrega e Forma de Envio<\/td>\n<\/tr>\n<\/thead>\n<tbody>\n<tr>\n<td style=\"text-align: left;\">\n<ul>\n<li>Em at\u00e9 2 dias \u00fateis ap\u00f3s a confirma\u00e7\u00e3o do pagamento pela empresa administradora de pagamento.<\/li>\n<li>Arquivo digital (Compartilhamento via Google Drive)<\/li>\n<\/ul>\n<\/td>\n<\/tr>\n<\/tbody>\n<tfoot>\n<tr>\n<td><em>Uma Conta Gmail \u00e9 obrigat\u00f3ria para o recebimento do mod.<\/em><\/td>\n<\/tr>\n<\/tfoot>\n<\/table>\n<table>\n<thead>\n<tr>\n<td style=\"text-align: left;\">Normas de uso<\/td>\n<\/tr>\n<\/thead>\n<tbody>\n<tr>\n<td style=\"text-align: left;\">\n<ul>\n<li>Contato e Suporte apenas com o t\u00edtular da conta, conforme a Lei Geral de Prote\u00e7\u00e3o de Dados (LGPD).<\/li>\n<li>Venda apenas para uso individual do comprador. \u00c9 vetada a edi\u00e7\u00e3o, compartilhamento, distribui\u00e7\u00e3o, doa\u00e7\u00e3o, troca ou revenda da modifica\u00e7\u00e3o.<\/li>\n<li>N\u00e3o mudaremos dados de e-mails dos compradores ap\u00f3s o envio. Exceto se o mesmo for cancelado pelo Google e n\u00e3o seja mais poss\u00edvel enviar atualiza\u00e7\u00f5es.<\/li>\n<\/ul>\n<\/td>\n<\/tr>\n<\/tbody>\n<\/table>\n","protected":false},"excerpt":{"rendered":"<p>Em 2009 a Guerra Implementos lan\u00e7ou na FENATRAN a sua nova linha de graneleiras com a tecnologia TECNO 10, muito mais leve adequada as necessidades do que viria pela frente no transporte nacional.<\/p>\n<p>O mod \u00e9 uma \u00f3tima representa\u00e7\u00e3o do modelo apresentado pela montadora, com varia\u00e7\u00f5es de tampas, acess\u00f3rios, lonas, al\u00e9m do tr\u00e1fego com as mais variadas possibilidades.<\/p>\n","protected":false},"featured_media":20931,"template":"","meta":{"_acf_changed":false,"_seopress_robots_primary_cat":"none","_seopress_titles_title":"Bitrens 7 Eixos Graneleiro Guerra para ETS2","_seopress_titles_desc":"Mod de Bitrens 7 eixos para Euro Truck Simulator 2","_seopress_robots_index":""},"product_brand":[],"product_cat":[208],"product_tag":[77,26,82,27,33,24,22],"class_list":{"0":"post-2995","1":"product","2":"type-product","3":"status-publish","4":"has-post-thumbnail","6":"product_cat-descontinuados","7":"product_tag-bitrem","8":"product_tag-carretas","9":"product_tag-ets2","10":"product_tag-euro-truck-simulator-2","11":"product_tag-graneleiras","12":"product_tag-guerra","13":"product_tag-victor-rodrigues","15":"first","16":"outofstock","17":"shipping-taxable","18":"purchasable","19":"product-type-simple"},"acf":[],"_links":{"self":[{"href":"https:\/\/rcteam.com.br\/rcshop\/wp-json\/wp\/v2\/product\/2995","targetHints":{"allow":["GET"]}}],"collection":[{"href":"https:\/\/rcteam.com.br\/rcshop\/wp-json\/wp\/v2\/product"}],"about":[{"href":"https:\/\/rcteam.com.br\/rcshop\/wp-json\/wp\/v2\/types\/product"}],"wp:featuredmedia":[{"embeddable":true,"href":"https:\/\/rcteam.com.br\/rcshop\/wp-json\/wp\/v2\/media\/20931"}],"wp:attachment":[{"href":"https:\/\/rcteam.com.br\/rcshop\/wp-json\/wp\/v2\/media?parent=2995"}],"wp:term":[{"taxonomy":"product_brand","embeddable":true,"href":"https:\/\/rcteam.com.br\/rcshop\/wp-json\/wp\/v2\/product_brand?post=2995"},{"taxonomy":"product_cat","embeddable":true,"href":"https:\/\/rcteam.com.br\/rcshop\/wp-json\/wp\/v2\/product_cat?post=2995"},{"taxonomy":"product_tag","embeddable":true,"href":"https:\/\/rcteam.com.br\/rcshop\/wp-json\/wp\/v2\/product_tag?post=2995"}],"curies":[{"name":"wp","href":"https:\/\/api.w.org\/{rel}","templated":true}]}}