{"id":5907,"date":"2019-02-28T22:22:05","date_gmt":"2019-03-01T01:22:05","guid":{"rendered":"https:\/\/rcteam.com.br\/rcshop\/?post_type=product&#038;p=5907"},"modified":"2026-04-01T16:10:10","modified_gmt":"2026-04-01T19:10:10","slug":"mb-ls-1634-para-ets-2","status":"publish","type":"product","link":"https:\/\/rcteam.com.br\/rcshop\/produto\/mb-ls-1634-para-ets-2\/","title":{"rendered":"Mercedes-Benz LS 1634 + LS 1632 | ETS 2"},"content":{"rendered":"<p>Com o DNA do melhor caminh\u00e3o dos anos 90, LS 1935, e com a tecnologia do LS 1938, nascia em 2002 a LS 1634 com um motor muito conhecido das estradas brasileiras, o OM 447 LA de 360 cv. Trata-se de um caminh\u00e3o rodovi\u00e1rio de longas dist\u00e2ncias com muita disposi\u00e7\u00e3o.<\/p>\n<p>O LS 1634 foi antecedido pelo LS 1632, um caminh\u00e3o para transporte de cargas regional e com a gen\u00e9tica dos 5 cilindros da montadora, s\u00f3 que agora muito mais robusto e com mais capacidade de carga. A performance dos caminh\u00f5es no Euro Truck Simulator 2 far\u00e1 voc\u00ea se surpreender.??<\/p>\n<h4>Configura\u00e7\u00f5es no Cavalo Mec\u00e2nico:<\/h4>\n\n\t\t<style type=\"text\/css\">\n\t\t\t#gallery-1 {\n\t\t\t\tmargin: auto;\n\t\t\t}\n\t\t\t#gallery-1 .gallery-item {\n\t\t\t\tfloat: left;\n\t\t\t\tmargin-top: 10px;\n\t\t\t\ttext-align: center;\n\t\t\t\twidth: 25%;\n\t\t\t}\n\t\t\t#gallery-1 img {\n\t\t\t\tborder: 2px solid #cfcfcf;\n\t\t\t}\n\t\t\t#gallery-1 .gallery-caption {\n\t\t\t\tmargin-left: 0;\n\t\t\t}\n\t\t\t\/* see gallery_shortcode() in wp-includes\/media.php *\/\n\t\t<\/style>\n\t\t<div id='gallery-1' class='gallery galleryid-5907 gallery-columns-4 gallery-size-thumbnail'><dl class='gallery-item'>\n\t\t\t<dt class='gallery-icon landscape'>\n\t\t\t\t<a href='https:\/\/rcteam.com.br\/rcshop\/?attachment_id=21398'><img loading=\"lazy\" decoding=\"async\" width=\"400\" height=\"400\" src=\"https:\/\/rcteam.com.br\/rcshop\/wp-content\/uploads\/2019\/02\/PRODUTO-MB-1632-1634-ETS2-009-400x400.png\" class=\"attachment-thumbnail size-thumbnail\" alt=\"\" srcset=\"https:\/\/rcteam.com.br\/rcshop\/wp-content\/uploads\/2019\/02\/PRODUTO-MB-1632-1634-ETS2-009-400x400.png 400w, https:\/\/rcteam.com.br\/rcshop\/wp-content\/uploads\/2019\/02\/PRODUTO-MB-1632-1634-ETS2-009-800x800.png 800w, https:\/\/rcteam.com.br\/rcshop\/wp-content\/uploads\/2019\/02\/PRODUTO-MB-1632-1634-ETS2-009-1024x1024.png 1024w, https:\/\/rcteam.com.br\/rcshop\/wp-content\/uploads\/2019\/02\/PRODUTO-MB-1632-1634-ETS2-009-768x768.png 768w, https:\/\/rcteam.com.br\/rcshop\/wp-content\/uploads\/2019\/02\/PRODUTO-MB-1632-1634-ETS2-009-300x300.png 300w, https:\/\/rcteam.com.br\/rcshop\/wp-content\/uploads\/2019\/02\/PRODUTO-MB-1632-1634-ETS2-009-600x600.png 600w, https:\/\/rcteam.com.br\/rcshop\/wp-content\/uploads\/2019\/02\/PRODUTO-MB-1632-1634-ETS2-009-100x100.png 100w, https:\/\/rcteam.com.br\/rcshop\/wp-content\/uploads\/2019\/02\/PRODUTO-MB-1632-1634-ETS2-009.png 1080w\" sizes=\"auto, (max-width: 400px) 100vw, 400px\" \/><\/a>\n\t\t\t<\/dt><\/dl><dl class='gallery-item'>\n\t\t\t<dt class='gallery-icon landscape'>\n\t\t\t\t<a href='https:\/\/rcteam.com.br\/rcshop\/?attachment_id=21396'><img loading=\"lazy\" decoding=\"async\" width=\"400\" height=\"400\" src=\"https:\/\/rcteam.com.br\/rcshop\/wp-content\/uploads\/2019\/02\/PRODUTO-MB-1632-1634-ETS2-007-400x400.png\" class=\"attachment-thumbnail size-thumbnail\" alt=\"\" srcset=\"https:\/\/rcteam.com.br\/rcshop\/wp-content\/uploads\/2019\/02\/PRODUTO-MB-1632-1634-ETS2-007-400x400.png 400w, https:\/\/rcteam.com.br\/rcshop\/wp-content\/uploads\/2019\/02\/PRODUTO-MB-1632-1634-ETS2-007-800x800.png 800w, https:\/\/rcteam.com.br\/rcshop\/wp-content\/uploads\/2019\/02\/PRODUTO-MB-1632-1634-ETS2-007-1024x1024.png 1024w, https:\/\/rcteam.com.br\/rcshop\/wp-content\/uploads\/2019\/02\/PRODUTO-MB-1632-1634-ETS2-007-768x768.png 768w, https:\/\/rcteam.com.br\/rcshop\/wp-content\/uploads\/2019\/02\/PRODUTO-MB-1632-1634-ETS2-007-300x300.png 300w, https:\/\/rcteam.com.br\/rcshop\/wp-content\/uploads\/2019\/02\/PRODUTO-MB-1632-1634-ETS2-007-600x600.png 600w, https:\/\/rcteam.com.br\/rcshop\/wp-content\/uploads\/2019\/02\/PRODUTO-MB-1632-1634-ETS2-007-100x100.png 100w, https:\/\/rcteam.com.br\/rcshop\/wp-content\/uploads\/2019\/02\/PRODUTO-MB-1632-1634-ETS2-007.png 1080w\" sizes=\"auto, (max-width: 400px) 100vw, 400px\" \/><\/a>\n\t\t\t<\/dt><\/dl><dl class='gallery-item'>\n\t\t\t<dt class='gallery-icon landscape'>\n\t\t\t\t<a href='https:\/\/rcteam.com.br\/rcshop\/?attachment_id=21395'><img loading=\"lazy\" decoding=\"async\" width=\"400\" height=\"400\" src=\"https:\/\/rcteam.com.br\/rcshop\/wp-content\/uploads\/2019\/02\/PRODUTO-MB-1632-1634-ETS2-006-400x400.png\" class=\"attachment-thumbnail size-thumbnail\" alt=\"\" srcset=\"https:\/\/rcteam.com.br\/rcshop\/wp-content\/uploads\/2019\/02\/PRODUTO-MB-1632-1634-ETS2-006-400x400.png 400w, https:\/\/rcteam.com.br\/rcshop\/wp-content\/uploads\/2019\/02\/PRODUTO-MB-1632-1634-ETS2-006-800x800.png 800w, https:\/\/rcteam.com.br\/rcshop\/wp-content\/uploads\/2019\/02\/PRODUTO-MB-1632-1634-ETS2-006-1024x1024.png 1024w, https:\/\/rcteam.com.br\/rcshop\/wp-content\/uploads\/2019\/02\/PRODUTO-MB-1632-1634-ETS2-006-768x768.png 768w, https:\/\/rcteam.com.br\/rcshop\/wp-content\/uploads\/2019\/02\/PRODUTO-MB-1632-1634-ETS2-006-300x300.png 300w, https:\/\/rcteam.com.br\/rcshop\/wp-content\/uploads\/2019\/02\/PRODUTO-MB-1632-1634-ETS2-006-600x600.png 600w, https:\/\/rcteam.com.br\/rcshop\/wp-content\/uploads\/2019\/02\/PRODUTO-MB-1632-1634-ETS2-006-100x100.png 100w, https:\/\/rcteam.com.br\/rcshop\/wp-content\/uploads\/2019\/02\/PRODUTO-MB-1632-1634-ETS2-006.png 1080w\" sizes=\"auto, (max-width: 400px) 100vw, 400px\" \/><\/a>\n\t\t\t<\/dt><\/dl><dl class='gallery-item'>\n\t\t\t<dt class='gallery-icon landscape'>\n\t\t\t\t<a href='https:\/\/rcteam.com.br\/rcshop\/?attachment_id=21394'><img loading=\"lazy\" decoding=\"async\" width=\"400\" height=\"400\" src=\"https:\/\/rcteam.com.br\/rcshop\/wp-content\/uploads\/2019\/02\/PRODUTO-MB-1632-1634-ETS2-005-400x400.png\" class=\"attachment-thumbnail size-thumbnail\" alt=\"\" srcset=\"https:\/\/rcteam.com.br\/rcshop\/wp-content\/uploads\/2019\/02\/PRODUTO-MB-1632-1634-ETS2-005-400x400.png 400w, https:\/\/rcteam.com.br\/rcshop\/wp-content\/uploads\/2019\/02\/PRODUTO-MB-1632-1634-ETS2-005-800x800.png 800w, https:\/\/rcteam.com.br\/rcshop\/wp-content\/uploads\/2019\/02\/PRODUTO-MB-1632-1634-ETS2-005-1024x1024.png 1024w, https:\/\/rcteam.com.br\/rcshop\/wp-content\/uploads\/2019\/02\/PRODUTO-MB-1632-1634-ETS2-005-768x768.png 768w, https:\/\/rcteam.com.br\/rcshop\/wp-content\/uploads\/2019\/02\/PRODUTO-MB-1632-1634-ETS2-005-300x300.png 300w, https:\/\/rcteam.com.br\/rcshop\/wp-content\/uploads\/2019\/02\/PRODUTO-MB-1632-1634-ETS2-005-600x600.png 600w, https:\/\/rcteam.com.br\/rcshop\/wp-content\/uploads\/2019\/02\/PRODUTO-MB-1632-1634-ETS2-005-100x100.png 100w, https:\/\/rcteam.com.br\/rcshop\/wp-content\/uploads\/2019\/02\/PRODUTO-MB-1632-1634-ETS2-005.png 1080w\" sizes=\"auto, (max-width: 400px) 100vw, 400px\" \/><\/a>\n\t\t\t<\/dt><\/dl><br style=\"clear: both\" \/>\n\t\t<\/div>\n\n<p>&nbsp;<\/p>\n<h4>Configura\u00e7\u00f5es no Truck:<\/h4>\n\n\t\t<style type=\"text\/css\">\n\t\t\t#gallery-2 {\n\t\t\t\tmargin: auto;\n\t\t\t}\n\t\t\t#gallery-2 .gallery-item {\n\t\t\t\tfloat: left;\n\t\t\t\tmargin-top: 10px;\n\t\t\t\ttext-align: center;\n\t\t\t\twidth: 25%;\n\t\t\t}\n\t\t\t#gallery-2 img {\n\t\t\t\tborder: 2px solid #cfcfcf;\n\t\t\t}\n\t\t\t#gallery-2 .gallery-caption {\n\t\t\t\tmargin-left: 0;\n\t\t\t}\n\t\t\t\/* see gallery_shortcode() in wp-includes\/media.php *\/\n\t\t<\/style>\n\t\t<div id='gallery-2' class='gallery galleryid-5907 gallery-columns-4 gallery-size-thumbnail'><dl class='gallery-item'>\n\t\t\t<dt class='gallery-icon landscape'>\n\t\t\t\t<a href='https:\/\/rcteam.com.br\/rcshop\/?attachment_id=21400'><img loading=\"lazy\" decoding=\"async\" width=\"400\" height=\"400\" src=\"https:\/\/rcteam.com.br\/rcshop\/wp-content\/uploads\/2019\/02\/PRODUTO-MB-1632-1634-ETS2-011-400x400.png\" class=\"attachment-thumbnail size-thumbnail\" alt=\"\" srcset=\"https:\/\/rcteam.com.br\/rcshop\/wp-content\/uploads\/2019\/02\/PRODUTO-MB-1632-1634-ETS2-011-400x400.png 400w, https:\/\/rcteam.com.br\/rcshop\/wp-content\/uploads\/2019\/02\/PRODUTO-MB-1632-1634-ETS2-011-800x800.png 800w, https:\/\/rcteam.com.br\/rcshop\/wp-content\/uploads\/2019\/02\/PRODUTO-MB-1632-1634-ETS2-011-1024x1024.png 1024w, https:\/\/rcteam.com.br\/rcshop\/wp-content\/uploads\/2019\/02\/PRODUTO-MB-1632-1634-ETS2-011-768x768.png 768w, https:\/\/rcteam.com.br\/rcshop\/wp-content\/uploads\/2019\/02\/PRODUTO-MB-1632-1634-ETS2-011-300x300.png 300w, https:\/\/rcteam.com.br\/rcshop\/wp-content\/uploads\/2019\/02\/PRODUTO-MB-1632-1634-ETS2-011-600x600.png 600w, https:\/\/rcteam.com.br\/rcshop\/wp-content\/uploads\/2019\/02\/PRODUTO-MB-1632-1634-ETS2-011-100x100.png 100w, https:\/\/rcteam.com.br\/rcshop\/wp-content\/uploads\/2019\/02\/PRODUTO-MB-1632-1634-ETS2-011.png 1080w\" sizes=\"auto, (max-width: 400px) 100vw, 400px\" \/><\/a>\n\t\t\t<\/dt><\/dl><dl class='gallery-item'>\n\t\t\t<dt class='gallery-icon landscape'>\n\t\t\t\t<a href='https:\/\/rcteam.com.br\/rcshop\/?attachment_id=21399'><img loading=\"lazy\" decoding=\"async\" width=\"400\" height=\"400\" src=\"https:\/\/rcteam.com.br\/rcshop\/wp-content\/uploads\/2019\/02\/PRODUTO-MB-1632-1634-ETS2-010-400x400.png\" class=\"attachment-thumbnail size-thumbnail\" alt=\"\" srcset=\"https:\/\/rcteam.com.br\/rcshop\/wp-content\/uploads\/2019\/02\/PRODUTO-MB-1632-1634-ETS2-010-400x400.png 400w, https:\/\/rcteam.com.br\/rcshop\/wp-content\/uploads\/2019\/02\/PRODUTO-MB-1632-1634-ETS2-010-800x800.png 800w, https:\/\/rcteam.com.br\/rcshop\/wp-content\/uploads\/2019\/02\/PRODUTO-MB-1632-1634-ETS2-010-1024x1024.png 1024w, https:\/\/rcteam.com.br\/rcshop\/wp-content\/uploads\/2019\/02\/PRODUTO-MB-1632-1634-ETS2-010-768x768.png 768w, https:\/\/rcteam.com.br\/rcshop\/wp-content\/uploads\/2019\/02\/PRODUTO-MB-1632-1634-ETS2-010-300x300.png 300w, https:\/\/rcteam.com.br\/rcshop\/wp-content\/uploads\/2019\/02\/PRODUTO-MB-1632-1634-ETS2-010-600x600.png 600w, https:\/\/rcteam.com.br\/rcshop\/wp-content\/uploads\/2019\/02\/PRODUTO-MB-1632-1634-ETS2-010-100x100.png 100w, https:\/\/rcteam.com.br\/rcshop\/wp-content\/uploads\/2019\/02\/PRODUTO-MB-1632-1634-ETS2-010.png 1080w\" sizes=\"auto, (max-width: 400px) 100vw, 400px\" \/><\/a>\n\t\t\t<\/dt><\/dl><dl class='gallery-item'>\n\t\t\t<dt class='gallery-icon landscape'>\n\t\t\t\t<a href='https:\/\/rcteam.com.br\/rcshop\/?attachment_id=21401'><img loading=\"lazy\" decoding=\"async\" width=\"400\" height=\"400\" src=\"https:\/\/rcteam.com.br\/rcshop\/wp-content\/uploads\/2019\/02\/PRODUTO-MB-1632-1634-ETS2-012-400x400.png\" class=\"attachment-thumbnail size-thumbnail\" alt=\"\" srcset=\"https:\/\/rcteam.com.br\/rcshop\/wp-content\/uploads\/2019\/02\/PRODUTO-MB-1632-1634-ETS2-012-400x400.png 400w, https:\/\/rcteam.com.br\/rcshop\/wp-content\/uploads\/2019\/02\/PRODUTO-MB-1632-1634-ETS2-012-800x800.png 800w, https:\/\/rcteam.com.br\/rcshop\/wp-content\/uploads\/2019\/02\/PRODUTO-MB-1632-1634-ETS2-012-1024x1024.png 1024w, https:\/\/rcteam.com.br\/rcshop\/wp-content\/uploads\/2019\/02\/PRODUTO-MB-1632-1634-ETS2-012-768x768.png 768w, https:\/\/rcteam.com.br\/rcshop\/wp-content\/uploads\/2019\/02\/PRODUTO-MB-1632-1634-ETS2-012-300x300.png 300w, https:\/\/rcteam.com.br\/rcshop\/wp-content\/uploads\/2019\/02\/PRODUTO-MB-1632-1634-ETS2-012-600x600.png 600w, https:\/\/rcteam.com.br\/rcshop\/wp-content\/uploads\/2019\/02\/PRODUTO-MB-1632-1634-ETS2-012-100x100.png 100w, https:\/\/rcteam.com.br\/rcshop\/wp-content\/uploads\/2019\/02\/PRODUTO-MB-1632-1634-ETS2-012.png 1080w\" sizes=\"auto, (max-width: 400px) 100vw, 400px\" \/><\/a>\n\t\t\t<\/dt><\/dl><dl class='gallery-item'>\n\t\t\t<dt class='gallery-icon landscape'>\n\t\t\t\t<a href='https:\/\/rcteam.com.br\/rcshop\/?attachment_id=21402'><img loading=\"lazy\" decoding=\"async\" width=\"400\" height=\"400\" src=\"https:\/\/rcteam.com.br\/rcshop\/wp-content\/uploads\/2019\/02\/PRODUTO-MB-1632-1634-ETS2-013-400x400.png\" class=\"attachment-thumbnail size-thumbnail\" alt=\"\" srcset=\"https:\/\/rcteam.com.br\/rcshop\/wp-content\/uploads\/2019\/02\/PRODUTO-MB-1632-1634-ETS2-013-400x400.png 400w, https:\/\/rcteam.com.br\/rcshop\/wp-content\/uploads\/2019\/02\/PRODUTO-MB-1632-1634-ETS2-013-800x800.png 800w, https:\/\/rcteam.com.br\/rcshop\/wp-content\/uploads\/2019\/02\/PRODUTO-MB-1632-1634-ETS2-013-1024x1024.png 1024w, https:\/\/rcteam.com.br\/rcshop\/wp-content\/uploads\/2019\/02\/PRODUTO-MB-1632-1634-ETS2-013-768x768.png 768w, https:\/\/rcteam.com.br\/rcshop\/wp-content\/uploads\/2019\/02\/PRODUTO-MB-1632-1634-ETS2-013-300x300.png 300w, https:\/\/rcteam.com.br\/rcshop\/wp-content\/uploads\/2019\/02\/PRODUTO-MB-1632-1634-ETS2-013-600x600.png 600w, https:\/\/rcteam.com.br\/rcshop\/wp-content\/uploads\/2019\/02\/PRODUTO-MB-1632-1634-ETS2-013-100x100.png 100w, https:\/\/rcteam.com.br\/rcshop\/wp-content\/uploads\/2019\/02\/PRODUTO-MB-1632-1634-ETS2-013.png 1080w\" sizes=\"auto, (max-width: 400px) 100vw, 400px\" \/><\/a>\n\t\t\t<\/dt><\/dl><br style=\"clear: both\" \/>\n\t\t<\/div>\n\n<p>&nbsp;<\/p>\n<h4>Cabine e Interior:<\/h4>\n<table>\n<thead>\n<tr>\n<td>LS 1632 &#8230;\/2002<\/td>\n<td>LS 1634 &#8230;\/2004<\/td>\n<td>LS 1634 2005\/&#8230;<\/td>\n<\/tr>\n<\/thead>\n<tbody>\n<tr>\n<td>HSK (Com Vigias)<\/td>\n<td>HSK (Com Vigias)<\/td>\n<td>HSK (Sem Vigias)<\/td>\n<\/tr>\n<\/tbody>\n<\/table>\n<h4>Chassis:<\/h4>\n<table>\n<thead>\n<tr>\n<td>LS 1632 &#8230;\/2002<\/td>\n<td>LS 1634 &#8230;\/2004<\/td>\n<td>LS 1634 2005\/&#8230;<\/td>\n<\/tr>\n<\/thead>\n<tbody>\n<tr>\n<td>4&#215;2 (Vers\u00e3o de F\u00e1brica)<\/td>\n<td>4&#215;2 (Vers\u00e3o de F\u00e1brica)<\/td>\n<td>4&#215;2 (Vers\u00e3o de F\u00e1brica)<\/td>\n<\/tr>\n<tr>\n<td>&#8211;<\/td>\n<td>6&#215;2 (Terceiro Eixo)<\/td>\n<td>6&#215;2 (Terceiro Eixo)<\/td>\n<\/tr>\n<\/tbody>\n<\/table>\n<h4>Motores:<\/h4>\n<table>\n<thead>\n<tr>\n<td>LS 1632 &#8230;\/2002<\/td>\n<td>LS 1634 &#8230;\/2004(05)<\/td>\n<td>LS 1634 2005(06)\/&#8230;<\/td>\n<\/tr>\n<\/thead>\n<tbody>\n<tr>\n<td>Motor OM 449 LA &#8211; 320 CV &#8211; Bomba Injetora<\/td>\n<td>Motor OM 447 LA II Turbocooler &#8211; 360 CV &#8211; Bomba Injetora<\/td>\n<td>Motor OM 457 LA EURO III &#8211; 340 CV &#8211; Eletr\u00f4nico<\/td>\n<\/tr>\n<tr>\n<td>&#8211;<\/td>\n<td>&#8211;<\/td>\n<td>Motor OM 457 LA EURO III &#8211; 380 CV &#8211; Eletr\u00f4nico &#8211; CHIP380<\/td>\n<\/tr>\n<tr>\n<td>&#8211;<\/td>\n<td>&#8211;<\/td>\n<td>Motor OM 457 LA EURO III &#8211; 400 CV &#8211; Eletr\u00f4nico &#8211; CHIP400<\/td>\n<\/tr>\n<\/tbody>\n<\/table>\n<h4>Caixa de Marchas:<\/h4>\n<table>\n<thead>\n<tr>\n<td>LS 1632 &#8230;\/2002<\/td>\n<td>LS 1634 &#8230;\/2004(05)<\/td>\n<td>LS 1634 2005(06)\/&#8230;<\/td>\n<\/tr>\n<\/thead>\n<tbody>\n<tr>\n<td>ZF 1650 4 + 4 Marchas + Redu\u00e7\u00e3o (16 Veloc.) \/ Dif: 3.83<\/td>\n<td>ZF 1650 4 + 4 Marchas + Redu\u00e7\u00e3o (16 Veloc.) \/ Dif: 3.83<\/td>\n<td>ZF 1650 4 + 4 Marchas + Redu\u00e7\u00e3o (16 Veloc.) \/ Dif: 3.43<\/td>\n<\/tr>\n<tr>\n<td>ZF 1650 4 + 4 Marchas + Redu\u00e7\u00e3o (16 Veloc.) \/ Dif: 4.22 Reduzido<\/td>\n<td>ZF 1650 4 + 4 Marchas + Redu\u00e7\u00e3o (16 Veloc.) \/ Dif: 4.22 Reduzido<\/td>\n<td>ZF 1650 4 + 4 Marchas + Redu\u00e7\u00e3o (16 Veloc.) \/ Dif: 4.22 Reduzido<\/td>\n<\/tr>\n<tr>\n<td>&#8211;<\/td>\n<td>ZF 1650 4 + 4 Marchas + Redu\u00e7\u00e3o (16 Veloc.) \/ Dif: 4.75 Super Reduzido<\/td>\n<td>ZF 1650 4 + 4 Marchas + Redu\u00e7\u00e3o (16 Veloc.) \/ Dif: 4.75 Super Reduzido<\/td>\n<\/tr>\n<\/tbody>\n<\/table>\n<table>\n<thead>\n<tr>\n<td style=\"text-align: left;\">Intera\u00e7\u00e3o com o jogo<\/td>\n<\/tr>\n<\/thead>\n<tbody>\n<tr>\n<td>\n<ul>\n<li style=\"text-align: left;\">Compat\u00edvel com a DLC&#8217;s de acess\u00f3rios da SCS (N\u00e3o inclusa);<\/li>\n<li style=\"text-align: left;\">Customiza\u00e7\u00e3o de pinturas no gerenciador;<\/li>\n<li style=\"text-align: left;\">Diversas Skins de empresas reais<\/li>\n<li style=\"text-align: left;\">Template skin.<\/li>\n<\/ul>\n<\/td>\n<\/tr>\n<\/tbody>\n<\/table>\n<table>\n<thead>\n<tr>\n<td style=\"text-align: left;\">Acess\u00f3rios e Customiz\u00e1veis: Na Cabine<\/td>\n<\/tr>\n<\/thead>\n<tbody>\n<tr>\n<td>\n<ul>\n<li style=\"text-align: left;\">4 Varia\u00e7\u00f5es de para-choques (Pint\u00e1vel\/Cinza)(Modelo 1634 com opcional de bigodinho)<\/li>\n<li style=\"text-align: left;\">2 Varia\u00e7\u00f5es de far\u00f3is de milha (Alto\/Baixo)<\/li>\n<li style=\"text-align: left;\">4 varia\u00e7\u00f5es de grande frontal (Nova\/antiga) (Pint\u00e1vel\/Cinza)<\/li>\n<li style=\"text-align: left;\">3 Varia\u00e7\u00f5es de defletor do cap\u00f4<\/li>\n<li style=\"text-align: left;\">4 Varia\u00e7\u00f5es de para-sol (Com\/Sem logo) (Pint\u00e1vel\/Cinza)<\/li>\n<li style=\"text-align: left;\">3 Slots de Foguinho no para-sol (2 op\u00e7\u00f5es de posi\u00e7\u00e3o)<\/li>\n<li style=\"text-align: left;\">1 Slots de letreiro edit\u00e1vel no para-sol (2 posi\u00e7\u00f5es)<\/li>\n<li style=\"text-align: left;\">4 Varia\u00e7\u00f5es de rodoar (4&#215;2 e 6&#215;2) (aberto e fechado)<\/li>\n<li style=\"text-align: left;\">4 Slots de antenas realistas (2 frontais\/2 traseiras)<\/li>\n<li style=\"text-align: left;\">1 Adesivo de vidro edit\u00e1vel<\/li>\n<li style=\"text-align: left;\">2 Modelos de retrovisor (originais e paralelos)<\/li>\n<li style=\"text-align: left;\">2 Slots do boneco da Michelin no retrovisor<\/li>\n<li style=\"text-align: left;\">2 Varia\u00e7\u00f5es de climatizador (Com e sem escada)<\/li>\n<li style=\"text-align: left;\">3 Varia\u00e7\u00f5es de defletor de cabine<\/li>\n<li>5 Varia\u00e7\u00f5es do refletor atr\u00e1s da cabine (Cores)<\/li>\n<li>4 Buzinas Mar\u00edtimas<\/li>\n<\/ul>\n<\/td>\n<\/tr>\n<\/tbody>\n<\/table>\n<table>\n<thead>\n<tr>\n<td style=\"text-align: left;\">Acess\u00f3rios e Customiz\u00e1veis: No Interior<\/td>\n<\/tr>\n<\/thead>\n<tbody>\n<tr>\n<td style=\"text-align: left;\">\n<ul>\n<li>1 Slot de r\u00e1dio PX no interior<\/li>\n<li>2 Varia\u00e7\u00f5es de cortinas<\/li>\n<li>5 Varia\u00e7\u00f5es de luz de cabine<\/li>\n<li>1 Slot de CD Player no painel<\/li>\n<li>2 Varia\u00e7\u00f5es de cama<\/li>\n<li>2 Varia\u00e7\u00f5es de painel de comando (Com e sem medidos de rodoar)<\/li>\n<\/ul>\n<\/td>\n<\/tr>\n<\/tbody>\n<\/table>\n<table>\n<thead>\n<tr>\n<td style=\"text-align: left;\">Acess\u00f3rios e Customiz\u00e1veis: No Chassis<\/td>\n<\/tr>\n<\/thead>\n<tbody>\n<tr>\n<td style=\"text-align: left;\">\n<ul>\n<li>4 Varia\u00e7\u00f5es de escapamento (Original e diretos cromados)<\/li>\n<li>19 Varia\u00e7\u00f5es de tanques (Pl\u00e1stico originais e Inox)<\/li>\n<li>12 Varia\u00e7\u00f5es de tanques Auxiliares (Paralelo 27)<\/li>\n<li>8 Varia\u00e7\u00f5es de para-lamas traseiros (originais, paralelos e pint\u00e1veis)<\/li>\n<li>14 Varia\u00e7\u00f5es de lameiros traseiros (originais, pintados e edit\u00e1vel)<\/li>\n<li>2 op\u00e7\u00f5es de suporte de mangueiras (Original\/Com tanque hidr\u00e1ulico)<\/li>\n<li>Placas de ADR (R\u00f3tulos de Risco e Pain\u00e9is de Seguran\u00e7a)<\/li>\n<li>Rodas e cubos originais MB (Incluindo cubo HL7)<\/li>\n<li>Calotas 3 e 5 pontas<\/li>\n<\/ul>\n<\/td>\n<\/tr>\n<\/tbody>\n<\/table>\n<table>\n<thead>\n<tr>\n<td style=\"text-align: left;\">Compatibilidade<\/td>\n<\/tr>\n<\/thead>\n<tbody>\n<tr>\n<td style=\"text-align: left;\">\n<ul>\n<li>Concession\u00e1ria Mercedes-Benz<\/li>\n<\/ul>\n<\/td>\n<\/tr>\n<\/tbody>\n<tfoot>\n<tr>\n<td>Alguns mods podem mudar as defini\u00e7\u00f5es padr\u00f5es das concession\u00e1rias do jogo sem aviso pr\u00e9vio e pode fazer com que o mod aqui oferecido deixe de funcionar corretamente, tal condi\u00e7\u00e3o n\u00e3o \u00e9\u00a0 de responsabilidade da RCTEAM, ao comprar o mod voc\u00ea concorda com essa condi\u00e7\u00e3o.<\/td>\n<\/tr>\n<tr style=\"background-color: rgba(255,84,85,1.00);\">\n<td>N\u00e3o daremos suporte a conflitos com outros mods de terceiros ou que afetem a estrutura base do jogo Euro truck Simulator 2<\/td>\n<\/tr>\n<\/tfoot>\n<\/table>\n<table>\n<thead>\n<tr>\n<td style=\"text-align: left;\">Prazo de Entrega e Forma de Envio<\/td>\n<\/tr>\n<\/thead>\n<tbody>\n<tr>\n<td style=\"text-align: left;\">\n<ul>\n<li>Em at\u00e9 2 dias \u00fateis ap\u00f3s a confirma\u00e7\u00e3o do pagamento pela empresa administradora de pagamento.<\/li>\n<li>Arquivo digital (Compartilhamento via Google Drive)<\/li>\n<\/ul>\n<\/td>\n<\/tr>\n<\/tbody>\n<tfoot>\n<tr>\n<td><em>Uma Conta Gmail \u00e9 obrigat\u00f3ria para o recebimento do mod.<\/em><\/td>\n<\/tr>\n<\/tfoot>\n<\/table>\n<table>\n<thead>\n<tr>\n<td style=\"text-align: left;\">Normas de uso<\/td>\n<\/tr>\n<\/thead>\n<tbody>\n<tr>\n<td style=\"text-align: left;\">\n<ul>\n<li>Venda apenas para uso individual do comprador. \u00c9 vetada a edi\u00e7\u00e3o, compartilhamento, distribui\u00e7\u00e3o, doa\u00e7\u00e3o, troca ou revenda da modifica\u00e7\u00e3o.<\/li>\n<li>N\u00e3o mudaremos dados de e-mails dos compradores ap\u00f3s o envio. Exceto se o mesmo for cancelado pelo Google e n\u00e3o seja mais poss\u00edvel enviar atualiza\u00e7\u00f5es.<\/li>\n<\/ul>\n<\/td>\n<\/tr>\n<\/tbody>\n<\/table>\n","protected":false},"excerpt":{"rendered":"<p>Dois caminh\u00f5es \u00fanicos e uma experi\u00eancia de condu\u00e7\u00e3o diferenciada fazem do LS 1632 e do LS 1634 caminh\u00f5es excelentes para motoristas mais experientes e que se aventuram em caminh\u00f5es mais antigos.<\/p>\n<p>Com base em cat\u00e1logos e pesquisas buscamos oferecer o m\u00e1ximo de realismo nos modelos, um interior \u00fanico e acess\u00f3rios diversos far\u00e3o voc\u00ea voltar ao final dos anos 90 em suas viagens no ETS 2.<\/p>\n","protected":false},"featured_media":21390,"template":"","meta":{"_acf_changed":false,"_seopress_robots_primary_cat":"none","_seopress_titles_title":"Caminh\u00e3o Mercedes-Bens LS 1634 e LS 1632 para ETS 2","_seopress_titles_desc":"Uma experi\u00eancia de condu\u00e7\u00e3o diferenciada fazem do LS 1634 e do LS 1632 caminh\u00f5es excelentes para a sua simula\u00e7\u00e3o no ETS 2","_seopress_robots_index":""},"product_brand":[],"product_cat":[86],"product_tag":[93,94,27,90,89,92,91,22],"class_list":{"0":"post-5907","1":"product","2":"type-product","3":"status-publish","4":"has-post-thumbnail","6":"product_cat-caminhoes","7":"product_tag-ets2brasil","8":"product_tag-ets2mods","9":"product_tag-euro-truck-simulator-2","10":"product_tag-ls-1634","11":"product_tag-mercedes-benz","12":"product_tag-mod","13":"product_tag-truck","14":"product_tag-victor-rodrigues","16":"first","17":"instock","18":"sale","19":"featured","20":"shipping-taxable","21":"purchasable","22":"product-type-simple"},"acf":[],"_links":{"self":[{"href":"https:\/\/rcteam.com.br\/rcshop\/wp-json\/wp\/v2\/product\/5907","targetHints":{"allow":["GET"]}}],"collection":[{"href":"https:\/\/rcteam.com.br\/rcshop\/wp-json\/wp\/v2\/product"}],"about":[{"href":"https:\/\/rcteam.com.br\/rcshop\/wp-json\/wp\/v2\/types\/product"}],"wp:featuredmedia":[{"embeddable":true,"href":"https:\/\/rcteam.com.br\/rcshop\/wp-json\/wp\/v2\/media\/21390"}],"wp:attachment":[{"href":"https:\/\/rcteam.com.br\/rcshop\/wp-json\/wp\/v2\/media?parent=5907"}],"wp:term":[{"taxonomy":"product_brand","embeddable":true,"href":"https:\/\/rcteam.com.br\/rcshop\/wp-json\/wp\/v2\/product_brand?post=5907"},{"taxonomy":"product_cat","embeddable":true,"href":"https:\/\/rcteam.com.br\/rcshop\/wp-json\/wp\/v2\/product_cat?post=5907"},{"taxonomy":"product_tag","embeddable":true,"href":"https:\/\/rcteam.com.br\/rcshop\/wp-json\/wp\/v2\/product_tag?post=5907"}],"curies":[{"name":"wp","href":"https:\/\/api.w.org\/{rel}","templated":true}]}}