{"id":7122,"date":"2019-07-27T10:33:55","date_gmt":"2019-07-27T13:33:55","guid":{"rendered":"https:\/\/rcteam.com.br\/rcshop\/?post_type=product&#038;p=7122"},"modified":"2024-12-26T03:33:55","modified_gmt":"2024-12-26T06:33:55","slug":"volvo-fm-2015-ets-2","status":"publish","type":"product","link":"https:\/\/rcteam.com.br\/rcshop\/produto\/volvo-fm-2015-ets-2\/","title":{"rendered":"Volvo FM 2015 &#8211; ETS 2 &#8211; Licen\u00e7a Permanente"},"content":{"rendered":"<p>Lan\u00e7amos o Volvo FM 2015 com caracter\u00edsticas brasileiras, um caminh\u00e3o tecnol\u00f3gico e inovador.<\/p>\n<p>O mod que seria uma edi\u00e7\u00e3o exclusiva para alguns compradores do Mapa RCBRASIL tomou uma forma incr\u00edvel de qualidade, op\u00e7\u00f5es de aplicabilidade e ficou t\u00e3o bom que veio para nossa loja virtual.<\/p>\n<p>O modelo conta com varia\u00e7\u00f5es de chassis e cabines, algo novo para o modelo brasileiro no ETS 2 e na recentemente ganhou a configura\u00e7\u00e3o plataforma com duas carrocerias.<\/p>\n<table>\n<thead>\n<tr>\n<td style=\"text-align: left;\">Cabine e Interior<\/td>\n<\/tr>\n<\/thead>\n<tbody>\n<tr>\n<td style=\"text-align: left;\">\n<ul>\n<li>Sleeper Globettoter (Teto Alto);<\/li>\n<li>Sleeper (Teto baixo);<\/li>\n<li>DayCab (Sem leito).<\/li>\n<\/ul>\n<\/td>\n<\/tr>\n<\/tbody>\n<\/table>\n<table>\n<thead>\n<tr>\n<td style=\"text-align: left;\">Chassis<\/td>\n<\/tr>\n<\/thead>\n<tbody>\n<tr>\n<td style=\"text-align: left;\">\n<ul>\n<li>4&#215;2 (Brasileiro);<\/li>\n<li>6&#215;2 (Brasileiro);<\/li>\n<li>6&#215;4 (Brasileiro);<\/li>\n<li>6&#215;2 R\u00edgido (Ba\u00fa e C\u00e2mara Fria);<\/li>\n<li>6&#215;4 R\u00eddigo (Ba\u00fa e C\u00e2mara Fria).<\/li>\n<\/ul>\n<\/td>\n<\/tr>\n<\/tbody>\n<\/table>\n<table>\n<thead>\n<tr>\n<td style=\"text-align: left;\">Motores<\/td>\n<\/tr>\n<\/thead>\n<tbody>\n<tr>\n<td style=\"text-align: left;\">\n<ul>\n<li>Motor D11C370 &#8211; 370 CV<\/li>\n<li>Motor D13C380 &#8211; 380 CV<\/li>\n<li>Motor D13K420 &#8211; 420 CV<\/li>\n<li>Motor D13K460 &#8211; 460 CV<\/li>\n<li>Motor D13K500 &#8211; 500 CV<\/li>\n<\/ul>\n<\/td>\n<\/tr>\n<\/tbody>\n<\/table>\n<table>\n<thead>\n<tr>\n<td style=\"text-align: left;\">Caixa de Marchas<\/td>\n<\/tr>\n<\/thead>\n<tbody>\n<tr>\n<td style=\"text-align: left;\">\n<ul>\n<li>AT2412D I-Shift \/ Dif 3.10 \/ 12 Velocidades<\/li>\n<li>ATO2612D I-Shift Overdrive \/ Dif 3.61 \/ 12 Velocidades<\/li>\n<li>VT2214B \/ Dif 3.10 \/ 14 Velocidades<\/li>\n<li>VT2214B \/ Dif 4.12 \/ 14 Velocidades<\/li>\n<li>VT2214B \/ Dif 3.67 \/ 14 Velocidades<\/li>\n<\/ul>\n<\/td>\n<\/tr>\n<\/tbody>\n<\/table>\n<table>\n<thead>\n<tr>\n<td style=\"text-align: left;\">Intera\u00e7\u00e3o com o jogo<\/td>\n<\/tr>\n<\/thead>\n<tbody>\n<tr>\n<td style=\"text-align: left;\">\n<ul>\n<li>Compat\u00edvel com a DLC\u2019s de acess\u00f3rios da SCS (N\u00e3o inclusa);<\/li>\n<li>Customiza\u00e7\u00e3o de pinturas no gerenciador;<\/li>\n<li>slot de template skin.<\/li>\n<\/ul>\n<\/td>\n<\/tr>\n<\/tbody>\n<\/table>\n<table>\n<thead>\n<tr>\n<td style=\"text-align: left;\">Acess\u00f3rios e Customiz\u00e1veis: Na Cabine<\/td>\n<\/tr>\n<\/thead>\n<tbody>\n<tr>\n<td style=\"text-align: left;\">\n<ul>\n<li>4 Varia\u00e7\u00f5es de Para-choques (Pint\u00e1vel\/Cinza)<\/li>\n<li>2 Varia\u00e7\u00f5es de Grade Frontal (Pint\u00e1vel\/Cinza)<\/li>\n<li>2 Varia\u00e7\u00f5es de Frisos frontais (Pint\u00e1vel\/Cinza)<\/li>\n<li>2 Varia\u00e7\u00f5es de Para-sol (Pint\u00e1vel\/Cinza)<\/li>\n<li>2 Varia\u00e7\u00f5es Adesivo do teto (Globetrotter\/Edit\u00e1vel)<\/li>\n<li>1 Varia\u00e7\u00e3o de Climatizador<\/li>\n<li>1 Varia\u00e7\u00e3o de Rastreador<\/li>\n<li>4 Varia\u00e7\u00f5es de Defletor de cabine<\/li>\n<li>2 Slots de Antenas Realistas (Atr\u00e1s da Cabine)<\/li>\n<li>2 Varia\u00e7\u00f5es do Para-lama dianteiro (Pint\u00e1vel\/Cinza)<\/li>\n<li>2 Varia\u00e7\u00f5es de Retrovisor (Pint\u00e1vel\/Cinza)<\/li>\n<li>1 Letreiro no Para-sol edit\u00e1vel<\/li>\n<li>1 Slot de adesivo de Vidros<\/li>\n<li>2 Slots de Buzinas<\/li>\n<\/ul>\n<\/td>\n<\/tr>\n<\/tbody>\n<\/table>\n<table>\n<thead>\n<tr>\n<td style=\"text-align: left;\">Acess\u00f3rios e Customiz\u00e1veis: No Interior<\/td>\n<\/tr>\n<\/thead>\n<tbody>\n<tr>\n<td style=\"text-align: left;\">\n<ul>\n<li>1 Slot de r\u00e1dio PX no interior<\/li>\n<li>2 Varia\u00e7\u00f5es de cama<\/li>\n<li>1 Varia\u00e7\u00e3o de R\u00e1dio<\/li>\n<li>2 Varia\u00e7\u00f5es de Cortinas<\/li>\n<li>5 Varia\u00e7\u00f5es Luz Interna (Cores)<\/li>\n<\/ul>\n<\/td>\n<\/tr>\n<\/tbody>\n<\/table>\n<table>\n<thead>\n<tr>\n<td style=\"text-align: left;\">Acess\u00f3rios e Customiz\u00e1veis: No Chassis<\/td>\n<\/tr>\n<\/thead>\n<tbody>\n<tr>\n<td style=\"text-align: left;\">\n<ul>\n<li>1 Escapamento Original<\/li>\n<li>2 Varia\u00e7\u00f5es de Tanque Original<\/li>\n<li>2 Varia\u00e7\u00f5es de Tanque Inox quadrado<\/li>\n<li>2 Varia\u00e7\u00f5es de Tanque Inox Redondo<\/li>\n<li>10 varia\u00e7\u00f5es de lameir\u00e3o<\/li>\n<li>1 Slot de lameir\u00e3o edit\u00e1vel<\/li>\n<li>2 Modelos de Para-lamas traseiros<\/li>\n<li>1 Slot de Tanque Hidr\u00e1ulico<\/li>\n<li>1 Slot de Compressor de ar<\/li>\n<li>2 Slots Escapamentos Direto<\/li>\n<li>2 Varia\u00e7\u00f5es de Ba\u00fas furg\u00e3o para o truck<\/li>\n<li>2 Varia\u00e7\u00f5es de C\u00e2mara Fria para o truck<\/li>\n<\/ul>\n<\/td>\n<\/tr>\n<\/tbody>\n<\/table>\n<table>\n<thead>\n<tr>\n<td style=\"text-align: left;\">Compatibilidade<\/td>\n<\/tr>\n<\/thead>\n<tbody>\n<tr>\n<td style=\"text-align: left;\">\n<ul>\n<li>Concession\u00e1ria Volvo<\/li>\n<\/ul>\n<\/td>\n<\/tr>\n<\/tbody>\n<tfoot>\n<tr>\n<td>Alguns mods podem mudar as defini\u00e7\u00f5es padr\u00f5es das concession\u00e1rias do jogo sem aviso pr\u00e9vio e pode fazer com que o mod aqui oferecido deixe de funcionar corretamente, tal condi\u00e7\u00e3o n\u00e3o \u00e9\u00a0 de responsabilidade da RCTEAM, ao comprar o mod voc\u00ea concorda com essa condi\u00e7\u00e3o.<\/td>\n<\/tr>\n<tr style=\"background-color: rgba(255,84,85,1.00);\">\n<td>N\u00e3o daremos suporte a conflitos com outros mods de terceiros ou que afetem a estrutura base do jogo Euro truck Simulator 2<\/td>\n<\/tr>\n<\/tfoot>\n<\/table>\n<table>\n<thead>\n<tr>\n<td style=\"text-align: left;\">Prazo de Entrega e Forma de Envio<\/td>\n<\/tr>\n<\/thead>\n<tbody>\n<tr>\n<td style=\"text-align: left;\">\n<ul>\n<li>Em at\u00e9 2 dias \u00fateis ap\u00f3s a confirma\u00e7\u00e3o do pagamento pela empresa administradora de pagamento.<\/li>\n<li>Arquivo digital (Compartilhamento via Google Drive)<\/li>\n<\/ul>\n<\/td>\n<\/tr>\n<\/tbody>\n<tfoot>\n<tr>\n<td><em>Uma Conta Gmail \u00e9 obrigat\u00f3ria para o recebimento do mod.<\/em><\/td>\n<\/tr>\n<\/tfoot>\n<\/table>\n<table>\n<thead>\n<tr>\n<td style=\"text-align: left;\">Normas de uso<\/td>\n<\/tr>\n<\/thead>\n<tbody>\n<tr>\n<td style=\"text-align: left;\">\n<ul>\n<li>Venda apenas para uso individual do comprador. \u00c9 vetada a edi\u00e7\u00e3o, compartilhamento, distribui\u00e7\u00e3o, doa\u00e7\u00e3o, troca ou revenda da modifica\u00e7\u00e3o.<\/li>\n<li>N\u00e3o mudaremos dados de e-mails dos compradores ap\u00f3s o envio. Exceto se o mesmo for cancelado pelo Google e n\u00e3o seja mais poss\u00edvel enviar atualiza\u00e7\u00f5es.<\/li>\n<\/ul>\n<\/td>\n<\/tr>\n<\/tbody>\n<\/table>\n","protected":false},"excerpt":{"rendered":"<p>Lan\u00e7amos o Volvo FM 2015 com caracter\u00edsticas brasileiras, um caminh\u00e3o tecnol\u00f3gico e inovador.<\/p>\n<p>O mod que seria uma edi\u00e7\u00e3o exclusiva para alguns compradores do Mapa RCBRASIL tomou uma forma incr\u00edvel de qualidade, op\u00e7\u00f5es de aplicabilidade e ficou t\u00e3o bom que veio para nossa loja virtual.<\/p>\n<p>O modelo conta com varia\u00e7\u00f5es de chassis e cabines, algo novo para o modelo brasileiro no ETS 2 e na recentemente ganhou a configura\u00e7\u00e3o plataforma com duas carrocerias.<\/p>\n","protected":false},"featured_media":10561,"template":"","meta":{"_acf_changed":false,"_seopress_robots_primary_cat":"none","_seopress_titles_title":"Mod Volvo FM 2015 Brasileiro para Euro Truck Simulator 2","_seopress_titles_desc":"O mod de Volvo FM 2015 mais incr\u00edvel que voc\u00ea vai conhecer e melhor Brasileiro para Euro Truck Simulator 2","_seopress_robots_index":""},"product_brand":[],"product_cat":[208],"product_tag":[93,94,27,97,92,98,124,91,22,96],"class_list":{"0":"post-7122","1":"product","2":"type-product","3":"status-publish","4":"has-post-thumbnail","6":"product_cat-descontinuados","7":"product_tag-ets2brasil","8":"product_tag-ets2mods","9":"product_tag-euro-truck-simulator-2","10":"product_tag-fm-2015","11":"product_tag-mod","12":"product_tag-novo-fm","13":"product_tag-siebel3d","14":"product_tag-truck","15":"product_tag-victor-rodrigues","16":"product_tag-volvo","18":"first","19":"outofstock","20":"shipping-taxable","21":"purchasable","22":"product-type-simple"},"acf":[],"_links":{"self":[{"href":"https:\/\/rcteam.com.br\/rcshop\/wp-json\/wp\/v2\/product\/7122","targetHints":{"allow":["GET"]}}],"collection":[{"href":"https:\/\/rcteam.com.br\/rcshop\/wp-json\/wp\/v2\/product"}],"about":[{"href":"https:\/\/rcteam.com.br\/rcshop\/wp-json\/wp\/v2\/types\/product"}],"wp:featuredmedia":[{"embeddable":true,"href":"https:\/\/rcteam.com.br\/rcshop\/wp-json\/wp\/v2\/media\/10561"}],"wp:attachment":[{"href":"https:\/\/rcteam.com.br\/rcshop\/wp-json\/wp\/v2\/media?parent=7122"}],"wp:term":[{"taxonomy":"product_brand","embeddable":true,"href":"https:\/\/rcteam.com.br\/rcshop\/wp-json\/wp\/v2\/product_brand?post=7122"},{"taxonomy":"product_cat","embeddable":true,"href":"https:\/\/rcteam.com.br\/rcshop\/wp-json\/wp\/v2\/product_cat?post=7122"},{"taxonomy":"product_tag","embeddable":true,"href":"https:\/\/rcteam.com.br\/rcshop\/wp-json\/wp\/v2\/product_tag?post=7122"}],"curies":[{"name":"wp","href":"https:\/\/api.w.org\/{rel}","templated":true}]}}