{"id":8452,"date":"2019-12-19T19:28:48","date_gmt":"2019-12-19T22:28:48","guid":{"rendered":"https:\/\/rcteam.com.br\/rcshop\/?post_type=product&#038;p=8452"},"modified":"2025-02-21T15:45:07","modified_gmt":"2025-02-21T18:45:07","slug":"bau-furgao-2010-randon-ets-2","status":"publish","type":"product","link":"https:\/\/rcteam.com.br\/rcshop\/produto\/bau-furgao-2010-randon-ets-2\/","title":{"rendered":"Furg\u00e3o 2010 Randon &#8211; ETS 2"},"content":{"rendered":"<p>A nossa linha Furg\u00e3o Carga Seca Randon \u00e9 baseada na linha de montagem da implementadora brasileira entre os anos 2007 e 2010 e para a cria\u00e7\u00e3o buscamos o m\u00e1ximo de conhecimento sobre os modelos produzidos\u00a0 para oferecer mais fidelidade em rela\u00e7\u00e3o ao modelo real e o resultado \u00e9 um mod repleto de detalhes incr\u00edveis e leve.<\/p>\n<table>\n<thead>\n<tr>\n<td style=\"text-align: left;\">Chassis:<\/td>\n<\/tr>\n<\/thead>\n<tbody>\n<tr>\n<td style=\"text-align: left;\">\n<ul>\n<li>3 Eixos 22 Paletes (Deslizante Recolhido)<\/li>\n<li>3 Eixos 26 Paletes<\/li>\n<li>3 Eixos 28 Paletes<\/li>\n<li>9 Eixos 48 Paletes (Bitrenz\u00e3o)<\/li>\n<\/ul>\n<\/td>\n<\/tr>\n<\/tbody>\n<\/table>\n<table>\n<thead>\n<tr>\n<td style=\"text-align: left;\">Caixa de Carga<\/td>\n<\/tr>\n<\/thead>\n<tbody>\n<tr>\n<td style=\"text-align: left;\">\n<ul>\n<li>Ba\u00fa Furg\u00e3o<\/li>\n<\/ul>\n<\/td>\n<\/tr>\n<\/tbody>\n<\/table>\n<table>\n<thead>\n<tr>\n<td style=\"text-align: left;\">Varia\u00e7\u00f5es de Cores<\/td>\n<\/tr>\n<\/thead>\n<tbody>\n<tr>\n<td style=\"text-align: left;\">\n<ul>\n<li>Cor edit\u00e1vel padr\u00e3o do game;<\/li>\n<li>Template Skins;<\/li>\n<li>Algumas pinturas de empresas brasileiras variadas.<\/li>\n<\/ul>\n<\/td>\n<\/tr>\n<\/tbody>\n<\/table>\n<table>\n<thead>\n<tr>\n<td style=\"text-align: left;\">Acess\u00f3rios<\/td>\n<\/tr>\n<\/thead>\n<tbody>\n<tr>\n<td style=\"text-align: left;\">\n<ul>\n<li>Protetores laterais;<\/li>\n<li>Lameiros fixos e animados;<\/li>\n<li>Lameir\u00e3o fixo e animado;<\/li>\n<li>Ilumina\u00e7\u00e3o lateral;<\/li>\n<li>Estepes;<\/li>\n<li>Portas traseiras com 2 ou 4 trancas.<\/li>\n<\/ul>\n<\/td>\n<\/tr>\n<\/tbody>\n<\/table>\n<table>\n<thead>\n<tr>\n<td style=\"text-align: left;\">Intera\u00e7\u00e3o no game<\/td>\n<\/tr>\n<\/thead>\n<tbody>\n<tr>\n<td style=\"text-align: left;\">\n<ul>\n<li>Ativo no tr\u00e1fego;<\/li>\n<li>Dispon\u00edvel no Mercado de fretes*<\/li>\n<li>Dispon\u00edvel nas Cargas r\u00e1pidas*<\/li>\n<\/ul>\n<p><em>*\u00a0 <span style=\"color: #3366ff;\">O mod estar\u00e1 dispon\u00edvel no mercado de frete nas cargas que sejam padr\u00f5es do game e em qualquer mapa que ela esteja sendo usada.<\/span><\/em><\/td>\n<\/tr>\n<\/tbody>\n<\/table>\n<table>\n<thead>\n<tr>\n<td style=\"text-align: left;\">Mod compat\u00edvel com os mapas<\/td>\n<\/tr>\n<\/thead>\n<tbody>\n<tr>\n<td style=\"text-align: left;\">\n<ul>\n<li>RCBRASIL (Todas);<\/li>\n<li>Mapa MHA\u00a0(Cargas Originais do jogo);<\/li>\n<li>ProMods\u00a0(Cargas Originais do jogo);<\/li>\n<li>TSM (Cargas Originais do jogo);<\/li>\n<li>Mapa EAA (Cargas Originais do jogo);<\/li>\n<li>Mapa RBR (Cargas Originais do jogo);<\/li>\n<li>Mapa Eldorado (Cargas Originais do jogo);<\/li>\n<\/ul>\n<p>Os implementos s\u00e3o compr\u00e1veis na loja de reboques e est\u00e1 sob a defini\u00e7\u00e3o DRYVAN do BODY_TYPE compat\u00edvel com qualquer carga listada no mesmo.<\/p>\n<p><em><strong>Observa\u00e7\u00e3o:<\/strong> <span style=\"color: #3366ff;\">Os mapas podem mudar as suas defini\u00e7\u00f5es de cargas sem aviso pr\u00e9vio e fazer com que o pack deixe de funcionar , tal condi\u00e7\u00e3o \u00e9 de responsabilidade dos editores dos mapas e n\u00e3o da RCTEAM, ao comprar o mod voc\u00ea concorda com essa condi\u00e7\u00e3o.<\/span><\/em><\/td>\n<\/tr>\n<\/tbody>\n<\/table>\n<table>\n<thead>\n<tr>\n<td style=\"text-align: left;\">Prazo de Entrega e Forma de Envio<\/td>\n<\/tr>\n<\/thead>\n<tbody>\n<tr>\n<td style=\"text-align: left;\">\n<ul>\n<li>Em at\u00e9 2 dias \u00fateis ap\u00f3s a confirma\u00e7\u00e3o do pagamento pela empresa administradora de pagamento.<\/li>\n<li>Arquivo digital (Compartilhamento via Google Drive)<\/li>\n<\/ul>\n<\/td>\n<\/tr>\n<\/tbody>\n<tfoot>\n<tr>\n<td><em>Uma Conta Gmail \u00e9 obrigat\u00f3ria para o recebimento do mod.<\/em><\/td>\n<\/tr>\n<\/tfoot>\n<\/table>\n<table>\n<thead>\n<tr>\n<td style=\"text-align: left;\">Normas de uso<\/td>\n<\/tr>\n<\/thead>\n<tbody>\n<tr>\n<td style=\"text-align: left;\">\n<ul>\n<li>Venda apenas para uso individual do comprador. \u00c9 vetada a edi\u00e7\u00e3o, compartilhamento, distribui\u00e7\u00e3o, doa\u00e7\u00e3o, troca ou revenda da modifica\u00e7\u00e3o.<\/li>\n<li>N\u00e3o mudaremos dados de e-mails dos compradores ap\u00f3s o envio. Exceto se o mesmo for cancelado pelo Google e n\u00e3o seja mais poss\u00edvel enviar atualiza\u00e7\u00f5es.<\/li>\n<\/ul>\n<\/td>\n<\/tr>\n<\/tbody>\n<\/table>\n<p>&nbsp;<\/p>\n\n\t\t<style type=\"text\/css\">\n\t\t\t#gallery-1 {\n\t\t\t\tmargin: auto;\n\t\t\t}\n\t\t\t#gallery-1 .gallery-item {\n\t\t\t\tfloat: left;\n\t\t\t\tmargin-top: 10px;\n\t\t\t\ttext-align: center;\n\t\t\t\twidth: 33%;\n\t\t\t}\n\t\t\t#gallery-1 img {\n\t\t\t\tborder: 2px solid #cfcfcf;\n\t\t\t}\n\t\t\t#gallery-1 .gallery-caption {\n\t\t\t\tmargin-left: 0;\n\t\t\t}\n\t\t\t\/* see gallery_shortcode() in wp-includes\/media.php *\/\n\t\t<\/style>\n\t\t<div id='gallery-1' class='gallery galleryid-8452 gallery-columns-3 gallery-size-medium'><dl class='gallery-item'>\n\t\t\t<dt class='gallery-icon landscape'>\n\t\t\t\t<a href='https:\/\/rcteam.com.br\/rcshop\/?attachment_id=8455'><img loading=\"lazy\" decoding=\"async\" width=\"300\" height=\"127\" src=\"https:\/\/rcteam.com.br\/rcshop\/wp-content\/uploads\/2019\/12\/ets2_20191219_212129_00-300x127.png\" class=\"attachment-medium size-medium\" alt=\"Furg\u00e3o 2010 Randon - ETS 2\" srcset=\"https:\/\/rcteam.com.br\/rcshop\/wp-content\/uploads\/2019\/12\/ets2_20191219_212129_00-300x127.png 300w, https:\/\/rcteam.com.br\/rcshop\/wp-content\/uploads\/2019\/12\/ets2_20191219_212129_00-600x253.png 600w, https:\/\/rcteam.com.br\/rcshop\/wp-content\/uploads\/2019\/12\/ets2_20191219_212129_00-1024x432.png 1024w, https:\/\/rcteam.com.br\/rcshop\/wp-content\/uploads\/2019\/12\/ets2_20191219_212129_00-768x324.png 768w, https:\/\/rcteam.com.br\/rcshop\/wp-content\/uploads\/2019\/12\/ets2_20191219_212129_00-1536x648.png 1536w, https:\/\/rcteam.com.br\/rcshop\/wp-content\/uploads\/2019\/12\/ets2_20191219_212129_00.png 1920w\" sizes=\"auto, (max-width: 300px) 100vw, 300px\" \/><\/a>\n\t\t\t<\/dt><\/dl><dl class='gallery-item'>\n\t\t\t<dt class='gallery-icon landscape'>\n\t\t\t\t<a href='https:\/\/rcteam.com.br\/rcshop\/?attachment_id=8456'><img loading=\"lazy\" decoding=\"async\" width=\"300\" height=\"127\" src=\"https:\/\/rcteam.com.br\/rcshop\/wp-content\/uploads\/2019\/12\/ets2_20191219_002147_00-300x127.png\" class=\"attachment-medium size-medium\" alt=\"Furg\u00e3o 2010 Randon - ETS 2\" srcset=\"https:\/\/rcteam.com.br\/rcshop\/wp-content\/uploads\/2019\/12\/ets2_20191219_002147_00-300x127.png 300w, https:\/\/rcteam.com.br\/rcshop\/wp-content\/uploads\/2019\/12\/ets2_20191219_002147_00-600x253.png 600w, https:\/\/rcteam.com.br\/rcshop\/wp-content\/uploads\/2019\/12\/ets2_20191219_002147_00-1024x432.png 1024w, https:\/\/rcteam.com.br\/rcshop\/wp-content\/uploads\/2019\/12\/ets2_20191219_002147_00-768x324.png 768w, https:\/\/rcteam.com.br\/rcshop\/wp-content\/uploads\/2019\/12\/ets2_20191219_002147_00-1536x648.png 1536w, https:\/\/rcteam.com.br\/rcshop\/wp-content\/uploads\/2019\/12\/ets2_20191219_002147_00.png 1920w\" sizes=\"auto, (max-width: 300px) 100vw, 300px\" \/><\/a>\n\t\t\t<\/dt><\/dl><dl class='gallery-item'>\n\t\t\t<dt class='gallery-icon landscape'>\n\t\t\t\t<a href='https:\/\/rcteam.com.br\/rcshop\/?attachment_id=8457'><img loading=\"lazy\" decoding=\"async\" width=\"300\" height=\"127\" src=\"https:\/\/rcteam.com.br\/rcshop\/wp-content\/uploads\/2019\/12\/ets2_20191218_221821_00-300x127.png\" class=\"attachment-medium size-medium\" alt=\"Furg\u00e3o 2010 Randon - ETS 2\" srcset=\"https:\/\/rcteam.com.br\/rcshop\/wp-content\/uploads\/2019\/12\/ets2_20191218_221821_00-300x127.png 300w, https:\/\/rcteam.com.br\/rcshop\/wp-content\/uploads\/2019\/12\/ets2_20191218_221821_00-600x253.png 600w, https:\/\/rcteam.com.br\/rcshop\/wp-content\/uploads\/2019\/12\/ets2_20191218_221821_00-1024x432.png 1024w, https:\/\/rcteam.com.br\/rcshop\/wp-content\/uploads\/2019\/12\/ets2_20191218_221821_00-768x324.png 768w, https:\/\/rcteam.com.br\/rcshop\/wp-content\/uploads\/2019\/12\/ets2_20191218_221821_00-1536x648.png 1536w, https:\/\/rcteam.com.br\/rcshop\/wp-content\/uploads\/2019\/12\/ets2_20191218_221821_00.png 1920w\" sizes=\"auto, (max-width: 300px) 100vw, 300px\" \/><\/a>\n\t\t\t<\/dt><\/dl><br style=\"clear: both\" \/><dl class='gallery-item'>\n\t\t\t<dt class='gallery-icon landscape'>\n\t\t\t\t<a href='https:\/\/rcteam.com.br\/rcshop\/?attachment_id=8458'><img loading=\"lazy\" decoding=\"async\" width=\"300\" height=\"127\" src=\"https:\/\/rcteam.com.br\/rcshop\/wp-content\/uploads\/2019\/12\/ets2_20191219_213217_00-300x127.png\" class=\"attachment-medium size-medium\" alt=\"Furg\u00e3o 2010 Randon - ETS 2\" srcset=\"https:\/\/rcteam.com.br\/rcshop\/wp-content\/uploads\/2019\/12\/ets2_20191219_213217_00-300x127.png 300w, https:\/\/rcteam.com.br\/rcshop\/wp-content\/uploads\/2019\/12\/ets2_20191219_213217_00-600x253.png 600w, https:\/\/rcteam.com.br\/rcshop\/wp-content\/uploads\/2019\/12\/ets2_20191219_213217_00-1024x432.png 1024w, https:\/\/rcteam.com.br\/rcshop\/wp-content\/uploads\/2019\/12\/ets2_20191219_213217_00-768x324.png 768w, https:\/\/rcteam.com.br\/rcshop\/wp-content\/uploads\/2019\/12\/ets2_20191219_213217_00-1536x648.png 1536w, https:\/\/rcteam.com.br\/rcshop\/wp-content\/uploads\/2019\/12\/ets2_20191219_213217_00.png 1920w\" sizes=\"auto, (max-width: 300px) 100vw, 300px\" \/><\/a>\n\t\t\t<\/dt><\/dl><dl class='gallery-item'>\n\t\t\t<dt class='gallery-icon landscape'>\n\t\t\t\t<a href='https:\/\/rcteam.com.br\/rcshop\/?attachment_id=8459'><img loading=\"lazy\" decoding=\"async\" width=\"300\" height=\"127\" src=\"https:\/\/rcteam.com.br\/rcshop\/wp-content\/uploads\/2019\/12\/ets2_20191219_212430_00-300x127.png\" class=\"attachment-medium size-medium\" alt=\"Furg\u00e3o 2010 Randon - ETS 2\" srcset=\"https:\/\/rcteam.com.br\/rcshop\/wp-content\/uploads\/2019\/12\/ets2_20191219_212430_00-300x127.png 300w, https:\/\/rcteam.com.br\/rcshop\/wp-content\/uploads\/2019\/12\/ets2_20191219_212430_00-600x253.png 600w, https:\/\/rcteam.com.br\/rcshop\/wp-content\/uploads\/2019\/12\/ets2_20191219_212430_00-1024x432.png 1024w, https:\/\/rcteam.com.br\/rcshop\/wp-content\/uploads\/2019\/12\/ets2_20191219_212430_00-768x324.png 768w, https:\/\/rcteam.com.br\/rcshop\/wp-content\/uploads\/2019\/12\/ets2_20191219_212430_00-1536x648.png 1536w, https:\/\/rcteam.com.br\/rcshop\/wp-content\/uploads\/2019\/12\/ets2_20191219_212430_00.png 1920w\" sizes=\"auto, (max-width: 300px) 100vw, 300px\" \/><\/a>\n\t\t\t<\/dt><\/dl><dl class='gallery-item'>\n\t\t\t<dt class='gallery-icon landscape'>\n\t\t\t\t<a href='https:\/\/rcteam.com.br\/rcshop\/?attachment_id=8460'><img loading=\"lazy\" decoding=\"async\" width=\"300\" height=\"127\" src=\"https:\/\/rcteam.com.br\/rcshop\/wp-content\/uploads\/2019\/12\/ets2_20191219_212300_00-300x127.png\" class=\"attachment-medium size-medium\" alt=\"Furg\u00e3o 2010 Randon - ETS 2\" srcset=\"https:\/\/rcteam.com.br\/rcshop\/wp-content\/uploads\/2019\/12\/ets2_20191219_212300_00-300x127.png 300w, https:\/\/rcteam.com.br\/rcshop\/wp-content\/uploads\/2019\/12\/ets2_20191219_212300_00-600x253.png 600w, https:\/\/rcteam.com.br\/rcshop\/wp-content\/uploads\/2019\/12\/ets2_20191219_212300_00-1024x432.png 1024w, https:\/\/rcteam.com.br\/rcshop\/wp-content\/uploads\/2019\/12\/ets2_20191219_212300_00-768x324.png 768w, https:\/\/rcteam.com.br\/rcshop\/wp-content\/uploads\/2019\/12\/ets2_20191219_212300_00-1536x648.png 1536w, https:\/\/rcteam.com.br\/rcshop\/wp-content\/uploads\/2019\/12\/ets2_20191219_212300_00.png 1920w\" sizes=\"auto, (max-width: 300px) 100vw, 300px\" \/><\/a>\n\t\t\t<\/dt><\/dl><br style=\"clear: both\" \/>\n\t\t<\/div>\n\n","protected":false},"excerpt":{"rendered":"<p>A nossa linha Furg\u00e3o Carga Seca Randon \u00e9 baseada na linha de montagem da implementadora brasileira entre os anos 2007 e 2010 e para a cria\u00e7\u00e3o buscamos o m\u00e1ximo de conhecimento sobre os modelos produzidos\u00a0 para oferecer mais fidelidade em rela\u00e7\u00e3o ao modelo real e o resultado \u00e9 um mod repleto de detalhes incr\u00edveis e leve.<\/p>\n","protected":false},"featured_media":10564,"template":"","meta":{"_acf_changed":false,"_seopress_robots_primary_cat":"none","_seopress_titles_title":"Ba\u00fa Furg\u00e3o 2010 Randon - Euro Truck Simulator 2","_seopress_titles_desc":"A linha Furg\u00e3o Carga Seca \u00e9 baseada na linha de montagem da implementadora brasileira entre os anos 2007 e 2010 e est\u00e1 dispon\u00edvel para ETS 2","_seopress_robots_index":""},"product_brand":[],"product_cat":[208],"product_tag":[78,26,67,82,93,94,27,79,92,32,23,25,99,22],"class_list":{"0":"post-8452","1":"product","2":"type-product","3":"status-publish","4":"has-post-thumbnail","6":"product_cat-descontinuados","7":"product_tag-bau","8":"product_tag-carretas","9":"product_tag-ets-2","10":"product_tag-ets2","11":"product_tag-ets2brasil","12":"product_tag-ets2mods","13":"product_tag-euro-truck-simulator-2","14":"product_tag-furgao","15":"product_tag-mod","16":"product_tag-pack-de-reboques","17":"product_tag-pack-reboques","18":"product_tag-randon","19":"product_tag-rcteam","20":"product_tag-victor-rodrigues","22":"first","23":"outofstock","24":"shipping-taxable","25":"purchasable","26":"product-type-simple"},"acf":[],"_links":{"self":[{"href":"https:\/\/rcteam.com.br\/rcshop\/wp-json\/wp\/v2\/product\/8452","targetHints":{"allow":["GET"]}}],"collection":[{"href":"https:\/\/rcteam.com.br\/rcshop\/wp-json\/wp\/v2\/product"}],"about":[{"href":"https:\/\/rcteam.com.br\/rcshop\/wp-json\/wp\/v2\/types\/product"}],"wp:featuredmedia":[{"embeddable":true,"href":"https:\/\/rcteam.com.br\/rcshop\/wp-json\/wp\/v2\/media\/10564"}],"wp:attachment":[{"href":"https:\/\/rcteam.com.br\/rcshop\/wp-json\/wp\/v2\/media?parent=8452"}],"wp:term":[{"taxonomy":"product_brand","embeddable":true,"href":"https:\/\/rcteam.com.br\/rcshop\/wp-json\/wp\/v2\/product_brand?post=8452"},{"taxonomy":"product_cat","embeddable":true,"href":"https:\/\/rcteam.com.br\/rcshop\/wp-json\/wp\/v2\/product_cat?post=8452"},{"taxonomy":"product_tag","embeddable":true,"href":"https:\/\/rcteam.com.br\/rcshop\/wp-json\/wp\/v2\/product_tag?post=8452"}],"curies":[{"name":"wp","href":"https:\/\/api.w.org\/{rel}","templated":true}]}}